{"id":1838,"date":"2023-02-07T12:12:08","date_gmt":"2023-02-07T11:12:08","guid":{"rendered":"https:\/\/multisite.mindd.dev\/hap-tiel\/?page_id=1838"},"modified":"2025-01-07T14:08:43","modified_gmt":"2025-01-07T13:08:43","slug":"um-zum-hausarztposten-zu-gehen-oder-nicht-zum-hausarztposten-zu-gehen","status":"publish","type":"page","link":"https:\/\/haptiel.nl\/deutsch\/um-zum-hausarztposten-zu-gehen-oder-nicht-zum-hausarztposten-zu-gehen\/","title":{"rendered":"Zum Hausarztposten gehen oder nicht?"},"content":{"rendered":"\n\n\n<p>Die Notfallpost Allgemeinmediziner Gelders Rivierenland &nbsp;ist f\u00fcr dringende Beschwerden da, die nicht bis zum n\u00e4chsten Tag oder bis nach dem Wochenende warten k\u00f6nnen. Wenn Sie zwischen 17:00 Uhr abends und 08:00 Uhr morgens, an Wochenenden oder Feiertagen dringend einen Hausarzt ben\u00f6tigen, rufen Sie die Hausarztpost an: Rufen Sie 085-580 1100 an.<\/p>\n\n\n\n<p>Gibt es eine lebensbedrohliche Situation? Rufen Sie dann immer die Notrufnummer 112 an.<\/p>\n\n\n\n<p>Haben Sie Zweifel? Dann schauen Sie <a href=\"http:\/\/www.thuisarts.nl\">www.thuisarts.nl<\/a> f\u00fcr weitere Informationen vorbei.<\/p>\n\n\n\n<p>Kommen Sie nicht nur zur Notaufnahme des Hausarztes. Rufen Sie uns immer zuerst an. Unsere Triage-Krankenschwestern helfen Ihnen weiter. Auf diese Weise erhalten Sie die Versorgung, die Sie ben\u00f6tigen.<\/p>\n","protected":false},"excerpt":{"rendered":"<p>Die Notfallpost Allgemeinmediziner Gelders Rivierenland &nbsp;ist f\u00fcr dringende Beschwerden da, die nicht bis zum n\u00e4chsten Tag oder bis nach dem Wochenende warten k\u00f6nnen. Wenn Sie zwischen 17:00 Uhr abends und 08:00 Uhr morgens, an Wochenenden oder Feiertagen dringend einen Hausarzt ben\u00f6tigen, rufen Sie die Hausarztpost an: Rufen Sie 085-580 1100 an. Gibt es eine lebensbedrohliche [&hellip;]<\/p>\n","protected":false},"author":3,"featured_media":0,"parent":0,"menu_order":0,"comment_status":"closed","ping_status":"closed","template":"","meta":{"_acf_changed":false,"_trash_the_other_posts":false,"editor_notices":[],"footnotes":""},"class_list":["post-1838","page","type-page","status-publish","hentry"],"acf":[],"yoast_head":"<!-- This site is optimized with the Yoast SEO plugin v26.6 - https:\/\/yoast.com\/wordpress\/plugins\/seo\/ -->\n<title>Zum Hausarztposten gehen oder nicht? - Huisartsenspoedpost Tiel - Deutsch<\/title>\n<meta name=\"robots\" content=\"index, follow, max-snippet:-1, max-image-preview:large, max-video-preview:-1\" \/>\n<link rel=\"canonical\" href=\"https:\/\/haptiel.nl\/deutsch\/um-zum-hausarztposten-zu-gehen-oder-nicht-zum-hausarztposten-zu-gehen\/\" \/>\n<meta property=\"og:locale\" content=\"de_DE\" \/>\n<meta property=\"og:type\" content=\"article\" \/>\n<meta property=\"og:title\" content=\"Zum Hausarztposten gehen oder nicht? - Huisartsenspoedpost Tiel - Deutsch\" \/>\n<meta property=\"og:description\" content=\"Die Notfallpost Allgemeinmediziner Gelders Rivierenland &nbsp;ist f\u00fcr dringende Beschwerden da, die nicht bis zum n\u00e4chsten Tag oder bis nach dem Wochenende warten k\u00f6nnen. Wenn Sie zwischen 17:00 Uhr abends und 08:00 Uhr morgens, an Wochenenden oder Feiertagen dringend einen Hausarzt ben\u00f6tigen, rufen Sie die Hausarztpost an: Rufen Sie 085-580 1100 an. Gibt es eine lebensbedrohliche [&hellip;]\" \/>\n<meta property=\"og:url\" content=\"https:\/\/haptiel.nl\/deutsch\/um-zum-hausarztposten-zu-gehen-oder-nicht-zum-hausarztposten-zu-gehen\/\" \/>\n<meta property=\"og:site_name\" content=\"Huisartsenspoedpost Tiel - Deutsch\" \/>\n<meta property=\"article:modified_time\" content=\"2025-01-07T13:08:43+00:00\" \/>\n<meta name=\"twitter:card\" content=\"summary_large_image\" \/>\n<meta name=\"twitter:label1\" content=\"Gesch\u00e4tzte Lesezeit\" \/>\n\t<meta name=\"twitter:data1\" content=\"1\u00a0Minute\" \/>\n<script type=\"application\/ld+json\" class=\"yoast-schema-graph\">{\"@context\":\"https:\/\/schema.org\",\"@graph\":[{\"@type\":\"WebPage\",\"@id\":\"https:\/\/haptiel.nl\/deutsch\/um-zum-hausarztposten-zu-gehen-oder-nicht-zum-hausarztposten-zu-gehen\/\",\"url\":\"https:\/\/haptiel.nl\/deutsch\/um-zum-hausarztposten-zu-gehen-oder-nicht-zum-hausarztposten-zu-gehen\/\",\"name\":\"Zum Hausarztposten gehen oder nicht? - Huisartsenspoedpost Tiel - Deutsch\",\"isPartOf\":{\"@id\":\"https:\/\/haptiel.nl\/deutsch\/#website\"},\"datePublished\":\"2023-02-07T11:12:08+00:00\",\"dateModified\":\"2025-01-07T13:08:43+00:00\",\"breadcrumb\":{\"@id\":\"https:\/\/haptiel.nl\/deutsch\/um-zum-hausarztposten-zu-gehen-oder-nicht-zum-hausarztposten-zu-gehen\/#breadcrumb\"},\"inLanguage\":\"de\",\"potentialAction\":[{\"@type\":\"ReadAction\",\"target\":[\"https:\/\/haptiel.nl\/deutsch\/um-zum-hausarztposten-zu-gehen-oder-nicht-zum-hausarztposten-zu-gehen\/\"]}]},{\"@type\":\"BreadcrumbList\",\"@id\":\"https:\/\/haptiel.nl\/deutsch\/um-zum-hausarztposten-zu-gehen-oder-nicht-zum-hausarztposten-zu-gehen\/#breadcrumb\",\"itemListElement\":[{\"@type\":\"ListItem\",\"position\":1,\"name\":\"Home\",\"item\":\"https:\/\/haptiel.nl\/deutsch\/\"},{\"@type\":\"ListItem\",\"position\":2,\"name\":\"Zum Hausarztposten gehen oder nicht?\"}]},{\"@type\":\"WebSite\",\"@id\":\"https:\/\/haptiel.nl\/deutsch\/#website\",\"url\":\"https:\/\/haptiel.nl\/deutsch\/\",\"name\":\"Huisartsenspoedpost Tiel - Deutsch\",\"description\":\"\",\"potentialAction\":[{\"@type\":\"SearchAction\",\"target\":{\"@type\":\"EntryPoint\",\"urlTemplate\":\"https:\/\/haptiel.nl\/deutsch\/?s={search_term_string}\"},\"query-input\":{\"@type\":\"PropertyValueSpecification\",\"valueRequired\":true,\"valueName\":\"search_term_string\"}}],\"inLanguage\":\"de\"}]}<\/script>\n<!-- \/ Yoast SEO plugin. -->","yoast_head_json":{"title":"Zum Hausarztposten gehen oder nicht? - Huisartsenspoedpost Tiel - Deutsch","robots":{"index":"index","follow":"follow","max-snippet":"max-snippet:-1","max-image-preview":"max-image-preview:large","max-video-preview":"max-video-preview:-1"},"canonical":"https:\/\/haptiel.nl\/deutsch\/um-zum-hausarztposten-zu-gehen-oder-nicht-zum-hausarztposten-zu-gehen\/","og_locale":"de_DE","og_type":"article","og_title":"Zum Hausarztposten gehen oder nicht? - Huisartsenspoedpost Tiel - Deutsch","og_description":"Die Notfallpost Allgemeinmediziner Gelders Rivierenland &nbsp;ist f\u00fcr dringende Beschwerden da, die nicht bis zum n\u00e4chsten Tag oder bis nach dem Wochenende warten k\u00f6nnen. Wenn Sie zwischen 17:00 Uhr abends und 08:00 Uhr morgens, an Wochenenden oder Feiertagen dringend einen Hausarzt ben\u00f6tigen, rufen Sie die Hausarztpost an: Rufen Sie 085-580 1100 an. Gibt es eine lebensbedrohliche [&hellip;]","og_url":"https:\/\/haptiel.nl\/deutsch\/um-zum-hausarztposten-zu-gehen-oder-nicht-zum-hausarztposten-zu-gehen\/","og_site_name":"Huisartsenspoedpost Tiel - Deutsch","article_modified_time":"2025-01-07T13:08:43+00:00","twitter_card":"summary_large_image","twitter_misc":{"Gesch\u00e4tzte Lesezeit":"1\u00a0Minute"},"schema":{"@context":"https:\/\/schema.org","@graph":[{"@type":"WebPage","@id":"https:\/\/haptiel.nl\/deutsch\/um-zum-hausarztposten-zu-gehen-oder-nicht-zum-hausarztposten-zu-gehen\/","url":"https:\/\/haptiel.nl\/deutsch\/um-zum-hausarztposten-zu-gehen-oder-nicht-zum-hausarztposten-zu-gehen\/","name":"Zum Hausarztposten gehen oder nicht? - Huisartsenspoedpost Tiel - Deutsch","isPartOf":{"@id":"https:\/\/haptiel.nl\/deutsch\/#website"},"datePublished":"2023-02-07T11:12:08+00:00","dateModified":"2025-01-07T13:08:43+00:00","breadcrumb":{"@id":"https:\/\/haptiel.nl\/deutsch\/um-zum-hausarztposten-zu-gehen-oder-nicht-zum-hausarztposten-zu-gehen\/#breadcrumb"},"inLanguage":"de","potentialAction":[{"@type":"ReadAction","target":["https:\/\/haptiel.nl\/deutsch\/um-zum-hausarztposten-zu-gehen-oder-nicht-zum-hausarztposten-zu-gehen\/"]}]},{"@type":"BreadcrumbList","@id":"https:\/\/haptiel.nl\/deutsch\/um-zum-hausarztposten-zu-gehen-oder-nicht-zum-hausarztposten-zu-gehen\/#breadcrumb","itemListElement":[{"@type":"ListItem","position":1,"name":"Home","item":"https:\/\/haptiel.nl\/deutsch\/"},{"@type":"ListItem","position":2,"name":"Zum Hausarztposten gehen oder nicht?"}]},{"@type":"WebSite","@id":"https:\/\/haptiel.nl\/deutsch\/#website","url":"https:\/\/haptiel.nl\/deutsch\/","name":"Huisartsenspoedpost Tiel - Deutsch","description":"","potentialAction":[{"@type":"SearchAction","target":{"@type":"EntryPoint","urlTemplate":"https:\/\/haptiel.nl\/deutsch\/?s={search_term_string}"},"query-input":{"@type":"PropertyValueSpecification","valueRequired":true,"valueName":"search_term_string"}}],"inLanguage":"de"}]}},"_links":{"self":[{"href":"https:\/\/haptiel.nl\/deutsch\/wp-json\/wp\/v2\/pages\/1838","targetHints":{"allow":["GET"]}}],"collection":[{"href":"https:\/\/haptiel.nl\/deutsch\/wp-json\/wp\/v2\/pages"}],"about":[{"href":"https:\/\/haptiel.nl\/deutsch\/wp-json\/wp\/v2\/types\/page"}],"author":[{"embeddable":true,"href":"https:\/\/haptiel.nl\/deutsch\/wp-json\/wp\/v2\/users\/3"}],"replies":[{"embeddable":true,"href":"https:\/\/haptiel.nl\/deutsch\/wp-json\/wp\/v2\/comments?post=1838"}],"version-history":[{"count":2,"href":"https:\/\/haptiel.nl\/deutsch\/wp-json\/wp\/v2\/pages\/1838\/revisions"}],"predecessor-version":[{"id":4942,"href":"https:\/\/haptiel.nl\/deutsch\/wp-json\/wp\/v2\/pages\/1838\/revisions\/4942"}],"wp:attachment":[{"href":"https:\/\/haptiel.nl\/deutsch\/wp-json\/wp\/v2\/media?parent=1838"}],"curies":[{"name":"wp","href":"https:\/\/api.w.org\/{rel}","templated":true}]}}