{"id":1847,"date":"2023-02-07T12:20:25","date_gmt":"2023-02-07T11:20:25","guid":{"rendered":"https:\/\/multisite.mindd.dev\/hap-tiel\/?page_id=1847"},"modified":"2024-12-19T12:36:43","modified_gmt":"2024-12-19T11:36:43","slug":"wie-funktioniert-der-notfall-nach-hausarzten","status":"publish","type":"page","link":"https:\/\/haptiel.nl\/deutsch\/wie-funktioniert-der-notfall-nach-hausarzten\/","title":{"rendered":"Wie funktioniert die GP-Notrufstation?"},"content":{"rendered":"\n\n\n<ol class=\"flow-spacer wp-block-list\">\n<li><strong>F\u00fcr eine Pflege, die nicht warten kann<\/strong><br>Der Notfallposten f\u00fcr Allgemeinmediziner ist f\u00fcr dringende haus\u00e4rztliche Versorgung da, die nicht bis zur Sprechstunde des eigenen Hausarztes warten kann. Der Notfallposten f\u00fcr Allgemeinmediziner ist von Montag bis Freitag von 17:00-08:00 Uhr erreichbar. Wir sind samstags, sonntags und an Feiertagen 24 Stunden am Tag f\u00fcr Sie da.<\/li>\n\n\n\n<li><strong>Rufen Sie uns immer zuerst an<\/strong><br>Ben\u00f6tigen Sie dringend eine haus\u00e4rztliche Versorgung? Dann rufen Sie uns zuerst an. Wir sorgen dann daf\u00fcr, dass Sie die Pflege erhalten, die Sie ben\u00f6tigen. Gibt es eine lebensbedrohliche Situation? Rufen Sie dann immer die Notrufnummer 112 an.<\/li>\n\n\n\n<li><strong>Die Triage-Krankenschwester wird Ihnen weiter helfen<\/strong><br>Wenn Sie uns anrufen, erhalten Sie eine Triage-Krankenschwester in der Leitung. Er oder sie ist speziell geschult, um schnell festzustellen, wie schwerwiegend Ihre Symptome sind. Die Triage-Krankenschwester arbeitet mit dem Hausarzt zusammen. Es gibt drei M\u00f6glichkeiten:<br>\n<ol class=\"wp-block-list\">\n<li>Sie erhalten eine telefonische Beratung: Die Triage-Krankenschwester oder der Allgemeinmediziner geben Ihnen eine Erkl\u00e4rung, mit der Sie selbstst\u00e4ndig weitermachen k\u00f6nnen.<\/li>\n\n\n\n<li>Sie erhalten einen Termin in der Notaufnahme des Hausarztes mit dem Hausarzt oder der Krankenschwester<\/li>\n\n\n\n<li>Der Hausarzt wird Sie besuchen. Dies geschieht nur, wenn Sie zu krank sind, um zur Notaufnahme der Allgemeinmediziner zu kommen.<\/li>\n<\/ol>\n<\/li>\n\n\n\n<li><strong>Halten Sie Ihre Daten bereit<\/strong><br>Wenden Sie sich an die Allgemeinmediziner der Notfallposten? Halten Sie folgende Informationen immer griffbereit:<br>\n<ul class=\"wp-block-list\">\n<li>Ihre B\u00fcrgerservicenummer (BSN)<\/li>\n\n\n\n<li>Die Details Ihrer Krankenversicherung (Policennummer)<\/li>\n\n\n\n<li>Der Name Ihres Hausarztes<\/li>\n\n\n\n<li>Eine \u00dcbersicht \u00fcber die Medikamente, die Sie einnehmen<\/li>\n<\/ul>\n<\/li>\n<\/ol>\n\n\n\n<figure class=\"wp-block-embed aligncenter is-type-video is-provider-vimeo wp-block-embed-vimeo wp-embed-aspect-16-9 wp-has-aspect-ratio\"><div class=\"wp-block-embed__wrapper\">https:\/\/vimeo.com\/264451936<\/div><\/figure>\n","protected":false},"excerpt":{"rendered":"","protected":false},"author":3,"featured_media":0,"parent":0,"menu_order":0,"comment_status":"closed","ping_status":"closed","template":"","meta":{"_acf_changed":false,"_trash_the_other_posts":false,"editor_notices":[],"footnotes":""},"class_list":["post-1847","page","type-page","status-publish","hentry"],"acf":[],"yoast_head":"<!-- This site is optimized with the Yoast SEO plugin v26.6 - https:\/\/yoast.com\/wordpress\/plugins\/seo\/ -->\n<title>Wie funktioniert die GP-Notrufstation? - Huisartsenspoedpost Tiel - Deutsch<\/title>\n<meta name=\"description\" content=\"Erfahren Sie, wie der GP Emergency Post funktioniert. 24\/7 f\u00fcr die Notfallversorgung verf\u00fcgbar. Besuchen Sie die Website f\u00fcr weitere Informationen und Kontaktdaten.\" \/>\n<meta name=\"robots\" content=\"index, follow, max-snippet:-1, max-image-preview:large, max-video-preview:-1\" \/>\n<link rel=\"canonical\" href=\"https:\/\/haptiel.nl\/deutsch\/wie-funktioniert-der-notfall-nach-hausarzten\/\" \/>\n<meta property=\"og:locale\" content=\"de_DE\" \/>\n<meta property=\"og:type\" content=\"article\" \/>\n<meta property=\"og:title\" content=\"Wie funktioniert die GP-Notrufstation? - Huisartsenspoedpost Tiel - Deutsch\" \/>\n<meta property=\"og:description\" content=\"Erfahren Sie, wie der GP Emergency Post funktioniert. 24\/7 f\u00fcr die Notfallversorgung verf\u00fcgbar. Besuchen Sie die Website f\u00fcr weitere Informationen und Kontaktdaten.\" \/>\n<meta property=\"og:url\" content=\"https:\/\/haptiel.nl\/deutsch\/wie-funktioniert-der-notfall-nach-hausarzten\/\" \/>\n<meta property=\"og:site_name\" content=\"Huisartsenspoedpost Tiel - Deutsch\" \/>\n<meta property=\"article:modified_time\" content=\"2024-12-19T11:36:43+00:00\" \/>\n<meta name=\"twitter:card\" content=\"summary_large_image\" \/>\n<meta name=\"twitter:label1\" content=\"Gesch\u00e4tzte Lesezeit\" \/>\n\t<meta name=\"twitter:data1\" content=\"2\u00a0Minuten\" \/>\n<script type=\"application\/ld+json\" class=\"yoast-schema-graph\">{\"@context\":\"https:\/\/schema.org\",\"@graph\":[{\"@type\":\"WebPage\",\"@id\":\"https:\/\/haptiel.nl\/deutsch\/wie-funktioniert-der-notfall-nach-hausarzten\/\",\"url\":\"https:\/\/haptiel.nl\/deutsch\/wie-funktioniert-der-notfall-nach-hausarzten\/\",\"name\":\"Wie funktioniert die GP-Notrufstation? - Huisartsenspoedpost Tiel - Deutsch\",\"isPartOf\":{\"@id\":\"https:\/\/haptiel.nl\/deutsch\/#website\"},\"datePublished\":\"2023-02-07T11:20:25+00:00\",\"dateModified\":\"2024-12-19T11:36:43+00:00\",\"description\":\"Erfahren Sie, wie der GP Emergency Post funktioniert. 24\/7 f\u00fcr die Notfallversorgung verf\u00fcgbar. Besuchen Sie die Website f\u00fcr weitere Informationen und Kontaktdaten.\",\"breadcrumb\":{\"@id\":\"https:\/\/haptiel.nl\/deutsch\/wie-funktioniert-der-notfall-nach-hausarzten\/#breadcrumb\"},\"inLanguage\":\"de\",\"potentialAction\":[{\"@type\":\"ReadAction\",\"target\":[\"https:\/\/haptiel.nl\/deutsch\/wie-funktioniert-der-notfall-nach-hausarzten\/\"]}]},{\"@type\":\"BreadcrumbList\",\"@id\":\"https:\/\/haptiel.nl\/deutsch\/wie-funktioniert-der-notfall-nach-hausarzten\/#breadcrumb\",\"itemListElement\":[{\"@type\":\"ListItem\",\"position\":1,\"name\":\"Home\",\"item\":\"https:\/\/haptiel.nl\/deutsch\/\"},{\"@type\":\"ListItem\",\"position\":2,\"name\":\"Wie funktioniert die GP-Notrufstation?\"}]},{\"@type\":\"WebSite\",\"@id\":\"https:\/\/haptiel.nl\/deutsch\/#website\",\"url\":\"https:\/\/haptiel.nl\/deutsch\/\",\"name\":\"Huisartsenspoedpost Tiel - Deutsch\",\"description\":\"\",\"potentialAction\":[{\"@type\":\"SearchAction\",\"target\":{\"@type\":\"EntryPoint\",\"urlTemplate\":\"https:\/\/haptiel.nl\/deutsch\/?s={search_term_string}\"},\"query-input\":{\"@type\":\"PropertyValueSpecification\",\"valueRequired\":true,\"valueName\":\"search_term_string\"}}],\"inLanguage\":\"de\"}]}<\/script>\n<!-- \/ Yoast SEO plugin. -->","yoast_head_json":{"title":"Wie funktioniert die GP-Notrufstation? - Huisartsenspoedpost Tiel - Deutsch","description":"Erfahren Sie, wie der GP Emergency Post funktioniert. 24\/7 f\u00fcr die Notfallversorgung verf\u00fcgbar. Besuchen Sie die Website f\u00fcr weitere Informationen und Kontaktdaten.","robots":{"index":"index","follow":"follow","max-snippet":"max-snippet:-1","max-image-preview":"max-image-preview:large","max-video-preview":"max-video-preview:-1"},"canonical":"https:\/\/haptiel.nl\/deutsch\/wie-funktioniert-der-notfall-nach-hausarzten\/","og_locale":"de_DE","og_type":"article","og_title":"Wie funktioniert die GP-Notrufstation? - Huisartsenspoedpost Tiel - Deutsch","og_description":"Erfahren Sie, wie der GP Emergency Post funktioniert. 24\/7 f\u00fcr die Notfallversorgung verf\u00fcgbar. Besuchen Sie die Website f\u00fcr weitere Informationen und Kontaktdaten.","og_url":"https:\/\/haptiel.nl\/deutsch\/wie-funktioniert-der-notfall-nach-hausarzten\/","og_site_name":"Huisartsenspoedpost Tiel - Deutsch","article_modified_time":"2024-12-19T11:36:43+00:00","twitter_card":"summary_large_image","twitter_misc":{"Gesch\u00e4tzte Lesezeit":"2\u00a0Minuten"},"schema":{"@context":"https:\/\/schema.org","@graph":[{"@type":"WebPage","@id":"https:\/\/haptiel.nl\/deutsch\/wie-funktioniert-der-notfall-nach-hausarzten\/","url":"https:\/\/haptiel.nl\/deutsch\/wie-funktioniert-der-notfall-nach-hausarzten\/","name":"Wie funktioniert die GP-Notrufstation? - Huisartsenspoedpost Tiel - Deutsch","isPartOf":{"@id":"https:\/\/haptiel.nl\/deutsch\/#website"},"datePublished":"2023-02-07T11:20:25+00:00","dateModified":"2024-12-19T11:36:43+00:00","description":"Erfahren Sie, wie der GP Emergency Post funktioniert. 24\/7 f\u00fcr die Notfallversorgung verf\u00fcgbar. Besuchen Sie die Website f\u00fcr weitere Informationen und Kontaktdaten.","breadcrumb":{"@id":"https:\/\/haptiel.nl\/deutsch\/wie-funktioniert-der-notfall-nach-hausarzten\/#breadcrumb"},"inLanguage":"de","potentialAction":[{"@type":"ReadAction","target":["https:\/\/haptiel.nl\/deutsch\/wie-funktioniert-der-notfall-nach-hausarzten\/"]}]},{"@type":"BreadcrumbList","@id":"https:\/\/haptiel.nl\/deutsch\/wie-funktioniert-der-notfall-nach-hausarzten\/#breadcrumb","itemListElement":[{"@type":"ListItem","position":1,"name":"Home","item":"https:\/\/haptiel.nl\/deutsch\/"},{"@type":"ListItem","position":2,"name":"Wie funktioniert die GP-Notrufstation?"}]},{"@type":"WebSite","@id":"https:\/\/haptiel.nl\/deutsch\/#website","url":"https:\/\/haptiel.nl\/deutsch\/","name":"Huisartsenspoedpost Tiel - Deutsch","description":"","potentialAction":[{"@type":"SearchAction","target":{"@type":"EntryPoint","urlTemplate":"https:\/\/haptiel.nl\/deutsch\/?s={search_term_string}"},"query-input":{"@type":"PropertyValueSpecification","valueRequired":true,"valueName":"search_term_string"}}],"inLanguage":"de"}]}},"_links":{"self":[{"href":"https:\/\/haptiel.nl\/deutsch\/wp-json\/wp\/v2\/pages\/1847","targetHints":{"allow":["GET"]}}],"collection":[{"href":"https:\/\/haptiel.nl\/deutsch\/wp-json\/wp\/v2\/pages"}],"about":[{"href":"https:\/\/haptiel.nl\/deutsch\/wp-json\/wp\/v2\/types\/page"}],"author":[{"embeddable":true,"href":"https:\/\/haptiel.nl\/deutsch\/wp-json\/wp\/v2\/users\/3"}],"replies":[{"embeddable":true,"href":"https:\/\/haptiel.nl\/deutsch\/wp-json\/wp\/v2\/comments?post=1847"}],"version-history":[{"count":1,"href":"https:\/\/haptiel.nl\/deutsch\/wp-json\/wp\/v2\/pages\/1847\/revisions"}],"predecessor-version":[{"id":4917,"href":"https:\/\/haptiel.nl\/deutsch\/wp-json\/wp\/v2\/pages\/1847\/revisions\/4917"}],"wp:attachment":[{"href":"https:\/\/haptiel.nl\/deutsch\/wp-json\/wp\/v2\/media?parent=1847"}],"curies":[{"name":"wp","href":"https:\/\/api.w.org\/{rel}","templated":true}]}}