{"id":1869,"date":"2023-02-07T12:36:57","date_gmt":"2023-02-07T11:36:57","guid":{"rendered":"https:\/\/multisite.mindd.dev\/hap-tiel\/?page_id=1869"},"modified":"2024-12-19T12:36:41","modified_gmt":"2024-12-19T11:36:41","slug":"medikamente","status":"publish","type":"page","link":"https:\/\/haptiel.nl\/deutsch\/medikamente\/","title":{"rendered":"Medikamente"},"content":{"rendered":"\n\n\n<p>Lassen Sie sich in der Notaufnahme des Hausarztes Medikamente verschreiben? Dann k\u00f6nnen Sie es direkt in der <a href=\"https:\/\/regioapotheek.uwapothekeronline.nl\/?HTTPSHASH\">Regionalapotheke<\/a> abholen. Diese Apotheke ist 24 Stunden am Tag ge\u00f6ffnet und befindet sich neben dem Notfallposten f\u00fcr Allgemeinmediziner.<\/p>\n\n\n\n<h2 class=\"wp-block-heading\">Was Sie mitnehmen<\/h2>\n\n\n\n<p>Gehen Sie in die Regionalapotheke? Nehmen Sie immer folgende Dinge mit:<\/p>\n\n\n\n<ul class=\"wp-block-list\">\n<li>Das Rezept, das Sie vom Arzt erhalten haben<\/li>\n\n\n\n<li>Ihr Identit\u00e4tsnachweis<\/li>\n\n\n\n<li>Ihre Krankenversicherungsdaten<\/li>\n\n\n\n<li>Bargeld oder eine Debitkarte<\/li>\n\n\n\n<li>Der Name Ihres Hausarztes<\/li>\n\n\n\n<li>Eine \u00dcbersicht \u00fcber die Medikamente, die Sie einnehmen<\/li>\n<\/ul>\n\n\n\n<p>F\u00fcr Wiederholungsrezepte wenden Sie sich bitte an die Regio Apotheek Rivierenland.<\/p>\n","protected":false},"excerpt":{"rendered":"<p>Lassen Sie sich in der Notaufnahme des Hausarztes Medikamente verschreiben? Dann k\u00f6nnen Sie es direkt in der Regionalapotheke abholen. Diese Apotheke ist 24 Stunden am Tag ge\u00f6ffnet und befindet sich neben dem Notfallposten f\u00fcr Allgemeinmediziner. Was Sie mitnehmen Gehen Sie in die Regionalapotheke? Nehmen Sie immer folgende Dinge mit: F\u00fcr Wiederholungsrezepte wenden Sie sich bitte [&hellip;]<\/p>\n","protected":false},"author":3,"featured_media":0,"parent":0,"menu_order":0,"comment_status":"closed","ping_status":"closed","template":"","meta":{"_acf_changed":false,"_trash_the_other_posts":false,"editor_notices":[],"footnotes":""},"class_list":["post-1869","page","type-page","status-publish","hentry"],"acf":[],"yoast_head":"<!-- This site is optimized with the Yoast SEO plugin v26.6 - https:\/\/yoast.com\/wordpress\/plugins\/seo\/ -->\n<title>Medikamente - Huisartsenspoedpost Tiel - Deutsch<\/title>\n<meta name=\"description\" content=\"Lassen Sie sich in der Notaufnahme des Hausarztes Medikamente verschreiben? Dann kannst du es direkt in der Regionalapotheke abholen, die 24\/7 ge\u00f6ffnet ist.\" \/>\n<meta name=\"robots\" content=\"index, follow, max-snippet:-1, max-image-preview:large, max-video-preview:-1\" \/>\n<link rel=\"canonical\" href=\"https:\/\/haptiel.nl\/deutsch\/medikamente\/\" \/>\n<meta property=\"og:locale\" content=\"de_DE\" \/>\n<meta property=\"og:type\" content=\"article\" \/>\n<meta property=\"og:title\" content=\"Medikamente - Huisartsenspoedpost Tiel - Deutsch\" \/>\n<meta property=\"og:description\" content=\"Lassen Sie sich in der Notaufnahme des Hausarztes Medikamente verschreiben? Dann kannst du es direkt in der Regionalapotheke abholen, die 24\/7 ge\u00f6ffnet ist.\" \/>\n<meta property=\"og:url\" content=\"https:\/\/haptiel.nl\/deutsch\/medikamente\/\" \/>\n<meta property=\"og:site_name\" content=\"Huisartsenspoedpost Tiel - Deutsch\" \/>\n<meta property=\"article:modified_time\" content=\"2024-12-19T11:36:41+00:00\" \/>\n<meta name=\"twitter:card\" content=\"summary_large_image\" \/>\n<meta name=\"twitter:label1\" content=\"Gesch\u00e4tzte Lesezeit\" \/>\n\t<meta name=\"twitter:data1\" content=\"1\u00a0Minute\" \/>\n<script type=\"application\/ld+json\" class=\"yoast-schema-graph\">{\"@context\":\"https:\/\/schema.org\",\"@graph\":[{\"@type\":\"WebPage\",\"@id\":\"https:\/\/haptiel.nl\/deutsch\/medikamente\/\",\"url\":\"https:\/\/haptiel.nl\/deutsch\/medikamente\/\",\"name\":\"Medikamente - Huisartsenspoedpost Tiel - Deutsch\",\"isPartOf\":{\"@id\":\"https:\/\/haptiel.nl\/deutsch\/#website\"},\"datePublished\":\"2023-02-07T11:36:57+00:00\",\"dateModified\":\"2024-12-19T11:36:41+00:00\",\"description\":\"Lassen Sie sich in der Notaufnahme des Hausarztes Medikamente verschreiben? Dann kannst du es direkt in der Regionalapotheke abholen, die 24\/7 ge\u00f6ffnet ist.\",\"breadcrumb\":{\"@id\":\"https:\/\/haptiel.nl\/deutsch\/medikamente\/#breadcrumb\"},\"inLanguage\":\"de\",\"potentialAction\":[{\"@type\":\"ReadAction\",\"target\":[\"https:\/\/haptiel.nl\/deutsch\/medikamente\/\"]}]},{\"@type\":\"BreadcrumbList\",\"@id\":\"https:\/\/haptiel.nl\/deutsch\/medikamente\/#breadcrumb\",\"itemListElement\":[{\"@type\":\"ListItem\",\"position\":1,\"name\":\"Home\",\"item\":\"https:\/\/haptiel.nl\/deutsch\/\"},{\"@type\":\"ListItem\",\"position\":2,\"name\":\"Medikamente\"}]},{\"@type\":\"WebSite\",\"@id\":\"https:\/\/haptiel.nl\/deutsch\/#website\",\"url\":\"https:\/\/haptiel.nl\/deutsch\/\",\"name\":\"Huisartsenspoedpost Tiel - Deutsch\",\"description\":\"\",\"potentialAction\":[{\"@type\":\"SearchAction\",\"target\":{\"@type\":\"EntryPoint\",\"urlTemplate\":\"https:\/\/haptiel.nl\/deutsch\/?s={search_term_string}\"},\"query-input\":{\"@type\":\"PropertyValueSpecification\",\"valueRequired\":true,\"valueName\":\"search_term_string\"}}],\"inLanguage\":\"de\"}]}<\/script>\n<!-- \/ Yoast SEO plugin. -->","yoast_head_json":{"title":"Medikamente - Huisartsenspoedpost Tiel - Deutsch","description":"Lassen Sie sich in der Notaufnahme des Hausarztes Medikamente verschreiben? Dann kannst du es direkt in der Regionalapotheke abholen, die 24\/7 ge\u00f6ffnet ist.","robots":{"index":"index","follow":"follow","max-snippet":"max-snippet:-1","max-image-preview":"max-image-preview:large","max-video-preview":"max-video-preview:-1"},"canonical":"https:\/\/haptiel.nl\/deutsch\/medikamente\/","og_locale":"de_DE","og_type":"article","og_title":"Medikamente - Huisartsenspoedpost Tiel - Deutsch","og_description":"Lassen Sie sich in der Notaufnahme des Hausarztes Medikamente verschreiben? Dann kannst du es direkt in der Regionalapotheke abholen, die 24\/7 ge\u00f6ffnet ist.","og_url":"https:\/\/haptiel.nl\/deutsch\/medikamente\/","og_site_name":"Huisartsenspoedpost Tiel - Deutsch","article_modified_time":"2024-12-19T11:36:41+00:00","twitter_card":"summary_large_image","twitter_misc":{"Gesch\u00e4tzte Lesezeit":"1\u00a0Minute"},"schema":{"@context":"https:\/\/schema.org","@graph":[{"@type":"WebPage","@id":"https:\/\/haptiel.nl\/deutsch\/medikamente\/","url":"https:\/\/haptiel.nl\/deutsch\/medikamente\/","name":"Medikamente - Huisartsenspoedpost Tiel - Deutsch","isPartOf":{"@id":"https:\/\/haptiel.nl\/deutsch\/#website"},"datePublished":"2023-02-07T11:36:57+00:00","dateModified":"2024-12-19T11:36:41+00:00","description":"Lassen Sie sich in der Notaufnahme des Hausarztes Medikamente verschreiben? Dann kannst du es direkt in der Regionalapotheke abholen, die 24\/7 ge\u00f6ffnet ist.","breadcrumb":{"@id":"https:\/\/haptiel.nl\/deutsch\/medikamente\/#breadcrumb"},"inLanguage":"de","potentialAction":[{"@type":"ReadAction","target":["https:\/\/haptiel.nl\/deutsch\/medikamente\/"]}]},{"@type":"BreadcrumbList","@id":"https:\/\/haptiel.nl\/deutsch\/medikamente\/#breadcrumb","itemListElement":[{"@type":"ListItem","position":1,"name":"Home","item":"https:\/\/haptiel.nl\/deutsch\/"},{"@type":"ListItem","position":2,"name":"Medikamente"}]},{"@type":"WebSite","@id":"https:\/\/haptiel.nl\/deutsch\/#website","url":"https:\/\/haptiel.nl\/deutsch\/","name":"Huisartsenspoedpost Tiel - Deutsch","description":"","potentialAction":[{"@type":"SearchAction","target":{"@type":"EntryPoint","urlTemplate":"https:\/\/haptiel.nl\/deutsch\/?s={search_term_string}"},"query-input":{"@type":"PropertyValueSpecification","valueRequired":true,"valueName":"search_term_string"}}],"inLanguage":"de"}]}},"_links":{"self":[{"href":"https:\/\/haptiel.nl\/deutsch\/wp-json\/wp\/v2\/pages\/1869","targetHints":{"allow":["GET"]}}],"collection":[{"href":"https:\/\/haptiel.nl\/deutsch\/wp-json\/wp\/v2\/pages"}],"about":[{"href":"https:\/\/haptiel.nl\/deutsch\/wp-json\/wp\/v2\/types\/page"}],"author":[{"embeddable":true,"href":"https:\/\/haptiel.nl\/deutsch\/wp-json\/wp\/v2\/users\/3"}],"replies":[{"embeddable":true,"href":"https:\/\/haptiel.nl\/deutsch\/wp-json\/wp\/v2\/comments?post=1869"}],"version-history":[{"count":1,"href":"https:\/\/haptiel.nl\/deutsch\/wp-json\/wp\/v2\/pages\/1869\/revisions"}],"predecessor-version":[{"id":4916,"href":"https:\/\/haptiel.nl\/deutsch\/wp-json\/wp\/v2\/pages\/1869\/revisions\/4916"}],"wp:attachment":[{"href":"https:\/\/haptiel.nl\/deutsch\/wp-json\/wp\/v2\/media?parent=1869"}],"curies":[{"name":"wp","href":"https:\/\/api.w.org\/{rel}","templated":true}]}}