{"id":1888,"date":"2023-02-07T12:53:35","date_gmt":"2023-02-07T11:53:35","guid":{"rendered":"https:\/\/multisite.mindd.dev\/hap-tiel\/?page_id=1888"},"modified":"2025-05-20T13:02:04","modified_gmt":"2025-05-20T11:02:04","slug":"privatsphare","status":"publish","type":"page","link":"https:\/\/haptiel.nl\/deutsch\/privatsphare\/","title":{"rendered":"Datenschutz und Krankenakten"},"content":{"rendered":"\n\n\n<h2 class=\"wp-block-heading\"><strong>1. Allgemeines<\/strong><\/h2>\n\n\n\n<p>Um eine gute medizinische Versorgung zu gew\u00e4hrleisten, erfassen wir Ihre Kontaktdaten und medizinischen Daten. Wir tun dies im Einklang mit dem Heilbehandlungsvertragsgesetz (Wgbo) und der Datenschutz-Grundverordnung (DSGVO). Das bedeutet, dass wir Ihre Daten nur f\u00fcr die Erbringung der medizinischen Versorgung und die daraus resultierende Verwaltung verwenden und dass wir Ihre Daten vor Rechtsverletzungen durch Dritte sch\u00fctzen.<\/p>\n\n\n\n<h2 class=\"wp-block-heading\"><strong>2. Einwilligung in den Datenaustausch<\/strong><\/h2>\n\n\n\n<p>Eine gute, sichere und schnelle Versorgung beginnt mit den richtigen Informationen. \u00dcber Ihren Gesundheitszustand zu diesem Zeitpunkt, alle anderen Erkrankungen und \u00fcber Ihre Medikamenteneinnahme. Es ist wichtig, dass Ihr Arzt \u00fcber die richtigen Informationen verf\u00fcgt, um eine gute und sichere Versorgung gew\u00e4hrleisten zu k\u00f6nnen. Informationen \u00fcber Ihre Gesundheit werden Ihrem Gesundheitsdienstleister \u00fcber den National Chess Point (LSP) zur Verf\u00fcgung gestellt. Aber nur, wenn es n\u00f6tig ist. Und das nur, wenn Sie die Erlaubnis dazu erteilt haben. Mit Ihrer Erlaubnis hat Ihr Arzt Zugriff auf bestimmte Teile Ihrer Akte, z. B. auf Erkrankungen, Allergien und Medikamenteneinnahme. Wichtig ist, dass Sie dies im Vorfeld selbst arrangieren.<br>Gehen Sie auf&nbsp;<a href=\"http:\/\/www.volgjezorg.nl\/\" target=\"_blank\" rel=\"noreferrer noopener\">www.volgjezorg.nl<\/a>&nbsp;zu &#8222;Pers\u00f6nliche Umgebung&#8220;, um die Erlaubnis f\u00fcr den Austausch medizinischer Daten zu erteilen. Hier k\u00f6nnen Sie auch verfolgen, was mit Ihren medizinischen Daten passiert. Welche Arten von Daten wurden mit Ihrer Zustimmung weitergegeben? Welche(r) Gesundheitsdienstleister wurden untersucht? Und wann? Auf diese Weise wissen Sie immer, was mit Ihren medizinischen Daten passiert.<\/p>\n\n\n\n<h2 class=\"wp-block-heading\"><strong>3. Pflicht zur Identifizierung<\/strong><\/h2>\n\n\n\n<p>Wenn Sie den Hausarztdienst au\u00dferhalb der \u00d6ffnungszeiten anrufen, fragen wir Sie nach Ihrer BSN-Nummer, damit wir Sie identifizieren k\u00f6nnen. Wenn Sie die Hausarztstelle aufsuchen, m\u00fcssen Sie Ihr Ausweisdokument (Reisepass, F\u00fchrerschein oder Personalausweis) und die Versicherungsdaten (Karte) mitbringen. Die Identifizierung ist f\u00fcr die korrekte Registrierung in Patientenakten und anderen Aufzeichnungen sowie zur Verhinderung von Missbrauch erforderlich. Wir verarbeiten nur die personenbezogenen Daten, die f\u00fcr die oben beschriebenen Zwecke erforderlich sind.<\/p>\n\n\n\n<h2 class=\"wp-block-heading\"><strong>4. Austausch von Daten<\/strong><\/h2>\n\n\n\n<p>Wir geben Ihre personenbezogenen Daten nur dann an Dritte weiter, wenn daf\u00fcr eine triftige Grundlage besteht. Wir geben Ihre personenbezogenen Daten unter anderem an Krankenversicherer, interne und externe Gesundheitsdienstleister und <strong>Gesundheitspartner<\/strong> weiter. Manchmal m\u00fcssen wir Daten aufgrund einer gesetzlichen Vorgabe weitergeben, zum Beispiel m\u00fcssen wir Infektionskrankheiten an die GGD melden.<br>Kooperationsvertrag mit Gesundheitspartnern in der Region: Um den Bedarf an Akutversorgung auch in Zukunft zu decken, arbeiten wir eng mit anderen Gesundheitsdienstleistern von der Rettungswache und den Hausarztstellen in unserer Region zusammen. Diese Partnerschaft erm\u00f6glicht es, sich bei zunehmenden telefonischen Wartezeiten gegenseitig zu helfen, indem Patienten voneinander \u00fcbernommen und mit ihnen telefoniert werden. Hierf\u00fcr ist der Zugriff auf die elektronische Patientenakte erforderlich.<\/p>\n\n\n\n<p>Wissenschaftliche Forschung: Der Akutversorgungskettenmonitor sammelt nationale Patientendaten mit dem Ziel, Einblicke in den akuten Versorgungsbedarf, das Akutversorgungsangebot und den Patientenfluss in der Akutversorgungskette in der Akutversorgungsregion Ost zu geben und diese zu erforschen. Diese Informationen unterst\u00fctzen die Regionale Konsultation Akutversorgung (ROAZ) zur Optimierung der Zusammenarbeit und Zug\u00e4nglichkeit, Verf\u00fcgbarkeit und Qualit\u00e4t der Akutversorgungskette in der Akutversorgungsregion Ost. Der Acute Care Chain Monitor verwendet zu diesem Zweck pseudonymisierte Patientendaten. Ihre Daten werden verschl\u00fcsselt gesendet und k\u00f6nnen nicht auf die Person zur\u00fcckgef\u00fchrt werden. Wenn Sie nicht m\u00f6chten, dass Ihre Daten f\u00fcr diese Forschung verwendet werden, k\u00f6nnen Sie dem widersprechen. Senden Sie dazu eine E-Mail an: info@gezondrivierenland.nl<\/p>\n\n\n\n<h2 class=\"wp-block-heading\"><strong>5. Wer hat Zugriff auf Ihre Daten?<\/strong><\/h2>\n\n\n\n<p>Allgemeinmediziner, Triage-Pflegekr\u00e4fte und Mitarbeiter des haus\u00e4rztlichen Bereitschaftsdienstes, die an der direkten Versorgung beteiligt sind, k\u00f6nnen Ihre Daten einsehen. Sie verwenden daf\u00fcr eine spezielle Karte (UZI-Karte) und einen Login-Code. Sie haben nur Zugriff auf die Daten, die f\u00fcr die Erf\u00fcllung ihrer Aufgabe erforderlich sind und diese werden auch registriert. \u00c4rzte unterliegen dem Berufsgeheimnis, Triage-Pflegekr\u00e4fte und Mitarbeiter unterliegen der Schweigepflicht.<\/p>\n\n\n\n<h2 class=\"wp-block-heading\"><strong>6a. Tonaufnahmen und Video\u00fcberwachung<\/strong><\/h2>\n\n\n\n<p>Um die Qualit\u00e4t unserer Dienstleistungen zu \u00fcberwachen und gegebenenfalls zu verbessern, zeichnen wir Telefongespr\u00e4che auf. In den Wartebereichen des Hausarztpostens stehen Videokameras zur Verf\u00fcgung, um die Sicherheit von Patienten, Besuchern und Personal zu gew\u00e4hrleisten. Diese Bilder werden auch verwendet, um den Gesundheitszustand von Patienten zu \u00fcberwachen, die nicht direkt sichtbar sind. Die Bilder werden live abgespielt und dann sofort vernichtet. Es gibt keine Speicherung von Kamerabildern.<\/p>\n\n\n\n<h2 class=\"wp-block-heading\"><strong>6b. Ton-, Foto- und Filmaufnahmen durch den Patienten<\/strong><\/h2>\n\n\n\n<figure class=\"wp-block-image size-full is-resized\"><img decoding=\"async\" width=\"121\" height=\"69\" src=\"https:\/\/haptiel.nl\/wp-content\/uploads\/sites\/27\/2024\/09\/No-picture.jpg\" alt=\"\" class=\"wp-image-4556\" style=\"width:116px;height:auto\" \/><\/figure>\n\n\n\n<p>Das Gespr\u00e4ch mit Ihrem Arzt k\u00f6nnen Sie im Sprechzimmer aufzeichnen (Tonaufnahme). Auf diese Weise k\u00f6nnen Sie die Informationen auch zu Hause anh\u00f6ren. Eine Aufzeichnung des Gespr\u00e4chs kann Ihnen zum Beispiel helfen, eine Behandlungswahl zu treffen. Wichtig zu wissen:<\/p>\n\n\n\n<ul class=\"wp-block-list\">\n<li>Fragen Sie vor der Aufnahme Ihren Arzt um Erlaubnis. Das ist nicht obligatorisch, aber ordentlich;<\/li>\n\n\n\n<li>Die Aufzeichnung ist nur f\u00fcr Sie selbst bestimmt. Sie d\u00fcrfen die Aufzeichnung ohne Zustimmung des Gesundheitsdienstleisters nicht \u00f6ffentlich teilen;<\/li>\n\n\n\n<li>Das Fotografieren oder ein Video, auf dem auch andere Personen* auf dem Bild zu sehen sind, ist nicht erlaubt. Dies steht im Zusammenhang mit dem Recht eines jeden auf Privatsph\u00e4re. <\/li>\n<\/ul>\n\n\n\n<p>*Denken Sie zum Beispiel an die Wartenden im Wartezimmer, unsere(n) Mitarbeiter(in) und Ihren behandelnden Arzt. <\/p>\n\n\n\n<h2 class=\"wp-block-heading\"><strong>7. Aufbewahrungsfristen<\/strong><\/h2>\n\n\n\n<p>Wir bewahren Ihre Krankenakte gem\u00e4\u00df der gesetzlichen Verpflichtung auf: maximal 20 Jahre. F\u00fcr Tonb\u00e4nder verwenden wir einen Zeitraum von maximal 13 Monaten. Wir speichern Ihre medizinischen Daten l\u00e4nger als diesen Zeitraum, wenn dies gesetzlich vorgeschrieben ist, wenn dies f\u00fcr die ordnungsgem\u00e4\u00dfe Versorgung erforderlich ist (z.B. bei einer chronischen Erkrankung) oder wenn die Daten f\u00fcr eine andere Person von gro\u00dfer Bedeutung sind (z.B. bei Erbkrankheiten).<\/p>\n\n\n\n<h2 class=\"wp-block-heading\"><strong>8. Verarbeitung besonderer Kategorien personenbezogener Daten<\/strong><\/h2>\n\n\n\n<p>Wir verarbeiten Daten \u00fcber Ihre Gesundheit, Erbdaten (genetische Daten) oder Ihr Sexualverhalten oder Ihre sexuelle Orientierung nur, soweit dies f\u00fcr die ordnungsgem\u00e4\u00dfe Behandlung oder Pflege Ihrer Person als Patient erforderlich ist. Daten \u00fcber Ihre religi\u00f6sen oder weltanschaulichen \u00dcberzeugungen werden nicht verarbeitet, es sei denn, Sie w\u00fcnschen dies im Rahmen Ihrer Behandlung oder im Rahmen unserer Hausarztstelle.<\/p>\n\n\n\n<h2 class=\"wp-block-heading\"><strong>9. Sicherheit Ihrer personenbezogenen Daten<\/strong><\/h2>\n\n\n\n<p>Wir ergreifen geeignete technische und organisatorische Ma\u00dfnahmen, um Ihre personenbezogenen Daten vor Verlust, unbefugtem Zugriff oder unrechtm\u00e4\u00dfiger Verarbeitung zu sch\u00fctzen. Wir sorgen f\u00fcr angemessene Sicherheit im Einklang mit den geltenden gesetzlichen Anforderungen und Richtlinien. In diesem Zusammenhang wurden verschiedene Ma\u00dfnahmen ergriffen, darunter die Verschl\u00fcsselung von Daten und Kommunikation, die Zugangskontrolle und die vertrauliche Behandlung Ihrer personenbezogenen Daten. Wir verwenden die Norm NEN 7510 f\u00fcr die Informationssicherheit.<\/p>\n\n\n\n<p>Der Zugriff auf Ihre personenbezogenen Daten ist auf Mitarbeiter und angeschlossene Haus\u00e4rzte des Hausarztdienstes au\u00dferhalb der \u00d6ffnungszeiten beschr\u00e4nkt, die an Ihrer Versorgung beteiligt sind oder aus einem anderen Grund dazu berechtigt sind. Mitarbeiter und angeschlossene Haus\u00e4rzte, die Zugriff auf Ihre personenbezogenen Daten haben, sind zur Vertraulichkeit verpflichtet. Die gleichen technischen und organisatorischen Ma\u00dfnahmen verlangen wir von Organisationen, die Ihre personenbezogenen Daten in unserem Auftrag verarbeiten und dies in Verarbeitungsvertr\u00e4gen festgelegt haben.<\/p>\n\n\n\n<h2 class=\"wp-block-heading\"><strong>10. Recht auf Auskunft<\/strong><\/h2>\n\n\n\n<p>Sie haben das Recht auf Einsicht in Ihre Krankenakte. Wenn sich herausstellt, dass Daten \u00fcber Sie falsch sind, haben Sie das Recht, diese von uns korrigieren oder l\u00f6schen zu lassen. Es kann sein, dass es nicht m\u00f6glich ist, einer Anfrage (vollst\u00e4ndig) nachzukommen (z. B. wenn Ihr Zugriff zu einer Verletzung der Privatsph\u00e4re anderer f\u00fchrt). Sie haben das Recht auf eine Kopie der Daten aus Ihrer Patientenakte. Wir stellen jedoch keine Daten aus Ihrer Akte zur Verf\u00fcgung, die von einem externen Arzt (der nicht bei der Notfallstelle f\u00fcr Allgemeinmediziner Gelders Rivierenland t\u00e4tig ist) erhoben oder erstellt wurden.<\/p>\n\n\n\n<p>Sie haben das Recht, von uns zu verlangen, dass wir Ihre Daten an einen anderen Arzt, eine medizinische Einrichtung oder einen Krankenversicherer weiterleiten. Sie k\u00f6nnen auch jemanden bevollm\u00e4chtigen, Ihre Akte in Ihrem Namen einzusehen oder in Ihrem Namen eine Kopie anzufordern.<\/p>\n\n\n\n<p>Wie fordern Sie eine Kopie der Patientenakte an?<br>Wenn Sie eine Kopie Ihrer Akte haben m\u00f6chten, f\u00fcllen Sie bitte&nbsp;<a href=\"https:\/\/haptiel.nl\/wp-content\/uploads\/sites\/27\/2024\/03\/240320-Aanvraagformulier-kopie-medisch-dossier-HAP.docx\" target=\"_blank\" rel=\"noreferrer noopener\">Dieses Formular<\/a><a href=\"https:\/\/haptiel.nl\/wp-content\/uploads\/sites\/27\/2024\/03\/240301-Aanvraagformulier-kopie-medisch-dossier-HAP.docx.pdf\" target=\"_blank\" rel=\"noreferrer noopener\">r<\/a>&nbsp;und senden Sie es an&nbsp;<a href=\"mailto:info@gezondrivierenland.nl\">info@gezondrivierenland.nl<\/a><\/p>\n\n\n\n<h3 class=\"wp-block-heading\">Recht auf Vergessenwerden<\/h3>\n\n\n\n<p>Sie haben das Recht, Ihre Daten l\u00f6schen zu lassen. Es ist jedoch m\u00f6glich, dass nicht alle Ihre Daten gel\u00f6scht werden. So gilt beispielsweise das Recht auf L\u00f6schung Ihrer Daten nicht, wenn wir sie f\u00fcr eine Angelegenheit von \u00f6ffentlichem Interesse im Bereich der \u00f6ffentlichen Gesundheit verarbeiten oder wenn Ihre Daten f\u00fcr einen Rechtsanspruch erforderlich sind.<\/p>\n\n\n\n<h3 class=\"wp-block-heading\">Widerruf der Einwilligung<\/h3>\n\n\n\n<p>Wenn wir Ihre personenbezogenen Daten auf der Grundlage Ihrer Einwilligung verarbeiten, haben Sie das Recht, Ihre Einwilligung jederzeit zu widerrufen. Wir werden die Verarbeitung dann unverz\u00fcglich einstellen. Der Entzug der Erlaubnis hat keine r\u00fcckwirkende Wirkung.<\/p>\n\n\n\n<h2 class=\"wp-block-heading\"><strong>11. Verantwortlicher<\/strong><\/h2>\n\n\n\n<p>Die Gesch\u00e4ftsleitung von Gelders Rivierenland GP Post ist f\u00fcr die Verarbeitung Ihrer personenbezogenen Daten in \u00dcbereinstimmung mit den geltenden Gesetzen und Vorschriften verantwortlich.<\/p>\n\n\n\n<h2 class=\"wp-block-heading\"><strong>12. Datenschutzbeauftragter<\/strong><\/h2>\n\n\n\n<p>Der Hausarztdienst au\u00dferhalb der \u00d6ffnungszeiten hat einen Datenschutzbeauftragten (DSB) ernannt. Der DSB \u00fcberwacht die Einhaltung der Datenschutzgesetze und ber\u00e4t die Gesch\u00e4ftsleitung bei der Anwendung der Datenschutzgesetze. Der DSB ist Ihr Ansprechpartner f\u00fcr alle Fragen zum Datenschutz, sowohl f\u00fcr Sie als betroffene Person als auch f\u00fcr die niederl\u00e4ndische Datenschutzbeh\u00f6rde. Sie erreichen den DSB per E-Mail \u00fcber&nbsp;<a href=\"mailto:fg@gezondrivierenland.nl\">fg@gezondrivierenland.nl<\/a><\/p>\n\n\n\n<h2 class=\"wp-block-heading\"><strong>13. Beschwerdeverfahren<\/strong><\/h2>\n\n\n\n<p>Wenn Sie Fragen oder eine Beschwerde \u00fcber die Art und Weise haben, wie wir mit Ihren Daten umgehen, k\u00f6nnen Sie dies schriftlich tun \u00fcber:&nbsp;<a href=\"mailto:klachtenfunctionaris@gezondrivierenland.nl\">klachtenfunctionaris@gezondrivierenland.nl<\/a> <\/p>\n\n\n\n<p>\n\n\n\n<h2 class=\"wp-block-heading\"><strong>14. Nachtrag zur Datenschutzerkl\u00e4rung<\/strong><\/h2>\n\n\n\n<p><strong>Der Selbsttriage-Service &#8222;Muss ich zum Arzt?&#8220;<\/strong><\/p>\n\n\n\n<p>Bei der Nutzung des Selbsttriage-Dienstes &#8222;Muss ich zum Arzt gehen?&#8220; (im Folgenden: App) geben Sie \u00fcber unsere Website bestimmte personenbezogene Daten ein und hinterlassen bestimmte personenbezogene Daten. Da es sich um datenschutzrelevante Daten handelt, halten wir es f\u00fcr wichtig, dass wir sorgf\u00e4ltig damit umgehen.<\/p>\n\n\n\n<p>Bei der Nutzung der App geben Sie personenbezogene Daten \u00fcber sich selbst oder \u00fcber eine andere Person, f\u00fcr die Sie die App verwenden, ein und es wird eine Schlussfolgerung gezogen. Die personenbezogenen Daten, die wir von Ihnen \u00fcber diesen Dienst verarbeiten, sind:<\/p>\n\n\n\n<ul class=\"wp-block-list\">\n<li>Geschlecht<\/li>\n\n\n\n<li>Geburtsdatum<\/li>\n\n\n\n<li>Ergebnis jeder abgeschlossenen Triage (Dringlichkeit)<\/li>\n<\/ul>\n\n\n\n<p>Nicht in allen F\u00e4llen handelt es sich bei den von Ihnen eingegebenen Daten um personenbezogene Daten. Ein Beispiel daf\u00fcr ist die Tatsache, dass die App eine UID (Unique Identifier f\u00fcr das verwendete Ger\u00e4t) erstellt. Dennoch m\u00f6chten wir Sie klar dar\u00fcber informieren, was wir mit Ihren Daten machen. Die eingegebenen Informationen sind in erster Linie notwendig, um die Frage &#8222;Muss ich zum Arzt gehen?&#8220; beantworten zu k\u00f6nnen. Ihr Geschlecht und Ihr Geburtsdatum werden vom Backend der App anonymisiert zum Zwecke der Analyse der Nutzung der App verarbeitet, um sicherzustellen, dass die App in Zukunft noch besser funktioniert und wir anonyme Statistiken erstellen k\u00f6nnen. Ihre IP-Adresse wird vom Webserver anonymisiert in eine Sitzungsnummer verarbeitet, so dass Ihre personenbezogenen Daten nicht zur\u00fcckverfolgt werden k\u00f6nnen.<\/p>\n\n\n\n<p><strong>Wissenschaftliche Forschung<\/strong><\/p>\n\n\n\n<p>&#8222;Muss ich zum Arzt gehen?&#8220; f\u00fchrt wissenschaftliche Untersuchungen in Zusammenarbeit mit dem Hausarzt Gorinchem durch. Das bedeutet, dass &#8222;Muss ich zum Arzt gehen?&#8220; in Zusammenarbeit mit der Hausarztstelle Gorinchem und anderen Hausarztstellen in den Niederlanden den Effekt der Selbsttriage, die Sicherheit und die Leistung der App \u00fcberwacht und verbessert. Die zu diesem Zweck verwendeten Daten aus dem Bereitschaftsdienst des Hausarztes k\u00f6nnen nicht auf eine einzelne Person zur\u00fcckgef\u00fchrt werden, n\u00e4mlich: Patienten-ID, Zeitstempel des Beginns der telefonischen Triage, Alter in Jahren, Geschlecht, NTS-Eingangsbeschwerde, Dringlichkeit, Dauer der Triage und das Anrufergebnis. Auf der Grundlage dieser telefonischen Triage-Daten und auf der Grundlage der Selbst-Triage-Daten wird eine Verkn\u00fcpfung hergestellt. Basierend auf der Selbsttriage-Beratung und dem Anrufergebnis der telefonischen Triage k\u00f6nnen die Forscher die Wirkung, Sicherheit und Leistung der App f\u00fcr den Hausarztdienst au\u00dferhalb der \u00d6ffnungszeiten bestimmen.<\/p>\n\n\n\n<h2 class=\"wp-block-heading\"><strong>15. Wir fragen die Datenbank Registration by Name (ION) ab<\/strong><\/h2>\n\n\n\n<p>Wenn Sie sich mit einer Frage zur Akutversorgung auf der Sanit\u00e4tsstation melden, vermerken wir, bei welcher Hausarztpraxis Sie angemeldet sind und senden Ihrem Hausarzt eine Nachricht \u00fcber die Behandlung auf der Sanit\u00e4tsstation. Auf diese Weise kann Ihr eigener Hausarzt damit fortfahren. Wir m\u00f6chten die richtige Hausarztpraxis \u00fcber Ihre Behandlung informieren. Aus diesem Grund \u00fcberpr\u00fcfen wir dies in der Datenbank Registration By Name, die von der Stiftung f\u00fcr Registration By Name verwaltet wird. In diesem Plan bestimmen die Hausarztpraxen selbst, wer bei ihnen angemeldet ist. Siehe&nbsp;<a href=\"http:\/\/www.inschrijvingopnaam.nl\">www.inschrijvingopnaam.nl<\/a>.&nbsp;Diese Datenbank enth\u00e4lt keine medizinischen Daten \u00fcber Sie. Es hei\u00dft lediglich, dass Sie bei Ihrer Hausarztpraxis angemeldet sind. Bei Fragen hierzu wenden Sie sich bitte an die ION Foundation:&nbsp;<a href=\"http:\/\/www.inschrijvingopnaam.nl\/contactformulier\">www.inschrijvingopnaam.nl\/contactformulier<\/a>.&nbsp;<\/p>\n","protected":false},"excerpt":{"rendered":"<p>1. Allgemeines Um eine gute medizinische Versorgung zu gew\u00e4hrleisten, erfassen wir Ihre Kontaktdaten und medizinischen Daten. Wir tun dies im Einklang mit dem Heilbehandlungsvertragsgesetz (Wgbo) und der Datenschutz-Grundverordnung (DSGVO). Das bedeutet, dass wir Ihre Daten nur f\u00fcr die Erbringung der medizinischen Versorgung und die daraus resultierende Verwaltung verwenden und dass wir Ihre Daten vor Rechtsverletzungen [&hellip;]<\/p>\n","protected":false},"author":31,"featured_media":0,"parent":0,"menu_order":0,"comment_status":"closed","ping_status":"closed","template":"","meta":{"_acf_changed":false,"_trash_the_other_posts":false,"editor_notices":[],"footnotes":""},"class_list":["post-1888","page","type-page","status-publish","hentry"],"acf":[],"yoast_head":"<!-- This site is optimized with the Yoast SEO plugin v26.6 - https:\/\/yoast.com\/wordpress\/plugins\/seo\/ -->\n<title>Datenschutz und Krankenakten - Huisartsenspoedpost Tiel - Deutsch<\/title>\n<meta name=\"description\" content=\"Auf unserer Seite Datenschutz und Krankenakten finden Sie weitere Informationen dar\u00fcber, wie Spoedpost Huisartsen Gelders Rivierenland mit Ihren personenbezogenen Daten umgeht.\" \/>\n<meta name=\"robots\" content=\"index, follow, max-snippet:-1, max-image-preview:large, max-video-preview:-1\" \/>\n<link rel=\"canonical\" href=\"https:\/\/haptiel.nl\/deutsch\/privatsphare\/\" \/>\n<meta property=\"og:locale\" content=\"de_DE\" \/>\n<meta property=\"og:type\" content=\"article\" \/>\n<meta property=\"og:title\" content=\"Datenschutz und Krankenakten - Huisartsenspoedpost Tiel - Deutsch\" \/>\n<meta property=\"og:description\" content=\"Auf unserer Seite Datenschutz und Krankenakten finden Sie weitere Informationen dar\u00fcber, wie Spoedpost Huisartsen Gelders Rivierenland mit Ihren personenbezogenen Daten umgeht.\" \/>\n<meta property=\"og:url\" content=\"https:\/\/haptiel.nl\/deutsch\/privatsphare\/\" \/>\n<meta property=\"og:site_name\" content=\"Huisartsenspoedpost Tiel - Deutsch\" \/>\n<meta property=\"article:modified_time\" content=\"2025-05-20T11:02:04+00:00\" \/>\n<meta property=\"og:image\" content=\"https:\/\/haptiel.nl\/deutsch\/wp-content\/uploads\/sites\/163\/2024\/09\/No-picture.jpg\" \/>\n\t<meta property=\"og:image:width\" content=\"121\" \/>\n\t<meta property=\"og:image:height\" content=\"69\" \/>\n\t<meta property=\"og:image:type\" content=\"image\/jpeg\" \/>\n<meta name=\"twitter:card\" content=\"summary_large_image\" \/>\n<meta name=\"twitter:label1\" content=\"Gesch\u00e4tzte Lesezeit\" \/>\n\t<meta name=\"twitter:data1\" content=\"10\u00a0Minuten\" \/>\n<script type=\"application\/ld+json\" class=\"yoast-schema-graph\">{\"@context\":\"https:\/\/schema.org\",\"@graph\":[{\"@type\":\"WebPage\",\"@id\":\"https:\/\/haptiel.nl\/deutsch\/privatsphare\/\",\"url\":\"https:\/\/haptiel.nl\/deutsch\/privatsphare\/\",\"name\":\"Datenschutz und Krankenakten - Huisartsenspoedpost Tiel - Deutsch\",\"isPartOf\":{\"@id\":\"https:\/\/haptiel.nl\/deutsch\/#website\"},\"primaryImageOfPage\":{\"@id\":\"https:\/\/haptiel.nl\/deutsch\/privatsphare\/#primaryimage\"},\"image\":{\"@id\":\"https:\/\/haptiel.nl\/deutsch\/privatsphare\/#primaryimage\"},\"thumbnailUrl\":\"https:\/\/haptiel.nl\/wp-content\/uploads\/sites\/27\/2024\/09\/No-picture.jpg\",\"datePublished\":\"2023-02-07T11:53:35+00:00\",\"dateModified\":\"2025-05-20T11:02:04+00:00\",\"description\":\"Auf unserer Seite Datenschutz und Krankenakten finden Sie weitere Informationen dar\u00fcber, wie Spoedpost Huisartsen Gelders Rivierenland mit Ihren personenbezogenen Daten umgeht.\",\"breadcrumb\":{\"@id\":\"https:\/\/haptiel.nl\/deutsch\/privatsphare\/#breadcrumb\"},\"inLanguage\":\"de\",\"potentialAction\":[{\"@type\":\"ReadAction\",\"target\":[\"https:\/\/haptiel.nl\/deutsch\/privatsphare\/\"]}]},{\"@type\":\"ImageObject\",\"inLanguage\":\"de\",\"@id\":\"https:\/\/haptiel.nl\/deutsch\/privatsphare\/#primaryimage\",\"url\":\"https:\/\/haptiel.nl\/wp-content\/uploads\/sites\/27\/2024\/09\/No-picture.jpg\",\"contentUrl\":\"https:\/\/haptiel.nl\/wp-content\/uploads\/sites\/27\/2024\/09\/No-picture.jpg\"},{\"@type\":\"BreadcrumbList\",\"@id\":\"https:\/\/haptiel.nl\/deutsch\/privatsphare\/#breadcrumb\",\"itemListElement\":[{\"@type\":\"ListItem\",\"position\":1,\"name\":\"Home\",\"item\":\"https:\/\/haptiel.nl\/deutsch\/\"},{\"@type\":\"ListItem\",\"position\":2,\"name\":\"Datenschutz und Krankenakten\"}]},{\"@type\":\"WebSite\",\"@id\":\"https:\/\/haptiel.nl\/deutsch\/#website\",\"url\":\"https:\/\/haptiel.nl\/deutsch\/\",\"name\":\"Huisartsenspoedpost Tiel - Deutsch\",\"description\":\"\",\"potentialAction\":[{\"@type\":\"SearchAction\",\"target\":{\"@type\":\"EntryPoint\",\"urlTemplate\":\"https:\/\/haptiel.nl\/deutsch\/?s={search_term_string}\"},\"query-input\":{\"@type\":\"PropertyValueSpecification\",\"valueRequired\":true,\"valueName\":\"search_term_string\"}}],\"inLanguage\":\"de\"}]}<\/script>\n<!-- \/ Yoast SEO plugin. -->","yoast_head_json":{"title":"Datenschutz und Krankenakten - Huisartsenspoedpost Tiel - Deutsch","description":"Auf unserer Seite Datenschutz und Krankenakten finden Sie weitere Informationen dar\u00fcber, wie Spoedpost Huisartsen Gelders Rivierenland mit Ihren personenbezogenen Daten umgeht.","robots":{"index":"index","follow":"follow","max-snippet":"max-snippet:-1","max-image-preview":"max-image-preview:large","max-video-preview":"max-video-preview:-1"},"canonical":"https:\/\/haptiel.nl\/deutsch\/privatsphare\/","og_locale":"de_DE","og_type":"article","og_title":"Datenschutz und Krankenakten - Huisartsenspoedpost Tiel - Deutsch","og_description":"Auf unserer Seite Datenschutz und Krankenakten finden Sie weitere Informationen dar\u00fcber, wie Spoedpost Huisartsen Gelders Rivierenland mit Ihren personenbezogenen Daten umgeht.","og_url":"https:\/\/haptiel.nl\/deutsch\/privatsphare\/","og_site_name":"Huisartsenspoedpost Tiel - Deutsch","article_modified_time":"2025-05-20T11:02:04+00:00","og_image":[{"width":121,"height":69,"url":"https:\/\/haptiel.nl\/deutsch\/wp-content\/uploads\/sites\/163\/2024\/09\/No-picture.jpg","type":"image\/jpeg"}],"twitter_card":"summary_large_image","twitter_misc":{"Gesch\u00e4tzte Lesezeit":"10\u00a0Minuten"},"schema":{"@context":"https:\/\/schema.org","@graph":[{"@type":"WebPage","@id":"https:\/\/haptiel.nl\/deutsch\/privatsphare\/","url":"https:\/\/haptiel.nl\/deutsch\/privatsphare\/","name":"Datenschutz und Krankenakten - Huisartsenspoedpost Tiel - Deutsch","isPartOf":{"@id":"https:\/\/haptiel.nl\/deutsch\/#website"},"primaryImageOfPage":{"@id":"https:\/\/haptiel.nl\/deutsch\/privatsphare\/#primaryimage"},"image":{"@id":"https:\/\/haptiel.nl\/deutsch\/privatsphare\/#primaryimage"},"thumbnailUrl":"https:\/\/haptiel.nl\/wp-content\/uploads\/sites\/27\/2024\/09\/No-picture.jpg","datePublished":"2023-02-07T11:53:35+00:00","dateModified":"2025-05-20T11:02:04+00:00","description":"Auf unserer Seite Datenschutz und Krankenakten finden Sie weitere Informationen dar\u00fcber, wie Spoedpost Huisartsen Gelders Rivierenland mit Ihren personenbezogenen Daten umgeht.","breadcrumb":{"@id":"https:\/\/haptiel.nl\/deutsch\/privatsphare\/#breadcrumb"},"inLanguage":"de","potentialAction":[{"@type":"ReadAction","target":["https:\/\/haptiel.nl\/deutsch\/privatsphare\/"]}]},{"@type":"ImageObject","inLanguage":"de","@id":"https:\/\/haptiel.nl\/deutsch\/privatsphare\/#primaryimage","url":"https:\/\/haptiel.nl\/wp-content\/uploads\/sites\/27\/2024\/09\/No-picture.jpg","contentUrl":"https:\/\/haptiel.nl\/wp-content\/uploads\/sites\/27\/2024\/09\/No-picture.jpg"},{"@type":"BreadcrumbList","@id":"https:\/\/haptiel.nl\/deutsch\/privatsphare\/#breadcrumb","itemListElement":[{"@type":"ListItem","position":1,"name":"Home","item":"https:\/\/haptiel.nl\/deutsch\/"},{"@type":"ListItem","position":2,"name":"Datenschutz und Krankenakten"}]},{"@type":"WebSite","@id":"https:\/\/haptiel.nl\/deutsch\/#website","url":"https:\/\/haptiel.nl\/deutsch\/","name":"Huisartsenspoedpost Tiel - Deutsch","description":"","potentialAction":[{"@type":"SearchAction","target":{"@type":"EntryPoint","urlTemplate":"https:\/\/haptiel.nl\/deutsch\/?s={search_term_string}"},"query-input":{"@type":"PropertyValueSpecification","valueRequired":true,"valueName":"search_term_string"}}],"inLanguage":"de"}]}},"_links":{"self":[{"href":"https:\/\/haptiel.nl\/deutsch\/wp-json\/wp\/v2\/pages\/1888","targetHints":{"allow":["GET"]}}],"collection":[{"href":"https:\/\/haptiel.nl\/deutsch\/wp-json\/wp\/v2\/pages"}],"about":[{"href":"https:\/\/haptiel.nl\/deutsch\/wp-json\/wp\/v2\/types\/page"}],"author":[{"embeddable":true,"href":"https:\/\/haptiel.nl\/deutsch\/wp-json\/wp\/v2\/users\/31"}],"replies":[{"embeddable":true,"href":"https:\/\/haptiel.nl\/deutsch\/wp-json\/wp\/v2\/comments?post=1888"}],"version-history":[{"count":12,"href":"https:\/\/haptiel.nl\/deutsch\/wp-json\/wp\/v2\/pages\/1888\/revisions"}],"predecessor-version":[{"id":4962,"href":"https:\/\/haptiel.nl\/deutsch\/wp-json\/wp\/v2\/pages\/1888\/revisions\/4962"}],"wp:attachment":[{"href":"https:\/\/haptiel.nl\/deutsch\/wp-json\/wp\/v2\/media?parent=1888"}],"curies":[{"name":"wp","href":"https:\/\/api.w.org\/{rel}","templated":true}]}}