{"id":2025,"date":"2023-02-07T15:05:51","date_gmt":"2023-02-07T14:05:51","guid":{"rendered":"https:\/\/multisite.mindd.dev\/hap-tiel\/?page_id=2025"},"modified":"2024-12-19T12:36:19","modified_gmt":"2024-12-19T11:36:19","slug":"qualitat","status":"publish","type":"page","link":"https:\/\/haptiel.nl\/deutsch\/qualitat\/","title":{"rendered":"Qualit\u00e4t"},"content":{"rendered":"\n<p>Bei der Notfallpost Allgemeinmediziner Gelders Rivierenland bem\u00fchen wir uns, unseren Patienten die beste Notfallversorgung zu bieten. Wir sind immer kritisch gegen\u00fcber unseren Prozessen und schauen, wo Dinge (so) verbessert werden k\u00f6nnen.<\/p>\n\n\n\n<p>Zus\u00e4tzlich zu den gesetzlichen Verpflichtungen (u.a. Gesetz \u00fcber Qualit\u00e4t, Beschwerden und Streitigkeiten im Gesundheitswesen, Wkkgz) erf\u00fcllen wir die Standards des Qualit\u00e4tsrahmenwerks f\u00fcr die Notfallversorgungskette. Dieser Qualit\u00e4tsrahmen beschreibt, wie die Parteien im Gesundheitswesen zusammenarbeiten, um jedem Patienten mit einem Notfallbedarf eine qualitativ hochwertige Versorgung zu bieten, 24 Stunden am Tag, 7 Tage die Woche.<\/p>\n\n\n\n<p>Dass wir die oben genannten Standards erf\u00fcllen, zeigt sich am G\u00fctezeichen. Jedes Jahr wird die Qualit\u00e4t unserer Pflege und Dienstleistungen von einer unabh\u00e4ngigen Organisation gepr\u00fcft.&nbsp; Sehen Sie sich den QR-Code unten an, um das aktuelle NEN-Zertifikat anzuzeigen.<\/p>\n\n\n\n<p>\n\n\n\n<figure class=\"wp-block-image size-full\"><img decoding=\"async\" width=\"193\" height=\"279\" src=\"https:\/\/haptiel.nl\/wp-content\/uploads\/sites\/27\/2024\/07\/thumbnail_image003.png\" alt=\"\" class=\"wp-image-4529\" \/><\/figure>\n\n\n\n<p><strong>Umfrage zur Patientenzufriedenheit<\/strong><\/p>\n\n\n\n<p>Wir sind gespannt auf Ihre Erfahrungen mit unserer Allgemeinen Notfallversorgung und m\u00f6chten Sie daher bitten, an einer Umfrage teilzunehmen. Die Antworten, die Sie uns geben, liefern uns n\u00fctzliche Informationen, aus denen wir lernen und die wir zur Verbesserung unserer Dienstleistungen nutzen k\u00f6nnen. \u00a0Zu den Fragen geh\u00f6rt, wie mit Ihnen gesprochen wurde, ob Ihnen ausreichend zugeh\u00f6rt wurde und ob Sie mit dem Rat oder der (vorgeschlagenen) Behandlung einverstanden waren.<\/p>\n\n\n\n<p>Bitte geben Sie Ihre Erfahrungen an uns weiter:&nbsp; <\/p>\n\n\n\n<ul class=\"wp-block-list\">\n<li>Haben Sie k\u00fcrzlich als Patient die Hausarztstelle besucht oder hat der Hausarzt Sie besucht? Dann bitten wir Sie&nbsp;, <a href=\"https:\/\/forms.mijnnpa.nl\/240160450821040\" target=\"_blank\" rel=\"noreferrer noopener\">diesen Fragebogen<\/a>&nbsp;auszuf\u00fcllen.<\/li>\n<\/ul>\n\n\n\n<p>Das Ausf\u00fcllen des Fragebogens dauert ca. 10 Minuten und ist anonym. Das bedeutet, dass die von Ihnen eingegebenen Daten nicht auf eine Person zur\u00fcckgef\u00fchrt werden k\u00f6nnen. <br><br>Vielen Dank f\u00fcr Ihre Mitarbeit!<\/p>\n\n\n\n<p>\n\n\n\n<p>\n","protected":false},"excerpt":{"rendered":"<p>Bei der Notfallpost Allgemeinmediziner Gelders Rivierenland bem\u00fchen wir uns, unseren Patienten die beste Notfallversorgung zu bieten. Wir sind immer kritisch gegen\u00fcber unseren Prozessen und schauen, wo Dinge (so) verbessert werden k\u00f6nnen. Zus\u00e4tzlich zu den gesetzlichen Verpflichtungen (u.a. Gesetz \u00fcber Qualit\u00e4t, Beschwerden und Streitigkeiten im Gesundheitswesen, Wkkgz) erf\u00fcllen wir die Standards des Qualit\u00e4tsrahmenwerks f\u00fcr die Notfallversorgungskette. [&hellip;]<\/p>\n","protected":false},"author":3,"featured_media":0,"parent":0,"menu_order":0,"comment_status":"closed","ping_status":"closed","template":"","meta":{"_acf_changed":false,"_trash_the_other_posts":false,"editor_notices":[],"footnotes":""},"class_list":["post-2025","page","type-page","status-publish","hentry"],"acf":[],"yoast_head":"<!-- This site is optimized with the Yoast SEO plugin v26.6 - https:\/\/yoast.com\/wordpress\/plugins\/seo\/ -->\n<title>Qualit\u00e4t - Huisartsenspoedpost Tiel - Deutsch<\/title>\n<meta name=\"description\" content=\"Bei der Notfallpost Allgemeinmediziner Gelders Rivierenland bem\u00fchen wir uns um die beste Versorgung der Patienten. Wir sind kritisch und schauen, ob es verbessert werden kann.\" \/>\n<meta name=\"robots\" content=\"index, follow, max-snippet:-1, max-image-preview:large, max-video-preview:-1\" \/>\n<link rel=\"canonical\" href=\"https:\/\/haptiel.nl\/deutsch\/qualitat\/\" \/>\n<meta property=\"og:locale\" content=\"de_DE\" \/>\n<meta property=\"og:type\" content=\"article\" \/>\n<meta property=\"og:title\" content=\"Qualit\u00e4t - Huisartsenspoedpost Tiel - Deutsch\" \/>\n<meta property=\"og:description\" content=\"Bei der Notfallpost Allgemeinmediziner Gelders Rivierenland bem\u00fchen wir uns um die beste Versorgung der Patienten. Wir sind kritisch und schauen, ob es verbessert werden kann.\" \/>\n<meta property=\"og:url\" content=\"https:\/\/haptiel.nl\/deutsch\/qualitat\/\" \/>\n<meta property=\"og:site_name\" content=\"Huisartsenspoedpost Tiel - Deutsch\" \/>\n<meta property=\"article:modified_time\" content=\"2024-12-19T11:36:19+00:00\" \/>\n<meta property=\"og:image\" content=\"https:\/\/haptiel.nl\/deutsch\/wp-content\/uploads\/sites\/163\/2024\/07\/thumbnail_image003.png\" \/>\n\t<meta property=\"og:image:width\" content=\"193\" \/>\n\t<meta property=\"og:image:height\" content=\"279\" \/>\n\t<meta property=\"og:image:type\" content=\"image\/png\" \/>\n<meta name=\"twitter:card\" content=\"summary_large_image\" \/>\n<meta name=\"twitter:label1\" content=\"Gesch\u00e4tzte Lesezeit\" \/>\n\t<meta name=\"twitter:data1\" content=\"2\u00a0Minuten\" \/>\n<script type=\"application\/ld+json\" class=\"yoast-schema-graph\">{\"@context\":\"https:\/\/schema.org\",\"@graph\":[{\"@type\":\"WebPage\",\"@id\":\"https:\/\/haptiel.nl\/deutsch\/qualitat\/\",\"url\":\"https:\/\/haptiel.nl\/deutsch\/qualitat\/\",\"name\":\"Qualit\u00e4t - Huisartsenspoedpost Tiel - Deutsch\",\"isPartOf\":{\"@id\":\"https:\/\/haptiel.nl\/deutsch\/#website\"},\"primaryImageOfPage\":{\"@id\":\"https:\/\/haptiel.nl\/deutsch\/qualitat\/#primaryimage\"},\"image\":{\"@id\":\"https:\/\/haptiel.nl\/deutsch\/qualitat\/#primaryimage\"},\"thumbnailUrl\":\"https:\/\/haptiel.nl\/wp-content\/uploads\/sites\/27\/2024\/07\/thumbnail_image003.png\",\"datePublished\":\"2023-02-07T14:05:51+00:00\",\"dateModified\":\"2024-12-19T11:36:19+00:00\",\"description\":\"Bei der Notfallpost Allgemeinmediziner Gelders Rivierenland bem\u00fchen wir uns um die beste Versorgung der Patienten. Wir sind kritisch und schauen, ob es verbessert werden kann.\",\"breadcrumb\":{\"@id\":\"https:\/\/haptiel.nl\/deutsch\/qualitat\/#breadcrumb\"},\"inLanguage\":\"de\",\"potentialAction\":[{\"@type\":\"ReadAction\",\"target\":[\"https:\/\/haptiel.nl\/deutsch\/qualitat\/\"]}]},{\"@type\":\"ImageObject\",\"inLanguage\":\"de\",\"@id\":\"https:\/\/haptiel.nl\/deutsch\/qualitat\/#primaryimage\",\"url\":\"https:\/\/haptiel.nl\/wp-content\/uploads\/sites\/27\/2024\/07\/thumbnail_image003.png\",\"contentUrl\":\"https:\/\/haptiel.nl\/wp-content\/uploads\/sites\/27\/2024\/07\/thumbnail_image003.png\"},{\"@type\":\"BreadcrumbList\",\"@id\":\"https:\/\/haptiel.nl\/deutsch\/qualitat\/#breadcrumb\",\"itemListElement\":[{\"@type\":\"ListItem\",\"position\":1,\"name\":\"Home\",\"item\":\"https:\/\/haptiel.nl\/deutsch\/\"},{\"@type\":\"ListItem\",\"position\":2,\"name\":\"Qualit\u00e4t\"}]},{\"@type\":\"WebSite\",\"@id\":\"https:\/\/haptiel.nl\/deutsch\/#website\",\"url\":\"https:\/\/haptiel.nl\/deutsch\/\",\"name\":\"Huisartsenspoedpost Tiel - Deutsch\",\"description\":\"\",\"potentialAction\":[{\"@type\":\"SearchAction\",\"target\":{\"@type\":\"EntryPoint\",\"urlTemplate\":\"https:\/\/haptiel.nl\/deutsch\/?s={search_term_string}\"},\"query-input\":{\"@type\":\"PropertyValueSpecification\",\"valueRequired\":true,\"valueName\":\"search_term_string\"}}],\"inLanguage\":\"de\"}]}<\/script>\n<!-- \/ Yoast SEO plugin. -->","yoast_head_json":{"title":"Qualit\u00e4t - Huisartsenspoedpost Tiel - Deutsch","description":"Bei der Notfallpost Allgemeinmediziner Gelders Rivierenland bem\u00fchen wir uns um die beste Versorgung der Patienten. Wir sind kritisch und schauen, ob es verbessert werden kann.","robots":{"index":"index","follow":"follow","max-snippet":"max-snippet:-1","max-image-preview":"max-image-preview:large","max-video-preview":"max-video-preview:-1"},"canonical":"https:\/\/haptiel.nl\/deutsch\/qualitat\/","og_locale":"de_DE","og_type":"article","og_title":"Qualit\u00e4t - Huisartsenspoedpost Tiel - Deutsch","og_description":"Bei der Notfallpost Allgemeinmediziner Gelders Rivierenland bem\u00fchen wir uns um die beste Versorgung der Patienten. Wir sind kritisch und schauen, ob es verbessert werden kann.","og_url":"https:\/\/haptiel.nl\/deutsch\/qualitat\/","og_site_name":"Huisartsenspoedpost Tiel - Deutsch","article_modified_time":"2024-12-19T11:36:19+00:00","og_image":[{"width":193,"height":279,"url":"https:\/\/haptiel.nl\/deutsch\/wp-content\/uploads\/sites\/163\/2024\/07\/thumbnail_image003.png","type":"image\/png"}],"twitter_card":"summary_large_image","twitter_misc":{"Gesch\u00e4tzte Lesezeit":"2\u00a0Minuten"},"schema":{"@context":"https:\/\/schema.org","@graph":[{"@type":"WebPage","@id":"https:\/\/haptiel.nl\/deutsch\/qualitat\/","url":"https:\/\/haptiel.nl\/deutsch\/qualitat\/","name":"Qualit\u00e4t - Huisartsenspoedpost Tiel - Deutsch","isPartOf":{"@id":"https:\/\/haptiel.nl\/deutsch\/#website"},"primaryImageOfPage":{"@id":"https:\/\/haptiel.nl\/deutsch\/qualitat\/#primaryimage"},"image":{"@id":"https:\/\/haptiel.nl\/deutsch\/qualitat\/#primaryimage"},"thumbnailUrl":"https:\/\/haptiel.nl\/wp-content\/uploads\/sites\/27\/2024\/07\/thumbnail_image003.png","datePublished":"2023-02-07T14:05:51+00:00","dateModified":"2024-12-19T11:36:19+00:00","description":"Bei der Notfallpost Allgemeinmediziner Gelders Rivierenland bem\u00fchen wir uns um die beste Versorgung der Patienten. Wir sind kritisch und schauen, ob es verbessert werden kann.","breadcrumb":{"@id":"https:\/\/haptiel.nl\/deutsch\/qualitat\/#breadcrumb"},"inLanguage":"de","potentialAction":[{"@type":"ReadAction","target":["https:\/\/haptiel.nl\/deutsch\/qualitat\/"]}]},{"@type":"ImageObject","inLanguage":"de","@id":"https:\/\/haptiel.nl\/deutsch\/qualitat\/#primaryimage","url":"https:\/\/haptiel.nl\/wp-content\/uploads\/sites\/27\/2024\/07\/thumbnail_image003.png","contentUrl":"https:\/\/haptiel.nl\/wp-content\/uploads\/sites\/27\/2024\/07\/thumbnail_image003.png"},{"@type":"BreadcrumbList","@id":"https:\/\/haptiel.nl\/deutsch\/qualitat\/#breadcrumb","itemListElement":[{"@type":"ListItem","position":1,"name":"Home","item":"https:\/\/haptiel.nl\/deutsch\/"},{"@type":"ListItem","position":2,"name":"Qualit\u00e4t"}]},{"@type":"WebSite","@id":"https:\/\/haptiel.nl\/deutsch\/#website","url":"https:\/\/haptiel.nl\/deutsch\/","name":"Huisartsenspoedpost Tiel - Deutsch","description":"","potentialAction":[{"@type":"SearchAction","target":{"@type":"EntryPoint","urlTemplate":"https:\/\/haptiel.nl\/deutsch\/?s={search_term_string}"},"query-input":{"@type":"PropertyValueSpecification","valueRequired":true,"valueName":"search_term_string"}}],"inLanguage":"de"}]}},"_links":{"self":[{"href":"https:\/\/haptiel.nl\/deutsch\/wp-json\/wp\/v2\/pages\/2025","targetHints":{"allow":["GET"]}}],"collection":[{"href":"https:\/\/haptiel.nl\/deutsch\/wp-json\/wp\/v2\/pages"}],"about":[{"href":"https:\/\/haptiel.nl\/deutsch\/wp-json\/wp\/v2\/types\/page"}],"author":[{"embeddable":true,"href":"https:\/\/haptiel.nl\/deutsch\/wp-json\/wp\/v2\/users\/3"}],"replies":[{"embeddable":true,"href":"https:\/\/haptiel.nl\/deutsch\/wp-json\/wp\/v2\/comments?post=2025"}],"version-history":[{"count":5,"href":"https:\/\/haptiel.nl\/deutsch\/wp-json\/wp\/v2\/pages\/2025\/revisions"}],"predecessor-version":[{"id":4901,"href":"https:\/\/haptiel.nl\/deutsch\/wp-json\/wp\/v2\/pages\/2025\/revisions\/4901"}],"wp:attachment":[{"href":"https:\/\/haptiel.nl\/deutsch\/wp-json\/wp\/v2\/media?parent=2025"}],"curies":[{"name":"wp","href":"https:\/\/api.w.org\/{rel}","templated":true}]}}