{"id":3401,"date":"2024-01-08T12:11:31","date_gmt":"2024-01-08T11:11:31","guid":{"rendered":"https:\/\/multisite.mindd.dev\/hap-tiel\/?page_id=3401"},"modified":"2024-12-19T12:36:11","modified_gmt":"2024-12-19T11:36:11","slug":"amtierender-allgemeinmediziner","status":"publish","type":"page","link":"https:\/\/haptiel.nl\/deutsch\/amtierender-allgemeinmediziner\/","title":{"rendered":"Amtierender Allgemeinmediziner"},"content":{"rendered":"\n<p><strong>Beobachten<\/strong><br>Sind Sie praktizierender Allgemeinmediziner und m\u00f6chten in unserer haus\u00e4rztlichen Notaufnahme in Tiel arbeiten?<br>Sie sind herzlich eingeladen, Teil unseres Teams zu werden.<br>\u00a0<br>Hierf\u00fcr k\u00f6nnen Sie sich \u00fcber die ObserverApp anmelden. Wenn Sie auf <a href=\"https:\/\/waarneemapp.nl\/organizations\/4684\/applications\/29\/apply\">diesen Link <\/a>klicken, durchlaufen Sie das Verfahren, um ein neuer amtierender Allgemeinmediziner zu werden. Dort werden die Zulassungsvoraussetzungen mitgeteilt.<br>Abh\u00e4ngig von der Rolle, die Sie in der ObserverApp haben m\u00f6chten, m\u00fcssen Sie ein Verfahren f\u00fcr VIP Observer, HIDHA oder Permanent Practice Observer durchlaufen, nachdem Sie dieses allgemeine Verfahren durchlaufen haben.<br>\u00a0<br>Nachdem Sie alle Unterlagen ausgef\u00fcllt haben, geben wir Ihnen die M\u00f6glichkeit, einen Onboarding-Service zu w\u00e4hlen. Ein Onboarding-Service ist nicht verpflichtend. Der Zweck eines Onboarding-Services besteht darin, Sie sowohl mit unserer Mail als auch mit unserem Patientensystem Topicus vertraut zu machen.<br>\u00a0<br><strong>Programm planen<\/strong><br>Emergency Post General Practitioners verwendet das kostenlose Terminplanungsprogramm der ObserverApp. Haben Sie bereits ein Konto? Dann k\u00f6nnen Sie nach der Abnahme, nachdem Sie das Abnahmeverfahren durchlaufen haben, unserer Organisation folgen. Sie haben noch kein Konto? \u00dcber <a href=\"https:\/\/waarneemapp.nl\/v\">diesen Link<\/a> k\u00f6nnen Sie kostenlos ein Konto erstellen.<br>\u00a0<br><strong>VIPLive Notfall-EPD (Topicus HAP)<\/strong><br>Allgemeinmediziner und Triage-Krankenschwestern der Notfallstation Gelders Rivierenland verwenden das VIPLive Emergency EPD-Triage-System (ehemals Topicus HAP). In diesem System werden die Triage (NTS), die Planung von Sprechstunden, die Registrierung von Patientendaten und die \u00dcbertragung organisiert.<br>\u00a0<br><strong>Ausbildung<\/strong><br>Emergency Post General Practitioners ist Teil der Pflegegruppe Gelders Rivierenland. Eine aktuelle \u00dcbersicht \u00fcber die Schulungen finden Sie <a href=\"https:\/\/www.gezondrivierenland.nl\/scholingen\">hier<\/a><br>Dar\u00fcber hinaus organisiert die Notfallstation f\u00fcr Allgemeinmediziner selbst auch eine Reihe von Fortbildungen, wie z.B. AED \/ Reanimation sowie Learning Pits. Dazu werden Sie per E-Mail eingeladen.<\/p>\n","protected":false},"excerpt":{"rendered":"<p>BeobachtenSind Sie praktizierender Allgemeinmediziner und m\u00f6chten in unserer haus\u00e4rztlichen Notaufnahme in Tiel arbeiten?Sie sind herzlich eingeladen, Teil unseres Teams zu werden.\u00a0Hierf\u00fcr k\u00f6nnen Sie sich \u00fcber die ObserverApp anmelden. Wenn Sie auf diesen Link klicken, durchlaufen Sie das Verfahren, um ein neuer amtierender Allgemeinmediziner zu werden. Dort werden die Zulassungsvoraussetzungen mitgeteilt.Abh\u00e4ngig von der Rolle, die Sie [&hellip;]<\/p>\n","protected":false},"author":31,"featured_media":0,"parent":0,"menu_order":0,"comment_status":"closed","ping_status":"closed","template":"","meta":{"_acf_changed":false,"_trash_the_other_posts":false,"editor_notices":[],"footnotes":""},"class_list":["post-3401","page","type-page","status-publish","hentry"],"acf":[],"yoast_head":"<!-- This site is optimized with the Yoast SEO plugin v26.6 - https:\/\/yoast.com\/wordpress\/plugins\/seo\/ -->\n<title>Amtierender Allgemeinmediziner - Huisartsenspoedpost Tiel - Deutsch<\/title>\n<meta name=\"robots\" content=\"index, follow, max-snippet:-1, max-image-preview:large, max-video-preview:-1\" \/>\n<link rel=\"canonical\" href=\"https:\/\/haptiel.nl\/deutsch\/amtierender-allgemeinmediziner\/\" \/>\n<meta property=\"og:locale\" content=\"de_DE\" \/>\n<meta property=\"og:type\" content=\"article\" \/>\n<meta property=\"og:title\" content=\"Amtierender Allgemeinmediziner - Huisartsenspoedpost Tiel - Deutsch\" \/>\n<meta property=\"og:description\" content=\"BeobachtenSind Sie praktizierender Allgemeinmediziner und m\u00f6chten in unserer haus\u00e4rztlichen Notaufnahme in Tiel arbeiten?Sie sind herzlich eingeladen, Teil unseres Teams zu werden.\u00a0Hierf\u00fcr k\u00f6nnen Sie sich \u00fcber die ObserverApp anmelden. Wenn Sie auf diesen Link klicken, durchlaufen Sie das Verfahren, um ein neuer amtierender Allgemeinmediziner zu werden. Dort werden die Zulassungsvoraussetzungen mitgeteilt.Abh\u00e4ngig von der Rolle, die Sie [&hellip;]\" \/>\n<meta property=\"og:url\" content=\"https:\/\/haptiel.nl\/deutsch\/amtierender-allgemeinmediziner\/\" \/>\n<meta property=\"og:site_name\" content=\"Huisartsenspoedpost Tiel - Deutsch\" \/>\n<meta property=\"article:modified_time\" content=\"2024-12-19T11:36:11+00:00\" \/>\n<meta name=\"twitter:card\" content=\"summary_large_image\" \/>\n<meta name=\"twitter:label1\" content=\"Gesch\u00e4tzte Lesezeit\" \/>\n\t<meta name=\"twitter:data1\" content=\"2\u00a0Minuten\" \/>\n<script type=\"application\/ld+json\" class=\"yoast-schema-graph\">{\"@context\":\"https:\/\/schema.org\",\"@graph\":[{\"@type\":\"WebPage\",\"@id\":\"https:\/\/haptiel.nl\/deutsch\/amtierender-allgemeinmediziner\/\",\"url\":\"https:\/\/haptiel.nl\/deutsch\/amtierender-allgemeinmediziner\/\",\"name\":\"Amtierender Allgemeinmediziner - Huisartsenspoedpost Tiel - Deutsch\",\"isPartOf\":{\"@id\":\"https:\/\/haptiel.nl\/deutsch\/#website\"},\"datePublished\":\"2024-01-08T11:11:31+00:00\",\"dateModified\":\"2024-12-19T11:36:11+00:00\",\"breadcrumb\":{\"@id\":\"https:\/\/haptiel.nl\/deutsch\/amtierender-allgemeinmediziner\/#breadcrumb\"},\"inLanguage\":\"de\",\"potentialAction\":[{\"@type\":\"ReadAction\",\"target\":[\"https:\/\/haptiel.nl\/deutsch\/amtierender-allgemeinmediziner\/\"]}]},{\"@type\":\"BreadcrumbList\",\"@id\":\"https:\/\/haptiel.nl\/deutsch\/amtierender-allgemeinmediziner\/#breadcrumb\",\"itemListElement\":[{\"@type\":\"ListItem\",\"position\":1,\"name\":\"Home\",\"item\":\"https:\/\/haptiel.nl\/deutsch\/\"},{\"@type\":\"ListItem\",\"position\":2,\"name\":\"Amtierender Allgemeinmediziner\"}]},{\"@type\":\"WebSite\",\"@id\":\"https:\/\/haptiel.nl\/deutsch\/#website\",\"url\":\"https:\/\/haptiel.nl\/deutsch\/\",\"name\":\"Huisartsenspoedpost Tiel - Deutsch\",\"description\":\"\",\"potentialAction\":[{\"@type\":\"SearchAction\",\"target\":{\"@type\":\"EntryPoint\",\"urlTemplate\":\"https:\/\/haptiel.nl\/deutsch\/?s={search_term_string}\"},\"query-input\":{\"@type\":\"PropertyValueSpecification\",\"valueRequired\":true,\"valueName\":\"search_term_string\"}}],\"inLanguage\":\"de\"}]}<\/script>\n<!-- \/ Yoast SEO plugin. -->","yoast_head_json":{"title":"Amtierender Allgemeinmediziner - Huisartsenspoedpost Tiel - Deutsch","robots":{"index":"index","follow":"follow","max-snippet":"max-snippet:-1","max-image-preview":"max-image-preview:large","max-video-preview":"max-video-preview:-1"},"canonical":"https:\/\/haptiel.nl\/deutsch\/amtierender-allgemeinmediziner\/","og_locale":"de_DE","og_type":"article","og_title":"Amtierender Allgemeinmediziner - Huisartsenspoedpost Tiel - Deutsch","og_description":"BeobachtenSind Sie praktizierender Allgemeinmediziner und m\u00f6chten in unserer haus\u00e4rztlichen Notaufnahme in Tiel arbeiten?Sie sind herzlich eingeladen, Teil unseres Teams zu werden.\u00a0Hierf\u00fcr k\u00f6nnen Sie sich \u00fcber die ObserverApp anmelden. Wenn Sie auf diesen Link klicken, durchlaufen Sie das Verfahren, um ein neuer amtierender Allgemeinmediziner zu werden. Dort werden die Zulassungsvoraussetzungen mitgeteilt.Abh\u00e4ngig von der Rolle, die Sie [&hellip;]","og_url":"https:\/\/haptiel.nl\/deutsch\/amtierender-allgemeinmediziner\/","og_site_name":"Huisartsenspoedpost Tiel - Deutsch","article_modified_time":"2024-12-19T11:36:11+00:00","twitter_card":"summary_large_image","twitter_misc":{"Gesch\u00e4tzte Lesezeit":"2\u00a0Minuten"},"schema":{"@context":"https:\/\/schema.org","@graph":[{"@type":"WebPage","@id":"https:\/\/haptiel.nl\/deutsch\/amtierender-allgemeinmediziner\/","url":"https:\/\/haptiel.nl\/deutsch\/amtierender-allgemeinmediziner\/","name":"Amtierender Allgemeinmediziner - Huisartsenspoedpost Tiel - Deutsch","isPartOf":{"@id":"https:\/\/haptiel.nl\/deutsch\/#website"},"datePublished":"2024-01-08T11:11:31+00:00","dateModified":"2024-12-19T11:36:11+00:00","breadcrumb":{"@id":"https:\/\/haptiel.nl\/deutsch\/amtierender-allgemeinmediziner\/#breadcrumb"},"inLanguage":"de","potentialAction":[{"@type":"ReadAction","target":["https:\/\/haptiel.nl\/deutsch\/amtierender-allgemeinmediziner\/"]}]},{"@type":"BreadcrumbList","@id":"https:\/\/haptiel.nl\/deutsch\/amtierender-allgemeinmediziner\/#breadcrumb","itemListElement":[{"@type":"ListItem","position":1,"name":"Home","item":"https:\/\/haptiel.nl\/deutsch\/"},{"@type":"ListItem","position":2,"name":"Amtierender Allgemeinmediziner"}]},{"@type":"WebSite","@id":"https:\/\/haptiel.nl\/deutsch\/#website","url":"https:\/\/haptiel.nl\/deutsch\/","name":"Huisartsenspoedpost Tiel - Deutsch","description":"","potentialAction":[{"@type":"SearchAction","target":{"@type":"EntryPoint","urlTemplate":"https:\/\/haptiel.nl\/deutsch\/?s={search_term_string}"},"query-input":{"@type":"PropertyValueSpecification","valueRequired":true,"valueName":"search_term_string"}}],"inLanguage":"de"}]}},"_links":{"self":[{"href":"https:\/\/haptiel.nl\/deutsch\/wp-json\/wp\/v2\/pages\/3401","targetHints":{"allow":["GET"]}}],"collection":[{"href":"https:\/\/haptiel.nl\/deutsch\/wp-json\/wp\/v2\/pages"}],"about":[{"href":"https:\/\/haptiel.nl\/deutsch\/wp-json\/wp\/v2\/types\/page"}],"author":[{"embeddable":true,"href":"https:\/\/haptiel.nl\/deutsch\/wp-json\/wp\/v2\/users\/31"}],"replies":[{"embeddable":true,"href":"https:\/\/haptiel.nl\/deutsch\/wp-json\/wp\/v2\/comments?post=3401"}],"version-history":[{"count":3,"href":"https:\/\/haptiel.nl\/deutsch\/wp-json\/wp\/v2\/pages\/3401\/revisions"}],"predecessor-version":[{"id":4897,"href":"https:\/\/haptiel.nl\/deutsch\/wp-json\/wp\/v2\/pages\/3401\/revisions\/4897"}],"wp:attachment":[{"href":"https:\/\/haptiel.nl\/deutsch\/wp-json\/wp\/v2\/media?parent=3401"}],"curies":[{"name":"wp","href":"https:\/\/api.w.org\/{rel}","templated":true}]}}