{"id":4521,"date":"2024-07-23T20:25:29","date_gmt":"2024-07-23T18:25:29","guid":{"rendered":"https:\/\/haptiel.nl\/?page_id=4521"},"modified":"2024-12-19T12:35:53","modified_gmt":"2024-12-19T11:35:53","slug":"umfrage-zur-patientenzufriedenheit","status":"publish","type":"page","link":"https:\/\/haptiel.nl\/deutsch\/umfrage-zur-patientenzufriedenheit\/","title":{"rendered":"Umfrage zur Patientenzufriedenheit"},"content":{"rendered":"\n<p><strong>Ihre Meinung z\u00e4hlt!<\/strong><\/p>\n\n\n\n<p>Unsere Hausarztstelle tr\u00e4gt das <a rel=\"noreferrer noopener\" target=\"_blank\" href=\"http:\/\/www.hkz.nl\/\">HKZ-G\u00fctezeichen<\/a>&nbsp;. Das bedeutet, dass Sie sich darauf verlassen k\u00f6nnen, dass unsere Hausarztstelle gut organisiert ist, die Qualit\u00e4t der Versorgung hoch ist und wir uns st\u00e4ndig weiterentwickeln, um Ihnen immer besser helfen zu k\u00f6nnen.&nbsp;<\/p>\n\n\n\n<p>Wir sind gespannt, wie Sie unsere Betreuung und Dienstleistungen erlebt haben. Aus diesem Grund bitten wir Sie, nach dem Kontakt&nbsp;(telefonisch, Ihrem Besuch bei uns oder dem Besuch des Arztes) eine Umfrage auszuf\u00fcllen. Ihre Meinung z\u00e4hlt und gibt uns wichtige Informationen, von denen wir lernen k\u00f6nnen.&nbsp;<\/p>\n\n\n\n<p><em><strong>M\u00f6chten auch Sie an der Umfrage teilnehmen?<\/strong><\/em><\/p>\n\n\n\n<ul class=\"wp-block-list\">\n<li>Haben Sie k\u00fcrzlich als Patient die Hausarztstelle besucht oder hat der Hausarzt Sie besucht? Dann bitten wir Sie, <a href=\"https:\/\/forms.mijnnpa.nl\/240160450821040\" target=\"_blank\" rel=\"noreferrer noopener\">diesen Fragebogen<\/a> auszuf\u00fcllen.<\/li>\n<\/ul>\n\n\n\n<p>Das Ausf\u00fcllen des Fragebogens dauert ca. 10 Minuten und ist anonym. Das bedeutet, dass die von Ihnen eingegebenen Daten nicht auf eine Person zur\u00fcckgef\u00fchrt werden k\u00f6nnen. <br><br>Vielen Dank f\u00fcr Ihre Mitarbeit!<\/p>\n","protected":false},"excerpt":{"rendered":"<p>Ihre Meinung z\u00e4hlt! Unsere Hausarztstelle tr\u00e4gt das HKZ-G\u00fctezeichen&nbsp;. Das bedeutet, dass Sie sich darauf verlassen k\u00f6nnen, dass unsere Hausarztstelle gut organisiert ist, die Qualit\u00e4t der Versorgung hoch ist und wir uns st\u00e4ndig weiterentwickeln, um Ihnen immer besser helfen zu k\u00f6nnen.&nbsp; Wir sind gespannt, wie Sie unsere Betreuung und Dienstleistungen erlebt haben. Aus diesem Grund bitten [&hellip;]<\/p>\n","protected":false},"author":91,"featured_media":0,"parent":0,"menu_order":0,"comment_status":"closed","ping_status":"closed","template":"","meta":{"_acf_changed":false,"_trash_the_other_posts":false,"editor_notices":[],"footnotes":""},"class_list":["post-4521","page","type-page","status-publish","hentry"],"acf":[],"yoast_head":"<!-- This site is optimized with the Yoast SEO plugin v26.6 - https:\/\/yoast.com\/wordpress\/plugins\/seo\/ -->\n<title>Umfrage zur Patientenzufriedenheit - Huisartsenspoedpost Tiel - Deutsch<\/title>\n<meta name=\"robots\" content=\"index, follow, max-snippet:-1, max-image-preview:large, max-video-preview:-1\" \/>\n<link rel=\"canonical\" href=\"https:\/\/haptiel.nl\/deutsch\/umfrage-zur-patientenzufriedenheit\/\" \/>\n<meta property=\"og:locale\" content=\"de_DE\" \/>\n<meta property=\"og:type\" content=\"article\" \/>\n<meta property=\"og:title\" content=\"Umfrage zur Patientenzufriedenheit - Huisartsenspoedpost Tiel - Deutsch\" \/>\n<meta property=\"og:description\" content=\"Ihre Meinung z\u00e4hlt! Unsere Hausarztstelle tr\u00e4gt das HKZ-G\u00fctezeichen&nbsp;. Das bedeutet, dass Sie sich darauf verlassen k\u00f6nnen, dass unsere Hausarztstelle gut organisiert ist, die Qualit\u00e4t der Versorgung hoch ist und wir uns st\u00e4ndig weiterentwickeln, um Ihnen immer besser helfen zu k\u00f6nnen.&nbsp; Wir sind gespannt, wie Sie unsere Betreuung und Dienstleistungen erlebt haben. Aus diesem Grund bitten [&hellip;]\" \/>\n<meta property=\"og:url\" content=\"https:\/\/haptiel.nl\/deutsch\/umfrage-zur-patientenzufriedenheit\/\" \/>\n<meta property=\"og:site_name\" content=\"Huisartsenspoedpost Tiel - Deutsch\" \/>\n<meta property=\"article:modified_time\" content=\"2024-12-19T11:35:53+00:00\" \/>\n<meta name=\"twitter:card\" content=\"summary_large_image\" \/>\n<meta name=\"twitter:label1\" content=\"Gesch\u00e4tzte Lesezeit\" \/>\n\t<meta name=\"twitter:data1\" content=\"1\u00a0Minute\" \/>\n<script type=\"application\/ld+json\" class=\"yoast-schema-graph\">{\"@context\":\"https:\/\/schema.org\",\"@graph\":[{\"@type\":\"WebPage\",\"@id\":\"https:\/\/haptiel.nl\/deutsch\/umfrage-zur-patientenzufriedenheit\/\",\"url\":\"https:\/\/haptiel.nl\/deutsch\/umfrage-zur-patientenzufriedenheit\/\",\"name\":\"Umfrage zur Patientenzufriedenheit - Huisartsenspoedpost Tiel - Deutsch\",\"isPartOf\":{\"@id\":\"https:\/\/haptiel.nl\/deutsch\/#website\"},\"datePublished\":\"2024-07-23T18:25:29+00:00\",\"dateModified\":\"2024-12-19T11:35:53+00:00\",\"breadcrumb\":{\"@id\":\"https:\/\/haptiel.nl\/deutsch\/umfrage-zur-patientenzufriedenheit\/#breadcrumb\"},\"inLanguage\":\"de\",\"potentialAction\":[{\"@type\":\"ReadAction\",\"target\":[\"https:\/\/haptiel.nl\/deutsch\/umfrage-zur-patientenzufriedenheit\/\"]}]},{\"@type\":\"BreadcrumbList\",\"@id\":\"https:\/\/haptiel.nl\/deutsch\/umfrage-zur-patientenzufriedenheit\/#breadcrumb\",\"itemListElement\":[{\"@type\":\"ListItem\",\"position\":1,\"name\":\"Home\",\"item\":\"https:\/\/haptiel.nl\/deutsch\/\"},{\"@type\":\"ListItem\",\"position\":2,\"name\":\"Umfrage zur Patientenzufriedenheit\"}]},{\"@type\":\"WebSite\",\"@id\":\"https:\/\/haptiel.nl\/deutsch\/#website\",\"url\":\"https:\/\/haptiel.nl\/deutsch\/\",\"name\":\"Huisartsenspoedpost Tiel - Deutsch\",\"description\":\"\",\"potentialAction\":[{\"@type\":\"SearchAction\",\"target\":{\"@type\":\"EntryPoint\",\"urlTemplate\":\"https:\/\/haptiel.nl\/deutsch\/?s={search_term_string}\"},\"query-input\":{\"@type\":\"PropertyValueSpecification\",\"valueRequired\":true,\"valueName\":\"search_term_string\"}}],\"inLanguage\":\"de\"}]}<\/script>\n<!-- \/ Yoast SEO plugin. -->","yoast_head_json":{"title":"Umfrage zur Patientenzufriedenheit - Huisartsenspoedpost Tiel - Deutsch","robots":{"index":"index","follow":"follow","max-snippet":"max-snippet:-1","max-image-preview":"max-image-preview:large","max-video-preview":"max-video-preview:-1"},"canonical":"https:\/\/haptiel.nl\/deutsch\/umfrage-zur-patientenzufriedenheit\/","og_locale":"de_DE","og_type":"article","og_title":"Umfrage zur Patientenzufriedenheit - Huisartsenspoedpost Tiel - Deutsch","og_description":"Ihre Meinung z\u00e4hlt! Unsere Hausarztstelle tr\u00e4gt das HKZ-G\u00fctezeichen&nbsp;. Das bedeutet, dass Sie sich darauf verlassen k\u00f6nnen, dass unsere Hausarztstelle gut organisiert ist, die Qualit\u00e4t der Versorgung hoch ist und wir uns st\u00e4ndig weiterentwickeln, um Ihnen immer besser helfen zu k\u00f6nnen.&nbsp; Wir sind gespannt, wie Sie unsere Betreuung und Dienstleistungen erlebt haben. Aus diesem Grund bitten [&hellip;]","og_url":"https:\/\/haptiel.nl\/deutsch\/umfrage-zur-patientenzufriedenheit\/","og_site_name":"Huisartsenspoedpost Tiel - Deutsch","article_modified_time":"2024-12-19T11:35:53+00:00","twitter_card":"summary_large_image","twitter_misc":{"Gesch\u00e4tzte Lesezeit":"1\u00a0Minute"},"schema":{"@context":"https:\/\/schema.org","@graph":[{"@type":"WebPage","@id":"https:\/\/haptiel.nl\/deutsch\/umfrage-zur-patientenzufriedenheit\/","url":"https:\/\/haptiel.nl\/deutsch\/umfrage-zur-patientenzufriedenheit\/","name":"Umfrage zur Patientenzufriedenheit - Huisartsenspoedpost Tiel - Deutsch","isPartOf":{"@id":"https:\/\/haptiel.nl\/deutsch\/#website"},"datePublished":"2024-07-23T18:25:29+00:00","dateModified":"2024-12-19T11:35:53+00:00","breadcrumb":{"@id":"https:\/\/haptiel.nl\/deutsch\/umfrage-zur-patientenzufriedenheit\/#breadcrumb"},"inLanguage":"de","potentialAction":[{"@type":"ReadAction","target":["https:\/\/haptiel.nl\/deutsch\/umfrage-zur-patientenzufriedenheit\/"]}]},{"@type":"BreadcrumbList","@id":"https:\/\/haptiel.nl\/deutsch\/umfrage-zur-patientenzufriedenheit\/#breadcrumb","itemListElement":[{"@type":"ListItem","position":1,"name":"Home","item":"https:\/\/haptiel.nl\/deutsch\/"},{"@type":"ListItem","position":2,"name":"Umfrage zur Patientenzufriedenheit"}]},{"@type":"WebSite","@id":"https:\/\/haptiel.nl\/deutsch\/#website","url":"https:\/\/haptiel.nl\/deutsch\/","name":"Huisartsenspoedpost Tiel - Deutsch","description":"","potentialAction":[{"@type":"SearchAction","target":{"@type":"EntryPoint","urlTemplate":"https:\/\/haptiel.nl\/deutsch\/?s={search_term_string}"},"query-input":{"@type":"PropertyValueSpecification","valueRequired":true,"valueName":"search_term_string"}}],"inLanguage":"de"}]}},"_links":{"self":[{"href":"https:\/\/haptiel.nl\/deutsch\/wp-json\/wp\/v2\/pages\/4521","targetHints":{"allow":["GET"]}}],"collection":[{"href":"https:\/\/haptiel.nl\/deutsch\/wp-json\/wp\/v2\/pages"}],"about":[{"href":"https:\/\/haptiel.nl\/deutsch\/wp-json\/wp\/v2\/types\/page"}],"author":[{"embeddable":true,"href":"https:\/\/haptiel.nl\/deutsch\/wp-json\/wp\/v2\/users\/91"}],"replies":[{"embeddable":true,"href":"https:\/\/haptiel.nl\/deutsch\/wp-json\/wp\/v2\/comments?post=4521"}],"version-history":[{"count":5,"href":"https:\/\/haptiel.nl\/deutsch\/wp-json\/wp\/v2\/pages\/4521\/revisions"}],"predecessor-version":[{"id":4887,"href":"https:\/\/haptiel.nl\/deutsch\/wp-json\/wp\/v2\/pages\/4521\/revisions\/4887"}],"wp:attachment":[{"href":"https:\/\/haptiel.nl\/deutsch\/wp-json\/wp\/v2\/media?parent=4521"}],"curies":[{"name":"wp","href":"https:\/\/api.w.org\/{rel}","templated":true}]}}