{"id":6,"date":"2022-08-09T13:57:18","date_gmt":"2022-08-09T11:57:18","guid":{"rendered":"https:\/\/multisite.mindd.dev\/hap-tiel\/?page_id=6"},"modified":"2024-12-20T09:36:41","modified_gmt":"2024-12-20T08:36:41","slug":"heim","status":"publish","type":"page","link":"https:\/\/haptiel.nl\/deutsch\/","title":{"rendered":"Heim"},"content":{"rendered":"","protected":false},"excerpt":{"rendered":"","protected":false},"author":3,"featured_media":0,"parent":0,"menu_order":0,"comment_status":"closed","ping_status":"closed","template":"","meta":{"_acf_changed":false,"_trash_the_other_posts":false,"editor_notices":[],"footnotes":""},"class_list":["post-6","page","type-page","status-publish","hentry"],"acf":[],"yoast_head":"<!-- This site is optimized with the Yoast SEO plugin v26.6 - https:\/\/yoast.com\/wordpress\/plugins\/seo\/ -->\n<title>Heim - Huisartsenspoedpost Tiel - Deutsch<\/title>\n<meta name=\"description\" content=\"Notaufnahme Allgemeinmediziner Gelders Rivierenland. 24\/7 f\u00fcr die Notfallversorgung verf\u00fcgbar. Besuchen Sie die Website f\u00fcr weitere Informationen und Kontaktdaten.\" \/>\n<meta name=\"robots\" content=\"index, follow, max-snippet:-1, max-image-preview:large, max-video-preview:-1\" \/>\n<link rel=\"canonical\" href=\"https:\/\/haptiel.nl\/deutsch\/\" \/>\n<meta property=\"og:locale\" content=\"de_DE\" \/>\n<meta property=\"og:type\" content=\"article\" \/>\n<meta property=\"og:title\" content=\"Heim - Huisartsenspoedpost Tiel - Deutsch\" \/>\n<meta property=\"og:description\" content=\"Notaufnahme Allgemeinmediziner Gelders Rivierenland. 24\/7 f\u00fcr die Notfallversorgung verf\u00fcgbar. Besuchen Sie die Website f\u00fcr weitere Informationen und Kontaktdaten.\" \/>\n<meta property=\"og:url\" content=\"https:\/\/haptiel.nl\/deutsch\/\" \/>\n<meta property=\"og:site_name\" content=\"Huisartsenspoedpost Tiel - Deutsch\" \/>\n<meta property=\"article:modified_time\" content=\"2024-12-20T08:36:41+00:00\" \/>\n<meta name=\"twitter:card\" content=\"summary_large_image\" \/>\n<script type=\"application\/ld+json\" class=\"yoast-schema-graph\">{\"@context\":\"https:\/\/schema.org\",\"@graph\":[{\"@type\":\"WebPage\",\"@id\":\"https:\/\/haptiel.nl\/deutsch\/\",\"url\":\"https:\/\/haptiel.nl\/deutsch\/\",\"name\":\"Heim - Huisartsenspoedpost Tiel - Deutsch\",\"isPartOf\":{\"@id\":\"https:\/\/haptiel.nl\/deutsch\/#website\"},\"datePublished\":\"2022-08-09T11:57:18+00:00\",\"dateModified\":\"2024-12-20T08:36:41+00:00\",\"description\":\"Notaufnahme Allgemeinmediziner Gelders Rivierenland. 24\/7 f\u00fcr die Notfallversorgung verf\u00fcgbar. Besuchen Sie die Website f\u00fcr weitere Informationen und Kontaktdaten.\",\"breadcrumb\":{\"@id\":\"https:\/\/haptiel.nl\/deutsch\/#breadcrumb\"},\"inLanguage\":\"de\",\"potentialAction\":[{\"@type\":\"ReadAction\",\"target\":[\"https:\/\/haptiel.nl\/deutsch\/\"]}]},{\"@type\":\"BreadcrumbList\",\"@id\":\"https:\/\/haptiel.nl\/deutsch\/#breadcrumb\",\"itemListElement\":[{\"@type\":\"ListItem\",\"position\":1,\"name\":\"Home\",\"item\":\"https:\/\/haptiel.nl\/deutsch\/\"},{\"@type\":\"ListItem\",\"position\":2,\"name\":\"Heim\"}]},{\"@type\":\"WebSite\",\"@id\":\"https:\/\/haptiel.nl\/deutsch\/#website\",\"url\":\"https:\/\/haptiel.nl\/deutsch\/\",\"name\":\"Huisartsenspoedpost Tiel - Deutsch\",\"description\":\"\",\"potentialAction\":[{\"@type\":\"SearchAction\",\"target\":{\"@type\":\"EntryPoint\",\"urlTemplate\":\"https:\/\/haptiel.nl\/deutsch\/?s={search_term_string}\"},\"query-input\":{\"@type\":\"PropertyValueSpecification\",\"valueRequired\":true,\"valueName\":\"search_term_string\"}}],\"inLanguage\":\"de\"}]}<\/script>\n<!-- \/ Yoast SEO plugin. -->","yoast_head_json":{"title":"Heim - Huisartsenspoedpost Tiel - Deutsch","description":"Notaufnahme Allgemeinmediziner Gelders Rivierenland. 24\/7 f\u00fcr die Notfallversorgung verf\u00fcgbar. Besuchen Sie die Website f\u00fcr weitere Informationen und Kontaktdaten.","robots":{"index":"index","follow":"follow","max-snippet":"max-snippet:-1","max-image-preview":"max-image-preview:large","max-video-preview":"max-video-preview:-1"},"canonical":"https:\/\/haptiel.nl\/deutsch\/","og_locale":"de_DE","og_type":"article","og_title":"Heim - Huisartsenspoedpost Tiel - Deutsch","og_description":"Notaufnahme Allgemeinmediziner Gelders Rivierenland. 24\/7 f\u00fcr die Notfallversorgung verf\u00fcgbar. Besuchen Sie die Website f\u00fcr weitere Informationen und Kontaktdaten.","og_url":"https:\/\/haptiel.nl\/deutsch\/","og_site_name":"Huisartsenspoedpost Tiel - Deutsch","article_modified_time":"2024-12-20T08:36:41+00:00","twitter_card":"summary_large_image","schema":{"@context":"https:\/\/schema.org","@graph":[{"@type":"WebPage","@id":"https:\/\/haptiel.nl\/deutsch\/","url":"https:\/\/haptiel.nl\/deutsch\/","name":"Heim - Huisartsenspoedpost Tiel - Deutsch","isPartOf":{"@id":"https:\/\/haptiel.nl\/deutsch\/#website"},"datePublished":"2022-08-09T11:57:18+00:00","dateModified":"2024-12-20T08:36:41+00:00","description":"Notaufnahme Allgemeinmediziner Gelders Rivierenland. 24\/7 f\u00fcr die Notfallversorgung verf\u00fcgbar. Besuchen Sie die Website f\u00fcr weitere Informationen und Kontaktdaten.","breadcrumb":{"@id":"https:\/\/haptiel.nl\/deutsch\/#breadcrumb"},"inLanguage":"de","potentialAction":[{"@type":"ReadAction","target":["https:\/\/haptiel.nl\/deutsch\/"]}]},{"@type":"BreadcrumbList","@id":"https:\/\/haptiel.nl\/deutsch\/#breadcrumb","itemListElement":[{"@type":"ListItem","position":1,"name":"Home","item":"https:\/\/haptiel.nl\/deutsch\/"},{"@type":"ListItem","position":2,"name":"Heim"}]},{"@type":"WebSite","@id":"https:\/\/haptiel.nl\/deutsch\/#website","url":"https:\/\/haptiel.nl\/deutsch\/","name":"Huisartsenspoedpost Tiel - Deutsch","description":"","potentialAction":[{"@type":"SearchAction","target":{"@type":"EntryPoint","urlTemplate":"https:\/\/haptiel.nl\/deutsch\/?s={search_term_string}"},"query-input":{"@type":"PropertyValueSpecification","valueRequired":true,"valueName":"search_term_string"}}],"inLanguage":"de"}]}},"_links":{"self":[{"href":"https:\/\/haptiel.nl\/deutsch\/wp-json\/wp\/v2\/pages\/6","targetHints":{"allow":["GET"]}}],"collection":[{"href":"https:\/\/haptiel.nl\/deutsch\/wp-json\/wp\/v2\/pages"}],"about":[{"href":"https:\/\/haptiel.nl\/deutsch\/wp-json\/wp\/v2\/types\/page"}],"author":[{"embeddable":true,"href":"https:\/\/haptiel.nl\/deutsch\/wp-json\/wp\/v2\/users\/3"}],"replies":[{"embeddable":true,"href":"https:\/\/haptiel.nl\/deutsch\/wp-json\/wp\/v2\/comments?post=6"}],"version-history":[{"count":2,"href":"https:\/\/haptiel.nl\/deutsch\/wp-json\/wp\/v2\/pages\/6\/revisions"}],"predecessor-version":[{"id":4935,"href":"https:\/\/haptiel.nl\/deutsch\/wp-json\/wp\/v2\/pages\/6\/revisions\/4935"}],"wp:attachment":[{"href":"https:\/\/haptiel.nl\/deutsch\/wp-json\/wp\/v2\/media?parent=6"}],"curies":[{"name":"wp","href":"https:\/\/api.w.org\/{rel}","templated":true}]}}