{"id":1869,"date":"2023-02-07T12:36:57","date_gmt":"2023-02-07T11:36:57","guid":{"rendered":"https:\/\/multisite.mindd.dev\/hap-tiel\/?page_id=1869"},"modified":"2024-12-19T12:36:42","modified_gmt":"2024-12-19T11:36:42","slug":"ilac","status":"publish","type":"page","link":"https:\/\/haptiel.nl\/turkce\/ilac\/","title":{"rendered":"Ila\u00e7"},"content":{"rendered":"\n\n\n<p>GP Acil Durum \u0130stasyonunda size ila\u00e7 re\u00e7ete ediliyor mu? Daha sonra do\u011frudan <a href=\"https:\/\/regioapotheek.uwapothekeronline.nl\/?HTTPSHASH\">B\u00f6lgesel Eczaneden<\/a> alabilirsiniz. Bu eczane g\u00fcn\u00fcn 24 saati a\u00e7\u0131kt\u0131r ve Pratisyen Hekimler i\u00e7in Acil Durum Postas\u0131&#8217;n\u0131n yan\u0131nda yer almaktad\u0131r.<\/p>\n\n\n\n<h2 class=\"wp-block-heading\">Yan\u0131n\u0131za ne al\u0131yorsunuz<\/h2>\n\n\n\n<p>B\u00f6lge Eczanesine mi gidiyorsunuz? Her zaman a\u015fa\u011f\u0131dakileri yan\u0131n\u0131za al\u0131n:<\/p>\n\n\n\n<ul class=\"wp-block-list\">\n<li>Doktordan ald\u0131\u011f\u0131n\u0131z re\u00e7ete<\/li>\n\n\n\n<li>Kimlik belgeniz<\/li>\n\n\n\n<li>Sa\u011fl\u0131k sigortas\u0131 bilgileriniz<\/li>\n\n\n\n<li>Nakit veya banka kart\u0131<\/li>\n\n\n\n<li>Aile hekiminizin ad\u0131<\/li>\n\n\n\n<li>Ald\u0131\u011f\u0131n\u0131z ila\u00e7lara genel bir bak\u0131\u015f<\/li>\n<\/ul>\n\n\n\n<p>Tekrarlanan re\u00e7eteler i\u00e7in l\u00fctfen Regio Apotheek Rivierenland ile ileti\u015fime ge\u00e7in.<\/p>\n","protected":false},"excerpt":{"rendered":"<p>GP Acil Durum \u0130stasyonunda size ila\u00e7 re\u00e7ete ediliyor mu? Daha sonra do\u011frudan B\u00f6lgesel Eczaneden alabilirsiniz. Bu eczane g\u00fcn\u00fcn 24 saati a\u00e7\u0131kt\u0131r ve Pratisyen Hekimler i\u00e7in Acil Durum Postas\u0131&#8217;n\u0131n yan\u0131nda yer almaktad\u0131r. Yan\u0131n\u0131za ne al\u0131yorsunuz B\u00f6lge Eczanesine mi gidiyorsunuz? Her zaman a\u015fa\u011f\u0131dakileri yan\u0131n\u0131za al\u0131n: Tekrarlanan re\u00e7eteler i\u00e7in l\u00fctfen Regio Apotheek Rivierenland ile ileti\u015fime ge\u00e7in.<\/p>\n","protected":false},"author":3,"featured_media":0,"parent":0,"menu_order":0,"comment_status":"closed","ping_status":"closed","template":"","meta":{"_acf_changed":false,"_trash_the_other_posts":false,"editor_notices":[],"footnotes":""},"class_list":["post-1869","page","type-page","status-publish","hentry"],"acf":[],"yoast_head":"<!-- This site is optimized with the Yoast SEO plugin v26.6 - https:\/\/yoast.com\/wordpress\/plugins\/seo\/ -->\n<title>Ila\u00e7 - Huisartsenspoedpost Tiel - T\u00fcrk\u00e7e<\/title>\n<meta name=\"description\" content=\"Krijgt u medicijnen voorgeschreven op de Spoedpost Huisartsen? Dan kunt u die direct ophalen bij de Regioapotheek deze is 24\/7 open.\" \/>\n<meta name=\"robots\" content=\"index, follow, max-snippet:-1, max-image-preview:large, max-video-preview:-1\" \/>\n<link rel=\"canonical\" href=\"https:\/\/haptiel.nl\/turkce\/medicijnen\/\" \/>\n<meta property=\"og:locale\" content=\"tr_TR\" \/>\n<meta property=\"og:type\" content=\"article\" \/>\n<meta property=\"og:title\" content=\"Ila\u00e7 - Huisartsenspoedpost Tiel - T\u00fcrk\u00e7e\" \/>\n<meta property=\"og:description\" content=\"Krijgt u medicijnen voorgeschreven op de Spoedpost Huisartsen? Dan kunt u die direct ophalen bij de Regioapotheek deze is 24\/7 open.\" \/>\n<meta property=\"og:url\" content=\"https:\/\/haptiel.nl\/turkce\/medicijnen\/\" \/>\n<meta property=\"og:site_name\" content=\"Huisartsenspoedpost Tiel - T\u00fcrk\u00e7e\" \/>\n<meta property=\"article:modified_time\" content=\"2024-12-19T11:36:42+00:00\" \/>\n<meta name=\"twitter:card\" content=\"summary_large_image\" \/>\n<meta name=\"twitter:label1\" content=\"Tahmini okuma s\u00fcresi\" \/>\n\t<meta name=\"twitter:data1\" content=\"1 dakika\" \/>\n<script type=\"application\/ld+json\" class=\"yoast-schema-graph\">{\"@context\":\"https:\/\/schema.org\",\"@graph\":[{\"@type\":\"WebPage\",\"@id\":\"https:\/\/haptiel.nl\/turkce\/medicijnen\/\",\"url\":\"https:\/\/haptiel.nl\/turkce\/medicijnen\/\",\"name\":\"Ila\u00e7 - Huisartsenspoedpost Tiel - T\u00fcrk\u00e7e\",\"isPartOf\":{\"@id\":\"https:\/\/haptiel.nl\/turkce\/#website\"},\"datePublished\":\"2023-02-07T11:36:57+00:00\",\"dateModified\":\"2024-12-19T11:36:42+00:00\",\"description\":\"Krijgt u medicijnen voorgeschreven op de Spoedpost Huisartsen? Dan kunt u die direct ophalen bij de Regioapotheek deze is 24\/7 open.\",\"breadcrumb\":{\"@id\":\"https:\/\/haptiel.nl\/turkce\/medicijnen\/#breadcrumb\"},\"inLanguage\":\"tr\",\"potentialAction\":[{\"@type\":\"ReadAction\",\"target\":[\"https:\/\/haptiel.nl\/turkce\/medicijnen\/\"]}]},{\"@type\":\"BreadcrumbList\",\"@id\":\"https:\/\/haptiel.nl\/turkce\/medicijnen\/#breadcrumb\",\"itemListElement\":[{\"@type\":\"ListItem\",\"position\":1,\"name\":\"Home\",\"item\":\"https:\/\/haptiel.nl\/turkce\/\"},{\"@type\":\"ListItem\",\"position\":2,\"name\":\"Medicijnen\"}]},{\"@type\":\"WebSite\",\"@id\":\"https:\/\/haptiel.nl\/turkce\/#website\",\"url\":\"https:\/\/haptiel.nl\/turkce\/\",\"name\":\"Huisartsenspoedpost Tiel - T\u00fcrk\u00e7e\",\"description\":\"\",\"potentialAction\":[{\"@type\":\"SearchAction\",\"target\":{\"@type\":\"EntryPoint\",\"urlTemplate\":\"https:\/\/haptiel.nl\/turkce\/?s={search_term_string}\"},\"query-input\":{\"@type\":\"PropertyValueSpecification\",\"valueRequired\":true,\"valueName\":\"search_term_string\"}}],\"inLanguage\":\"tr\"}]}<\/script>\n<!-- \/ Yoast SEO plugin. -->","yoast_head_json":{"title":"Ila\u00e7 - Huisartsenspoedpost Tiel - T\u00fcrk\u00e7e","description":"Krijgt u medicijnen voorgeschreven op de Spoedpost Huisartsen? Dan kunt u die direct ophalen bij de Regioapotheek deze is 24\/7 open.","robots":{"index":"index","follow":"follow","max-snippet":"max-snippet:-1","max-image-preview":"max-image-preview:large","max-video-preview":"max-video-preview:-1"},"canonical":"https:\/\/haptiel.nl\/turkce\/medicijnen\/","og_locale":"tr_TR","og_type":"article","og_title":"Ila\u00e7 - Huisartsenspoedpost Tiel - T\u00fcrk\u00e7e","og_description":"Krijgt u medicijnen voorgeschreven op de Spoedpost Huisartsen? Dan kunt u die direct ophalen bij de Regioapotheek deze is 24\/7 open.","og_url":"https:\/\/haptiel.nl\/turkce\/medicijnen\/","og_site_name":"Huisartsenspoedpost Tiel - T\u00fcrk\u00e7e","article_modified_time":"2024-12-19T11:36:42+00:00","twitter_card":"summary_large_image","twitter_misc":{"Tahmini okuma s\u00fcresi":"1 dakika"},"schema":{"@context":"https:\/\/schema.org","@graph":[{"@type":"WebPage","@id":"https:\/\/haptiel.nl\/turkce\/medicijnen\/","url":"https:\/\/haptiel.nl\/turkce\/medicijnen\/","name":"Ila\u00e7 - Huisartsenspoedpost Tiel - T\u00fcrk\u00e7e","isPartOf":{"@id":"https:\/\/haptiel.nl\/turkce\/#website"},"datePublished":"2023-02-07T11:36:57+00:00","dateModified":"2024-12-19T11:36:42+00:00","description":"Krijgt u medicijnen voorgeschreven op de Spoedpost Huisartsen? Dan kunt u die direct ophalen bij de Regioapotheek deze is 24\/7 open.","breadcrumb":{"@id":"https:\/\/haptiel.nl\/turkce\/medicijnen\/#breadcrumb"},"inLanguage":"tr","potentialAction":[{"@type":"ReadAction","target":["https:\/\/haptiel.nl\/turkce\/medicijnen\/"]}]},{"@type":"BreadcrumbList","@id":"https:\/\/haptiel.nl\/turkce\/medicijnen\/#breadcrumb","itemListElement":[{"@type":"ListItem","position":1,"name":"Home","item":"https:\/\/haptiel.nl\/turkce\/"},{"@type":"ListItem","position":2,"name":"Medicijnen"}]},{"@type":"WebSite","@id":"https:\/\/haptiel.nl\/turkce\/#website","url":"https:\/\/haptiel.nl\/turkce\/","name":"Huisartsenspoedpost Tiel - T\u00fcrk\u00e7e","description":"","potentialAction":[{"@type":"SearchAction","target":{"@type":"EntryPoint","urlTemplate":"https:\/\/haptiel.nl\/turkce\/?s={search_term_string}"},"query-input":{"@type":"PropertyValueSpecification","valueRequired":true,"valueName":"search_term_string"}}],"inLanguage":"tr"}]}},"_links":{"self":[{"href":"https:\/\/haptiel.nl\/turkce\/wp-json\/wp\/v2\/pages\/1869","targetHints":{"allow":["GET"]}}],"collection":[{"href":"https:\/\/haptiel.nl\/turkce\/wp-json\/wp\/v2\/pages"}],"about":[{"href":"https:\/\/haptiel.nl\/turkce\/wp-json\/wp\/v2\/types\/page"}],"author":[{"embeddable":true,"href":"https:\/\/haptiel.nl\/turkce\/wp-json\/wp\/v2\/users\/3"}],"replies":[{"embeddable":true,"href":"https:\/\/haptiel.nl\/turkce\/wp-json\/wp\/v2\/comments?post=1869"}],"version-history":[{"count":1,"href":"https:\/\/haptiel.nl\/turkce\/wp-json\/wp\/v2\/pages\/1869\/revisions"}],"predecessor-version":[{"id":4930,"href":"https:\/\/haptiel.nl\/turkce\/wp-json\/wp\/v2\/pages\/1869\/revisions\/4930"}],"wp:attachment":[{"href":"https:\/\/haptiel.nl\/turkce\/wp-json\/wp\/v2\/media?parent=1869"}],"curies":[{"name":"wp","href":"https:\/\/api.w.org\/{rel}","templated":true}]}}