{"id":1880,"date":"2023-02-07T12:47:50","date_gmt":"2023-02-07T11:47:50","guid":{"rendered":"https:\/\/multisite.mindd.dev\/hap-tiel\/?page_id=1880"},"modified":"2024-12-19T12:36:37","modified_gmt":"2024-12-19T11:36:37","slug":"bir-iltifat-var-mi","status":"publish","type":"page","link":"https:\/\/haptiel.nl\/turkce\/bir-iltifat-var-mi\/","title":{"rendered":"Bir iltifat\u0131n\u0131z var m\u0131?"},"content":{"rendered":"\n\n\n<p>GP Acil Durum \u0130stasyonuna yapt\u0131\u011f\u0131n\u0131z ziyaretten memnun kald\u0131n\u0131z m\u0131? Sizden haber almak isteriz. Formu doldurun ve &#8216;g\u00f6nder&#8217;e bas\u0131n. Te\u015fekk\u00fcr ederim!<\/p>\n\n\n\n<div class=\"wp-block-buttons is-layout-flex wp-block-buttons-is-layout-flex\"><\/div>\n\n\n\n<div class=\"wp-block-buttons is-layout-flex wp-block-buttons-is-layout-flex\">\n<div class=\"wp-block-button aligncenter is-style-outline is-style-outline--1\"><a class=\"wp-block-button__link wp-element-button\" href=\"https:\/\/c6253.patientsafety.com\/portal\/#\/form\/4ffa0946-6e06-c0b4-a960-a559f07aafed\" target=\"_blank\" rel=\"noreferrer noopener\">Form<\/a><\/div>\n<\/div>\n","protected":false},"excerpt":{"rendered":"<p>GP Acil Durum \u0130stasyonuna yapt\u0131\u011f\u0131n\u0131z ziyaretten memnun kald\u0131n\u0131z m\u0131? Sizden haber almak isteriz. Formu doldurun ve &#8216;g\u00f6nder&#8217;e bas\u0131n. Te\u015fekk\u00fcr ederim!<\/p>\n","protected":false},"author":3,"featured_media":0,"parent":0,"menu_order":0,"comment_status":"closed","ping_status":"closed","template":"","meta":{"_acf_changed":false,"_trash_the_other_posts":false,"editor_notices":[],"footnotes":""},"class_list":["post-1880","page","type-page","status-publish","hentry"],"acf":[],"yoast_head":"<!-- This site is optimized with the Yoast SEO plugin v26.6 - https:\/\/yoast.com\/wordpress\/plugins\/seo\/ -->\n<title>Bir iltifat\u0131n\u0131z var m\u0131? - Huisartsenspoedpost Tiel - T\u00fcrk\u00e7e<\/title>\n<meta name=\"description\" content=\"Heeft u positieve ervaringen gehad met Spoedpost Huisartsen Gelders Rivierenland? Laat het ons weten! Uw feedback helpt ons te verbeteren.\" \/>\n<meta name=\"robots\" content=\"index, follow, max-snippet:-1, max-image-preview:large, max-video-preview:-1\" \/>\n<link rel=\"canonical\" href=\"https:\/\/haptiel.nl\/turkce\/heeft-u-een-compliment\/\" \/>\n<meta property=\"og:locale\" content=\"tr_TR\" \/>\n<meta property=\"og:type\" content=\"article\" \/>\n<meta property=\"og:title\" content=\"Bir iltifat\u0131n\u0131z var m\u0131? - Huisartsenspoedpost Tiel - T\u00fcrk\u00e7e\" \/>\n<meta property=\"og:description\" content=\"Heeft u positieve ervaringen gehad met Spoedpost Huisartsen Gelders Rivierenland? Laat het ons weten! Uw feedback helpt ons te verbeteren.\" \/>\n<meta property=\"og:url\" content=\"https:\/\/haptiel.nl\/turkce\/heeft-u-een-compliment\/\" \/>\n<meta property=\"og:site_name\" content=\"Huisartsenspoedpost Tiel - T\u00fcrk\u00e7e\" \/>\n<meta property=\"article:modified_time\" content=\"2024-12-19T11:36:37+00:00\" \/>\n<meta name=\"twitter:card\" content=\"summary_large_image\" \/>\n<meta name=\"twitter:label1\" content=\"Tahmini okuma s\u00fcresi\" \/>\n\t<meta name=\"twitter:data1\" content=\"1 dakika\" \/>\n<script type=\"application\/ld+json\" class=\"yoast-schema-graph\">{\"@context\":\"https:\/\/schema.org\",\"@graph\":[{\"@type\":\"WebPage\",\"@id\":\"https:\/\/haptiel.nl\/turkce\/heeft-u-een-compliment\/\",\"url\":\"https:\/\/haptiel.nl\/turkce\/heeft-u-een-compliment\/\",\"name\":\"Bir iltifat\u0131n\u0131z var m\u0131? - Huisartsenspoedpost Tiel - T\u00fcrk\u00e7e\",\"isPartOf\":{\"@id\":\"https:\/\/haptiel.nl\/turkce\/#website\"},\"datePublished\":\"2023-02-07T11:47:50+00:00\",\"dateModified\":\"2024-12-19T11:36:37+00:00\",\"description\":\"Heeft u positieve ervaringen gehad met Spoedpost Huisartsen Gelders Rivierenland? Laat het ons weten! Uw feedback helpt ons te verbeteren.\",\"breadcrumb\":{\"@id\":\"https:\/\/haptiel.nl\/turkce\/heeft-u-een-compliment\/#breadcrumb\"},\"inLanguage\":\"tr\",\"potentialAction\":[{\"@type\":\"ReadAction\",\"target\":[\"https:\/\/haptiel.nl\/turkce\/heeft-u-een-compliment\/\"]}]},{\"@type\":\"BreadcrumbList\",\"@id\":\"https:\/\/haptiel.nl\/turkce\/heeft-u-een-compliment\/#breadcrumb\",\"itemListElement\":[{\"@type\":\"ListItem\",\"position\":1,\"name\":\"Home\",\"item\":\"https:\/\/haptiel.nl\/turkce\/\"},{\"@type\":\"ListItem\",\"position\":2,\"name\":\"Heeft u een compliment?\"}]},{\"@type\":\"WebSite\",\"@id\":\"https:\/\/haptiel.nl\/turkce\/#website\",\"url\":\"https:\/\/haptiel.nl\/turkce\/\",\"name\":\"Huisartsenspoedpost Tiel - T\u00fcrk\u00e7e\",\"description\":\"\",\"potentialAction\":[{\"@type\":\"SearchAction\",\"target\":{\"@type\":\"EntryPoint\",\"urlTemplate\":\"https:\/\/haptiel.nl\/turkce\/?s={search_term_string}\"},\"query-input\":{\"@type\":\"PropertyValueSpecification\",\"valueRequired\":true,\"valueName\":\"search_term_string\"}}],\"inLanguage\":\"tr\"}]}<\/script>\n<!-- \/ Yoast SEO plugin. -->","yoast_head_json":{"title":"Bir iltifat\u0131n\u0131z var m\u0131? - Huisartsenspoedpost Tiel - T\u00fcrk\u00e7e","description":"Heeft u positieve ervaringen gehad met Spoedpost Huisartsen Gelders Rivierenland? Laat het ons weten! Uw feedback helpt ons te verbeteren.","robots":{"index":"index","follow":"follow","max-snippet":"max-snippet:-1","max-image-preview":"max-image-preview:large","max-video-preview":"max-video-preview:-1"},"canonical":"https:\/\/haptiel.nl\/turkce\/heeft-u-een-compliment\/","og_locale":"tr_TR","og_type":"article","og_title":"Bir iltifat\u0131n\u0131z var m\u0131? - Huisartsenspoedpost Tiel - T\u00fcrk\u00e7e","og_description":"Heeft u positieve ervaringen gehad met Spoedpost Huisartsen Gelders Rivierenland? Laat het ons weten! Uw feedback helpt ons te verbeteren.","og_url":"https:\/\/haptiel.nl\/turkce\/heeft-u-een-compliment\/","og_site_name":"Huisartsenspoedpost Tiel - T\u00fcrk\u00e7e","article_modified_time":"2024-12-19T11:36:37+00:00","twitter_card":"summary_large_image","twitter_misc":{"Tahmini okuma s\u00fcresi":"1 dakika"},"schema":{"@context":"https:\/\/schema.org","@graph":[{"@type":"WebPage","@id":"https:\/\/haptiel.nl\/turkce\/heeft-u-een-compliment\/","url":"https:\/\/haptiel.nl\/turkce\/heeft-u-een-compliment\/","name":"Bir iltifat\u0131n\u0131z var m\u0131? - Huisartsenspoedpost Tiel - T\u00fcrk\u00e7e","isPartOf":{"@id":"https:\/\/haptiel.nl\/turkce\/#website"},"datePublished":"2023-02-07T11:47:50+00:00","dateModified":"2024-12-19T11:36:37+00:00","description":"Heeft u positieve ervaringen gehad met Spoedpost Huisartsen Gelders Rivierenland? Laat het ons weten! Uw feedback helpt ons te verbeteren.","breadcrumb":{"@id":"https:\/\/haptiel.nl\/turkce\/heeft-u-een-compliment\/#breadcrumb"},"inLanguage":"tr","potentialAction":[{"@type":"ReadAction","target":["https:\/\/haptiel.nl\/turkce\/heeft-u-een-compliment\/"]}]},{"@type":"BreadcrumbList","@id":"https:\/\/haptiel.nl\/turkce\/heeft-u-een-compliment\/#breadcrumb","itemListElement":[{"@type":"ListItem","position":1,"name":"Home","item":"https:\/\/haptiel.nl\/turkce\/"},{"@type":"ListItem","position":2,"name":"Heeft u een compliment?"}]},{"@type":"WebSite","@id":"https:\/\/haptiel.nl\/turkce\/#website","url":"https:\/\/haptiel.nl\/turkce\/","name":"Huisartsenspoedpost Tiel - T\u00fcrk\u00e7e","description":"","potentialAction":[{"@type":"SearchAction","target":{"@type":"EntryPoint","urlTemplate":"https:\/\/haptiel.nl\/turkce\/?s={search_term_string}"},"query-input":{"@type":"PropertyValueSpecification","valueRequired":true,"valueName":"search_term_string"}}],"inLanguage":"tr"}]}},"_links":{"self":[{"href":"https:\/\/haptiel.nl\/turkce\/wp-json\/wp\/v2\/pages\/1880","targetHints":{"allow":["GET"]}}],"collection":[{"href":"https:\/\/haptiel.nl\/turkce\/wp-json\/wp\/v2\/pages"}],"about":[{"href":"https:\/\/haptiel.nl\/turkce\/wp-json\/wp\/v2\/types\/page"}],"author":[{"embeddable":true,"href":"https:\/\/haptiel.nl\/turkce\/wp-json\/wp\/v2\/users\/3"}],"replies":[{"embeddable":true,"href":"https:\/\/haptiel.nl\/turkce\/wp-json\/wp\/v2\/comments?post=1880"}],"version-history":[{"count":1,"href":"https:\/\/haptiel.nl\/turkce\/wp-json\/wp\/v2\/pages\/1880\/revisions"}],"predecessor-version":[{"id":4927,"href":"https:\/\/haptiel.nl\/turkce\/wp-json\/wp\/v2\/pages\/1880\/revisions\/4927"}],"wp:attachment":[{"href":"https:\/\/haptiel.nl\/turkce\/wp-json\/wp\/v2\/media?parent=1880"}],"curies":[{"name":"wp","href":"https:\/\/api.w.org\/{rel}","templated":true}]}}