{"id":1923,"date":"2023-02-07T14:19:43","date_gmt":"2023-02-07T13:19:43","guid":{"rendered":"https:\/\/multisite.mindd.dev\/hap-tiel\/?page_id=1923"},"modified":"2025-07-23T12:34:52","modified_gmt":"2025-07-23T10:34:52","slug":"faaliyet-raporlari","status":"publish","type":"page","link":"https:\/\/haptiel.nl\/turkce\/faaliyet-raporlari\/","title":{"rendered":"Faaliyet raporlar\u0131"},"content":{"rendered":"\n\n\n<ul class=\"wp-block-list\">\n<li><a href=\"https:\/\/www.gezondrivierenland.nl\/uploads\/filemanager\/ZGR_Jaarbericht_2024.pdf\">2024<\/a><\/li>\n\n\n\n<li><a href=\"https:\/\/haptiel.nl\/wp-content\/uploads\/sites\/27\/2024\/08\/Jaarbericht-2023.pdf\" target=\"_blank\" rel=\"noreferrer noopener\">2023<\/a><\/li>\n\n\n\n<li><a href=\"https:\/\/haptiel.nl\/wp-content\/uploads\/sites\/27\/2024\/08\/Jaarbericht-2022-1.pdf\" target=\"_blank\" rel=\"noreferrer noopener\">2022<\/a><\/li>\n\n\n\n<li><a href=\"https:\/\/haptiel.nl\/wp-content\/uploads\/sites\/27\/2023\/02\/Jaarverslag2021_Zorggroep_def.pdf\" target=\"_blank\" rel=\"noreferrer noopener\">2021<\/a><\/li>\n\n\n\n<li><a href=\"https:\/\/haptiel.nl\/wp-content\/uploads\/sites\/27\/2023\/02\/Jaarverslag_2020_-_Zorggroep_Gelders_Rivierenland.pdf\" target=\"_blank\" rel=\"noreferrer noopener\">2020<\/a><\/li>\n\n\n\n<li><a href=\"https:\/\/haptiel.nl\/wp-content\/uploads\/sites\/27\/2023\/02\/Jaarverslag_2019_Zorggroep_Gelders_Rivierenland.pdf\" target=\"_blank\" rel=\"noreferrer noopener\">2019<\/a><\/li>\n\n\n\n<li><a href=\"https:\/\/haptiel.nl\/wp-content\/uploads\/sites\/27\/2023\/02\/jaarverslag-2018.pdf\" target=\"_blank\" rel=\"noreferrer noopener\">2018<\/a><\/li>\n\n\n\n<li><a href=\"https:\/\/haptiel.nl\/wp-content\/uploads\/sites\/27\/2023\/02\/Jaarverslag-2016-Huisartsenpost-Gelders-Rivierenland-HR.pdf\" target=\"_blank\" rel=\"noreferrer noopener\">2016<\/a><\/li>\n\n\n\n<li><a href=\"https:\/\/haptiel.nl\/wp-content\/uploads\/sites\/27\/2023\/02\/Jaarverslag-2015-Huisartsenpost-Gelders-Rivierenland-hr.pdf\" target=\"_blank\" rel=\"noreferrer noopener\">2015<\/a><\/li>\n\n\n\n<li><a href=\"https:\/\/haptiel.nl\/wp-content\/uploads\/sites\/27\/2023\/02\/jaarverslag_2014.pdf\" target=\"_blank\" rel=\"noreferrer noopener\">2014<\/a><\/li>\n\n\n\n<li><a href=\"https:\/\/haptiel.nl\/wp-content\/uploads\/sites\/27\/2023\/02\/jaarverslag_2013.pdf\" target=\"_blank\" rel=\"noreferrer noopener\">2013<\/a><\/li>\n\n\n\n<li><a href=\"https:\/\/haptiel.nl\/wp-content\/uploads\/sites\/27\/2023\/02\/jaarverslag_2012.pdf\" target=\"_blank\" rel=\"noreferrer noopener\">2012<\/a><\/li>\n\n\n\n<li><a href=\"https:\/\/haptiel.nl\/wp-content\/uploads\/sites\/27\/2023\/02\/jaarverslag_2011.pdf\" target=\"_blank\" rel=\"noreferrer noopener\">2011<\/a><\/li>\n\n\n\n<li><a href=\"https:\/\/haptiel.nl\/wp-content\/uploads\/sites\/27\/2023\/02\/jaarverslag_2010.pdf\" target=\"_blank\" rel=\"noreferrer noopener\">2010<\/a><\/li>\n\n\n\n<li><a href=\"https:\/\/haptiel.nl\/wp-content\/uploads\/sites\/27\/2023\/02\/jaarverslag_2009.pdf\" target=\"_blank\" rel=\"noreferrer noopener\">2009<\/a><\/li>\n\n\n\n<li><a href=\"https:\/\/haptiel.nl\/wp-content\/uploads\/sites\/27\/2023\/02\/jaarverslag_2008.pdf\" target=\"_blank\" rel=\"noreferrer noopener\">2008<\/a><\/li>\n<\/ul>\n\n\n\n<p><\/p>\n","protected":false},"excerpt":{"rendered":"","protected":false},"author":3,"featured_media":0,"parent":0,"menu_order":0,"comment_status":"closed","ping_status":"closed","template":"","meta":{"_acf_changed":false,"_trash_the_other_posts":false,"editor_notices":[],"footnotes":""},"class_list":["post-1923","page","type-page","status-publish","hentry"],"acf":[],"yoast_head":"<!-- This site is optimized with the Yoast SEO plugin v26.6 - https:\/\/yoast.com\/wordpress\/plugins\/seo\/ -->\n<title>Faaliyet raporlar\u0131 - Huisartsenspoedpost Tiel - T\u00fcrk\u00e7e<\/title>\n<meta name=\"description\" content=\"Onze jaarverslagen van Spoedpost Huisartsen Gelders Rivierenland elk jaar streven we naar het bieden van hoogwaardige zorg voor pati\u00ebnten.\" \/>\n<meta name=\"robots\" content=\"index, follow, max-snippet:-1, max-image-preview:large, max-video-preview:-1\" \/>\n<link rel=\"canonical\" href=\"https:\/\/haptiel.nl\/turkce\/jaarverslagen\/\" \/>\n<meta property=\"og:locale\" content=\"tr_TR\" \/>\n<meta property=\"og:type\" content=\"article\" \/>\n<meta property=\"og:title\" content=\"Faaliyet raporlar\u0131 - Huisartsenspoedpost Tiel - T\u00fcrk\u00e7e\" \/>\n<meta property=\"og:description\" content=\"Onze jaarverslagen van Spoedpost Huisartsen Gelders Rivierenland elk jaar streven we naar het bieden van hoogwaardige zorg voor pati\u00ebnten.\" \/>\n<meta property=\"og:url\" content=\"https:\/\/haptiel.nl\/turkce\/jaarverslagen\/\" \/>\n<meta property=\"og:site_name\" content=\"Huisartsenspoedpost Tiel - T\u00fcrk\u00e7e\" \/>\n<meta property=\"article:modified_time\" content=\"2025-07-23T10:34:52+00:00\" \/>\n<meta name=\"twitter:card\" content=\"summary_large_image\" \/>\n<meta name=\"twitter:label1\" content=\"Tahmini okuma s\u00fcresi\" \/>\n\t<meta name=\"twitter:data1\" content=\"1 dakika\" \/>\n<script type=\"application\/ld+json\" class=\"yoast-schema-graph\">{\"@context\":\"https:\/\/schema.org\",\"@graph\":[{\"@type\":\"WebPage\",\"@id\":\"https:\/\/haptiel.nl\/turkce\/jaarverslagen\/\",\"url\":\"https:\/\/haptiel.nl\/turkce\/jaarverslagen\/\",\"name\":\"Faaliyet raporlar\u0131 - Huisartsenspoedpost Tiel - T\u00fcrk\u00e7e\",\"isPartOf\":{\"@id\":\"https:\/\/haptiel.nl\/turkce\/#website\"},\"datePublished\":\"2023-02-07T13:19:43+00:00\",\"dateModified\":\"2025-07-23T10:34:52+00:00\",\"description\":\"Onze jaarverslagen van Spoedpost Huisartsen Gelders Rivierenland elk jaar streven we naar het bieden van hoogwaardige zorg voor pati\u00ebnten.\",\"breadcrumb\":{\"@id\":\"https:\/\/haptiel.nl\/turkce\/jaarverslagen\/#breadcrumb\"},\"inLanguage\":\"tr\",\"potentialAction\":[{\"@type\":\"ReadAction\",\"target\":[\"https:\/\/haptiel.nl\/turkce\/jaarverslagen\/\"]}]},{\"@type\":\"BreadcrumbList\",\"@id\":\"https:\/\/haptiel.nl\/turkce\/jaarverslagen\/#breadcrumb\",\"itemListElement\":[{\"@type\":\"ListItem\",\"position\":1,\"name\":\"Home\",\"item\":\"https:\/\/haptiel.nl\/turkce\/\"},{\"@type\":\"ListItem\",\"position\":2,\"name\":\"Jaarverslagen\"}]},{\"@type\":\"WebSite\",\"@id\":\"https:\/\/haptiel.nl\/turkce\/#website\",\"url\":\"https:\/\/haptiel.nl\/turkce\/\",\"name\":\"Huisartsenspoedpost Tiel - T\u00fcrk\u00e7e\",\"description\":\"\",\"potentialAction\":[{\"@type\":\"SearchAction\",\"target\":{\"@type\":\"EntryPoint\",\"urlTemplate\":\"https:\/\/haptiel.nl\/turkce\/?s={search_term_string}\"},\"query-input\":{\"@type\":\"PropertyValueSpecification\",\"valueRequired\":true,\"valueName\":\"search_term_string\"}}],\"inLanguage\":\"tr\"}]}<\/script>\n<!-- \/ Yoast SEO plugin. -->","yoast_head_json":{"title":"Faaliyet raporlar\u0131 - Huisartsenspoedpost Tiel - T\u00fcrk\u00e7e","description":"Onze jaarverslagen van Spoedpost Huisartsen Gelders Rivierenland elk jaar streven we naar het bieden van hoogwaardige zorg voor pati\u00ebnten.","robots":{"index":"index","follow":"follow","max-snippet":"max-snippet:-1","max-image-preview":"max-image-preview:large","max-video-preview":"max-video-preview:-1"},"canonical":"https:\/\/haptiel.nl\/turkce\/jaarverslagen\/","og_locale":"tr_TR","og_type":"article","og_title":"Faaliyet raporlar\u0131 - Huisartsenspoedpost Tiel - T\u00fcrk\u00e7e","og_description":"Onze jaarverslagen van Spoedpost Huisartsen Gelders Rivierenland elk jaar streven we naar het bieden van hoogwaardige zorg voor pati\u00ebnten.","og_url":"https:\/\/haptiel.nl\/turkce\/jaarverslagen\/","og_site_name":"Huisartsenspoedpost Tiel - T\u00fcrk\u00e7e","article_modified_time":"2025-07-23T10:34:52+00:00","twitter_card":"summary_large_image","twitter_misc":{"Tahmini okuma s\u00fcresi":"1 dakika"},"schema":{"@context":"https:\/\/schema.org","@graph":[{"@type":"WebPage","@id":"https:\/\/haptiel.nl\/turkce\/jaarverslagen\/","url":"https:\/\/haptiel.nl\/turkce\/jaarverslagen\/","name":"Faaliyet raporlar\u0131 - Huisartsenspoedpost Tiel - T\u00fcrk\u00e7e","isPartOf":{"@id":"https:\/\/haptiel.nl\/turkce\/#website"},"datePublished":"2023-02-07T13:19:43+00:00","dateModified":"2025-07-23T10:34:52+00:00","description":"Onze jaarverslagen van Spoedpost Huisartsen Gelders Rivierenland elk jaar streven we naar het bieden van hoogwaardige zorg voor pati\u00ebnten.","breadcrumb":{"@id":"https:\/\/haptiel.nl\/turkce\/jaarverslagen\/#breadcrumb"},"inLanguage":"tr","potentialAction":[{"@type":"ReadAction","target":["https:\/\/haptiel.nl\/turkce\/jaarverslagen\/"]}]},{"@type":"BreadcrumbList","@id":"https:\/\/haptiel.nl\/turkce\/jaarverslagen\/#breadcrumb","itemListElement":[{"@type":"ListItem","position":1,"name":"Home","item":"https:\/\/haptiel.nl\/turkce\/"},{"@type":"ListItem","position":2,"name":"Jaarverslagen"}]},{"@type":"WebSite","@id":"https:\/\/haptiel.nl\/turkce\/#website","url":"https:\/\/haptiel.nl\/turkce\/","name":"Huisartsenspoedpost Tiel - T\u00fcrk\u00e7e","description":"","potentialAction":[{"@type":"SearchAction","target":{"@type":"EntryPoint","urlTemplate":"https:\/\/haptiel.nl\/turkce\/?s={search_term_string}"},"query-input":{"@type":"PropertyValueSpecification","valueRequired":true,"valueName":"search_term_string"}}],"inLanguage":"tr"}]}},"_links":{"self":[{"href":"https:\/\/haptiel.nl\/turkce\/wp-json\/wp\/v2\/pages\/1923","targetHints":{"allow":["GET"]}}],"collection":[{"href":"https:\/\/haptiel.nl\/turkce\/wp-json\/wp\/v2\/pages"}],"about":[{"href":"https:\/\/haptiel.nl\/turkce\/wp-json\/wp\/v2\/types\/page"}],"author":[{"embeddable":true,"href":"https:\/\/haptiel.nl\/turkce\/wp-json\/wp\/v2\/users\/3"}],"replies":[{"embeddable":true,"href":"https:\/\/haptiel.nl\/turkce\/wp-json\/wp\/v2\/comments?post=1923"}],"version-history":[{"count":5,"href":"https:\/\/haptiel.nl\/turkce\/wp-json\/wp\/v2\/pages\/1923\/revisions"}],"predecessor-version":[{"id":4994,"href":"https:\/\/haptiel.nl\/turkce\/wp-json\/wp\/v2\/pages\/1923\/revisions\/4994"}],"wp:attachment":[{"href":"https:\/\/haptiel.nl\/turkce\/wp-json\/wp\/v2\/media?parent=1923"}],"curies":[{"name":"wp","href":"https:\/\/api.w.org\/{rel}","templated":true}]}}