{"id":2025,"date":"2023-02-07T15:05:51","date_gmt":"2023-02-07T14:05:51","guid":{"rendered":"https:\/\/multisite.mindd.dev\/hap-tiel\/?page_id=2025"},"modified":"2024-12-19T12:36:19","modified_gmt":"2024-12-19T11:36:19","slug":"nitelik","status":"publish","type":"page","link":"https:\/\/haptiel.nl\/turkce\/nitelik\/","title":{"rendered":"Nitelik"},"content":{"rendered":"\n<p>Acil Durum Pratisyen Hekimleri Gelders Rivierenland&#8217;da hastalar\u0131m\u0131za en iyi acil bak\u0131m\u0131 sa\u011flamaya \u00e7al\u0131\u015f\u0131yoruz. S\u00fcre\u00e7lerimizi her zaman ele\u015ftirir ve i\u015flerin nerede (bile) iyile\u015ftirilebilece\u011fine bakar\u0131z.<\/p>\n\n\n\n<p>Yasal y\u00fck\u00fcml\u00fcl\u00fcklere (Sa\u011fl\u0131k Hizmetlerinde Kalite, \u015eikayetler ve Anla\u015fmazl\u0131klar Yasas\u0131, Wkkgz dahil) ek olarak, Acil Bak\u0131m Zinciri kalite \u00e7er\u00e7evesinin standartlar\u0131n\u0131 kar\u015f\u0131l\u0131yoruz. Bu kalite \u00e7er\u00e7evesi, sa\u011fl\u0131k sekt\u00f6r\u00fcndeki taraflar\u0131n acil bak\u0131m ihtiyac\u0131 olan her hastaya haftan\u0131n 7 g\u00fcn\u00fc, g\u00fcn\u00fcn 24 saati kaliteli bak\u0131m sa\u011flamak i\u00e7in nas\u0131l birlikte \u00e7al\u0131\u015ft\u0131\u011f\u0131n\u0131 a\u00e7\u0131klar.<\/p>\n\n\n\n<p>Yukar\u0131daki standartlar\u0131 kar\u015f\u0131lad\u0131\u011f\u0131m\u0131z ger\u00e7e\u011fi kalite i\u015faretinden de anla\u015f\u0131lmaktad\u0131r. Bak\u0131m ve hizmetlerimizin kalitesi her y\u0131l ba\u011f\u0131ms\u0131z bir kurulu\u015f taraf\u0131ndan test edilmektedir.&nbsp; Mevcut NEN sertifikas\u0131n\u0131 g\u00f6r\u00fcnt\u00fclemek i\u00e7in a\u015fa\u011f\u0131daki QR kodunu g\u00f6r\u00fcnt\u00fcleyin.<\/p>\n\n\n\n<p>\n\n\n\n<figure class=\"wp-block-image size-full\"><img decoding=\"async\" width=\"193\" height=\"279\" src=\"https:\/\/haptiel.nl\/wp-content\/uploads\/sites\/27\/2024\/07\/thumbnail_image003.png\" alt=\"\" class=\"wp-image-4529\" \/><\/figure>\n\n\n\n<p><strong>Hasta memnuniyet anketi<\/strong><\/p>\n\n\n\n<p>Genel Acil Durum Bak\u0131m\u0131m\u0131zla ilgili deneyimlerinizi merak ediyoruz ve bu nedenle sizden bir anket doldurman\u0131z\u0131 rica ediyoruz. Verdi\u011finiz yan\u0131tlar bize, \u00f6\u011frenebilece\u011fimiz ve hizmetlerimizi geli\u015ftirmek i\u00e7in kullanabilece\u011fimiz yararl\u0131 bilgiler sa\u011flar. \u00a0Sorular, sizinle nas\u0131l konu\u015fuldu\u011funu, yeterince dinlenip dinlenmedi\u011finizi ve tavsiyeye veya (\u00f6nerilen) tedaviye kat\u0131l\u0131p kat\u0131lmad\u0131\u011f\u0131n\u0131z\u0131 i\u00e7erir.<\/p>\n\n\n\n<p>L\u00fctfen deneyimlerinizi bize iletin:&nbsp; <\/p>\n\n\n\n<ul class=\"wp-block-list\">\n<li>Yak\u0131n zamanda bir hasta olarak pratisyen hekim karakolunu ziyaret ettiniz mi veya aile hekimi sizi ziyaret etti mi? O zaman sizden <a href=\"https:\/\/forms.mijnnpa.nl\/240160450821040\" target=\"_blank\" rel=\"noreferrer noopener\">bu anketi<\/a>&nbsp;doldurman\u0131z\u0131&nbsp;rica ediyoruz.<\/li>\n<\/ul>\n\n\n\n<p>Anketin doldurulmas\u0131 yakla\u015f\u0131k 10 dakika s\u00fcrer ve anonimdir. Bu, girdi\u011finiz verilerin bir ki\u015fiye kadar izlenemeyece\u011fi anlam\u0131na gelir. <br><br>\u0130\u015fbirli\u011finiz i\u00e7in \u00e7ok te\u015fekk\u00fcr ederiz!<\/p>\n\n\n\n<p>\n\n\n\n<p>\n","protected":false},"excerpt":{"rendered":"<p>Acil Durum Pratisyen Hekimleri Gelders Rivierenland&#8217;da hastalar\u0131m\u0131za en iyi acil bak\u0131m\u0131 sa\u011flamaya \u00e7al\u0131\u015f\u0131yoruz. S\u00fcre\u00e7lerimizi her zaman ele\u015ftirir ve i\u015flerin nerede (bile) iyile\u015ftirilebilece\u011fine bakar\u0131z. Yasal y\u00fck\u00fcml\u00fcl\u00fcklere (Sa\u011fl\u0131k Hizmetlerinde Kalite, \u015eikayetler ve Anla\u015fmazl\u0131klar Yasas\u0131, Wkkgz dahil) ek olarak, Acil Bak\u0131m Zinciri kalite \u00e7er\u00e7evesinin standartlar\u0131n\u0131 kar\u015f\u0131l\u0131yoruz. Bu kalite \u00e7er\u00e7evesi, sa\u011fl\u0131k sekt\u00f6r\u00fcndeki taraflar\u0131n acil bak\u0131m ihtiyac\u0131 olan her hastaya [&hellip;]<\/p>\n","protected":false},"author":3,"featured_media":0,"parent":0,"menu_order":0,"comment_status":"closed","ping_status":"closed","template":"","meta":{"_acf_changed":false,"_trash_the_other_posts":false,"editor_notices":[],"footnotes":""},"class_list":["post-2025","page","type-page","status-publish","hentry"],"acf":[],"yoast_head":"<!-- This site is optimized with the Yoast SEO plugin v26.6 - https:\/\/yoast.com\/wordpress\/plugins\/seo\/ -->\n<title>Nitelik - Huisartsenspoedpost Tiel - T\u00fcrk\u00e7e<\/title>\n<meta name=\"description\" content=\"Op de Spoedpost Huisartsen Gelders Rivierenland streven we naar de beste zorg voor pati\u00ebnten. We zijn kritisch en kijken of het nog beter kan.\" \/>\n<meta name=\"robots\" content=\"index, follow, max-snippet:-1, max-image-preview:large, max-video-preview:-1\" \/>\n<link rel=\"canonical\" href=\"https:\/\/haptiel.nl\/turkce\/kwaliteit\/\" \/>\n<meta property=\"og:locale\" content=\"tr_TR\" \/>\n<meta property=\"og:type\" content=\"article\" \/>\n<meta property=\"og:title\" content=\"Nitelik - Huisartsenspoedpost Tiel - T\u00fcrk\u00e7e\" \/>\n<meta property=\"og:description\" content=\"Op de Spoedpost Huisartsen Gelders Rivierenland streven we naar de beste zorg voor pati\u00ebnten. We zijn kritisch en kijken of het nog beter kan.\" \/>\n<meta property=\"og:url\" content=\"https:\/\/haptiel.nl\/turkce\/kwaliteit\/\" \/>\n<meta property=\"og:site_name\" content=\"Huisartsenspoedpost Tiel - T\u00fcrk\u00e7e\" \/>\n<meta property=\"article:modified_time\" content=\"2024-12-19T11:36:19+00:00\" \/>\n<meta property=\"og:image\" content=\"https:\/\/haptiel.nl\/wp-content\/uploads\/sites\/27\/2024\/07\/thumbnail_image003.png\" \/>\n<meta name=\"twitter:card\" content=\"summary_large_image\" \/>\n<meta name=\"twitter:label1\" content=\"Tahmini okuma s\u00fcresi\" \/>\n\t<meta name=\"twitter:data1\" content=\"2 dakika\" \/>\n<script type=\"application\/ld+json\" class=\"yoast-schema-graph\">{\"@context\":\"https:\/\/schema.org\",\"@graph\":[{\"@type\":\"WebPage\",\"@id\":\"https:\/\/haptiel.nl\/turkce\/kwaliteit\/\",\"url\":\"https:\/\/haptiel.nl\/turkce\/kwaliteit\/\",\"name\":\"Nitelik - Huisartsenspoedpost Tiel - T\u00fcrk\u00e7e\",\"isPartOf\":{\"@id\":\"https:\/\/haptiel.nl\/turkce\/#website\"},\"primaryImageOfPage\":{\"@id\":\"https:\/\/haptiel.nl\/turkce\/kwaliteit\/#primaryimage\"},\"image\":{\"@id\":\"https:\/\/haptiel.nl\/turkce\/kwaliteit\/#primaryimage\"},\"thumbnailUrl\":\"https:\/\/haptiel.nl\/wp-content\/uploads\/sites\/27\/2024\/07\/thumbnail_image003.png\",\"datePublished\":\"2023-02-07T14:05:51+00:00\",\"dateModified\":\"2024-12-19T11:36:19+00:00\",\"description\":\"Op de Spoedpost Huisartsen Gelders Rivierenland streven we naar de beste zorg voor pati\u00ebnten. We zijn kritisch en kijken of het nog beter kan.\",\"breadcrumb\":{\"@id\":\"https:\/\/haptiel.nl\/turkce\/kwaliteit\/#breadcrumb\"},\"inLanguage\":\"tr\",\"potentialAction\":[{\"@type\":\"ReadAction\",\"target\":[\"https:\/\/haptiel.nl\/turkce\/kwaliteit\/\"]}]},{\"@type\":\"ImageObject\",\"inLanguage\":\"tr\",\"@id\":\"https:\/\/haptiel.nl\/turkce\/kwaliteit\/#primaryimage\",\"url\":\"https:\/\/haptiel.nl\/wp-content\/uploads\/sites\/27\/2024\/07\/thumbnail_image003.png\",\"contentUrl\":\"https:\/\/haptiel.nl\/wp-content\/uploads\/sites\/27\/2024\/07\/thumbnail_image003.png\"},{\"@type\":\"BreadcrumbList\",\"@id\":\"https:\/\/haptiel.nl\/turkce\/kwaliteit\/#breadcrumb\",\"itemListElement\":[{\"@type\":\"ListItem\",\"position\":1,\"name\":\"Home\",\"item\":\"https:\/\/haptiel.nl\/turkce\/\"},{\"@type\":\"ListItem\",\"position\":2,\"name\":\"Kwaliteit\"}]},{\"@type\":\"WebSite\",\"@id\":\"https:\/\/haptiel.nl\/turkce\/#website\",\"url\":\"https:\/\/haptiel.nl\/turkce\/\",\"name\":\"Huisartsenspoedpost Tiel - T\u00fcrk\u00e7e\",\"description\":\"\",\"potentialAction\":[{\"@type\":\"SearchAction\",\"target\":{\"@type\":\"EntryPoint\",\"urlTemplate\":\"https:\/\/haptiel.nl\/turkce\/?s={search_term_string}\"},\"query-input\":{\"@type\":\"PropertyValueSpecification\",\"valueRequired\":true,\"valueName\":\"search_term_string\"}}],\"inLanguage\":\"tr\"}]}<\/script>\n<!-- \/ Yoast SEO plugin. -->","yoast_head_json":{"title":"Nitelik - Huisartsenspoedpost Tiel - T\u00fcrk\u00e7e","description":"Op de Spoedpost Huisartsen Gelders Rivierenland streven we naar de beste zorg voor pati\u00ebnten. We zijn kritisch en kijken of het nog beter kan.","robots":{"index":"index","follow":"follow","max-snippet":"max-snippet:-1","max-image-preview":"max-image-preview:large","max-video-preview":"max-video-preview:-1"},"canonical":"https:\/\/haptiel.nl\/turkce\/kwaliteit\/","og_locale":"tr_TR","og_type":"article","og_title":"Nitelik - Huisartsenspoedpost Tiel - T\u00fcrk\u00e7e","og_description":"Op de Spoedpost Huisartsen Gelders Rivierenland streven we naar de beste zorg voor pati\u00ebnten. We zijn kritisch en kijken of het nog beter kan.","og_url":"https:\/\/haptiel.nl\/turkce\/kwaliteit\/","og_site_name":"Huisartsenspoedpost Tiel - T\u00fcrk\u00e7e","article_modified_time":"2024-12-19T11:36:19+00:00","og_image":[{"url":"https:\/\/haptiel.nl\/wp-content\/uploads\/sites\/27\/2024\/07\/thumbnail_image003.png","type":"","width":"","height":""}],"twitter_card":"summary_large_image","twitter_misc":{"Tahmini okuma s\u00fcresi":"2 dakika"},"schema":{"@context":"https:\/\/schema.org","@graph":[{"@type":"WebPage","@id":"https:\/\/haptiel.nl\/turkce\/kwaliteit\/","url":"https:\/\/haptiel.nl\/turkce\/kwaliteit\/","name":"Nitelik - Huisartsenspoedpost Tiel - T\u00fcrk\u00e7e","isPartOf":{"@id":"https:\/\/haptiel.nl\/turkce\/#website"},"primaryImageOfPage":{"@id":"https:\/\/haptiel.nl\/turkce\/kwaliteit\/#primaryimage"},"image":{"@id":"https:\/\/haptiel.nl\/turkce\/kwaliteit\/#primaryimage"},"thumbnailUrl":"https:\/\/haptiel.nl\/wp-content\/uploads\/sites\/27\/2024\/07\/thumbnail_image003.png","datePublished":"2023-02-07T14:05:51+00:00","dateModified":"2024-12-19T11:36:19+00:00","description":"Op de Spoedpost Huisartsen Gelders Rivierenland streven we naar de beste zorg voor pati\u00ebnten. We zijn kritisch en kijken of het nog beter kan.","breadcrumb":{"@id":"https:\/\/haptiel.nl\/turkce\/kwaliteit\/#breadcrumb"},"inLanguage":"tr","potentialAction":[{"@type":"ReadAction","target":["https:\/\/haptiel.nl\/turkce\/kwaliteit\/"]}]},{"@type":"ImageObject","inLanguage":"tr","@id":"https:\/\/haptiel.nl\/turkce\/kwaliteit\/#primaryimage","url":"https:\/\/haptiel.nl\/wp-content\/uploads\/sites\/27\/2024\/07\/thumbnail_image003.png","contentUrl":"https:\/\/haptiel.nl\/wp-content\/uploads\/sites\/27\/2024\/07\/thumbnail_image003.png"},{"@type":"BreadcrumbList","@id":"https:\/\/haptiel.nl\/turkce\/kwaliteit\/#breadcrumb","itemListElement":[{"@type":"ListItem","position":1,"name":"Home","item":"https:\/\/haptiel.nl\/turkce\/"},{"@type":"ListItem","position":2,"name":"Kwaliteit"}]},{"@type":"WebSite","@id":"https:\/\/haptiel.nl\/turkce\/#website","url":"https:\/\/haptiel.nl\/turkce\/","name":"Huisartsenspoedpost Tiel - T\u00fcrk\u00e7e","description":"","potentialAction":[{"@type":"SearchAction","target":{"@type":"EntryPoint","urlTemplate":"https:\/\/haptiel.nl\/turkce\/?s={search_term_string}"},"query-input":{"@type":"PropertyValueSpecification","valueRequired":true,"valueName":"search_term_string"}}],"inLanguage":"tr"}]}},"_links":{"self":[{"href":"https:\/\/haptiel.nl\/turkce\/wp-json\/wp\/v2\/pages\/2025","targetHints":{"allow":["GET"]}}],"collection":[{"href":"https:\/\/haptiel.nl\/turkce\/wp-json\/wp\/v2\/pages"}],"about":[{"href":"https:\/\/haptiel.nl\/turkce\/wp-json\/wp\/v2\/types\/page"}],"author":[{"embeddable":true,"href":"https:\/\/haptiel.nl\/turkce\/wp-json\/wp\/v2\/users\/3"}],"replies":[{"embeddable":true,"href":"https:\/\/haptiel.nl\/turkce\/wp-json\/wp\/v2\/comments?post=2025"}],"version-history":[{"count":5,"href":"https:\/\/haptiel.nl\/turkce\/wp-json\/wp\/v2\/pages\/2025\/revisions"}],"predecessor-version":[{"id":4915,"href":"https:\/\/haptiel.nl\/turkce\/wp-json\/wp\/v2\/pages\/2025\/revisions\/4915"}],"wp:attachment":[{"href":"https:\/\/haptiel.nl\/turkce\/wp-json\/wp\/v2\/media?parent=2025"}],"curies":[{"name":"wp","href":"https:\/\/api.w.org\/{rel}","templated":true}]}}