{"id":3401,"date":"2024-01-08T12:11:31","date_gmt":"2024-01-08T11:11:31","guid":{"rendered":"https:\/\/multisite.mindd.dev\/hap-tiel\/?page_id=3401"},"modified":"2024-12-19T12:36:12","modified_gmt":"2024-12-19T11:36:12","slug":"pratisyen-hekim-vekili","status":"publish","type":"page","link":"https:\/\/haptiel.nl\/turkce\/pratisyen-hekim-vekili\/","title":{"rendered":"Pratisyen hekim vekili"},"content":{"rendered":"\n<p><strong>G\u00f6zlemek<\/strong><br>Vekil bir pratisyen hekim misiniz ve Tiel&#8217;deki GP Acil Durum Merkezimizde \u00e7al\u0131\u015fmak ister misiniz?<br>Ekibimize kat\u0131lmaya davetlisiniz.<br>\u00a0<br>Bunun i\u00e7in ObserverApp \u00fczerinden kay\u0131t olabilirsiniz. <a href=\"https:\/\/waarneemapp.nl\/organizations\/4684\/applications\/29\/apply\">Bu ba\u011flant\u0131ya <\/a>t\u0131klayarak, yeni bir oyunculuk pratisyen hekimi olma prosed\u00fcr\u00fcnden ge\u00e7eceksiniz. Kabul ko\u015fullar\u0131 orada bildirilecektir.<br>ObserverApp&#8217;te sahip olmak istedi\u011finiz role ba\u011fl\u0131 olarak, bu genel prosed\u00fcrden ge\u00e7tikten sonra VIP G\u00f6zlemci, HIDHA veya Daimi Uygulama G\u00f6zlemcisi i\u00e7in bir prosed\u00fcrden ge\u00e7meniz gerekecektir.<br>\u00a0<br>T\u00fcm belgeleri tamamlad\u0131ktan sonra, size bir i\u015fe al\u0131m hizmeti se\u00e7me se\u00e7ene\u011fi sunaca\u011f\u0131z. \u0130lk kat\u0131l\u0131m hizmeti zorunlu de\u011fildir. Bir i\u015fe al\u0131m hizmetinin amac\u0131, sizi e-postam\u0131z\u0131n yan\u0131 s\u0131ra hasta sistemimiz Topicus ile tan\u0131\u015ft\u0131rmakt\u0131r.<br>\u00a0<br><strong>Zamanlama program\u0131<\/strong><br>Acil Durum Sonras\u0131 Pratisyen Hekimler, ObserverApp&#8217;in \u00fccretsiz programlama program\u0131n\u0131 kullan\u0131r. Zaten bir hesab\u0131n\u0131z var m\u0131? Daha sonra kabul prosed\u00fcr\u00fcnden ge\u00e7tikten sonra kabul sonras\u0131 kurulu\u015fumuzu takip etmeye ba\u015flayabilirsiniz. Hesab\u0131n\u0131z yok mu? <a href=\"https:\/\/waarneemapp.nl\/v\">Bu ba\u011flant\u0131<\/a> \u00fczerinden \u00fccretsiz bir hesap olu\u015fturabilirsiniz.<br>\u00a0<br><strong>VIPLive Acil Durum EPD&#8217;si (Topicus HAP)<\/strong><br>Gelders Rivierenland Acil Durum Postas\u0131&#8217;n\u0131n pratisyen hekimleri ve triyaj hem\u015fireleri, VIPLive Acil EPD triyaj sistemini (eski ad\u0131yla Topicus HAP) kullan\u0131r. Bu sistemde triyaj (NTS), kons\u00fcltasyon saatlerinin planlanmas\u0131, hasta verilerinin kay\u0131t alt\u0131na al\u0131nmas\u0131 ve transferi d\u00fczenlenmektedir.<br>\u00a0<br><strong>Antrenman<\/strong><br>Acil Durum Pratisyen Hekimleri, Gelders Rivierenland bak\u0131m grubunun bir par\u00e7as\u0131d\u0131r. E\u011fitim kurslar\u0131na ili\u015fkin g\u00fcncel bir genel bak\u0131\u015f\u0131 <a href=\"https:\/\/www.gezondrivierenland.nl\/scholingen\">burada<\/a> bulabilirsiniz<br>Buna ek olarak, Pratisyen Hekimler i\u00e7in Acil Durum \u0130stasyonunun kendisi de AED \/ Res\u00fcsitasyon ve \u00d6\u011frenme \u00c7ukurlar\u0131 gibi bir dizi e\u011fitim kursu d\u00fczenlemektedir. Buna e-posta ile davet edileceksiniz.<\/p>\n","protected":false},"excerpt":{"rendered":"<p>G\u00f6zlemekVekil bir pratisyen hekim misiniz ve Tiel&#8217;deki GP Acil Durum Merkezimizde \u00e7al\u0131\u015fmak ister misiniz?Ekibimize kat\u0131lmaya davetlisiniz.\u00a0Bunun i\u00e7in ObserverApp \u00fczerinden kay\u0131t olabilirsiniz. Bu ba\u011flant\u0131ya t\u0131klayarak, yeni bir oyunculuk pratisyen hekimi olma prosed\u00fcr\u00fcnden ge\u00e7eceksiniz. Kabul ko\u015fullar\u0131 orada bildirilecektir.ObserverApp&#8217;te sahip olmak istedi\u011finiz role ba\u011fl\u0131 olarak, bu genel prosed\u00fcrden ge\u00e7tikten sonra VIP G\u00f6zlemci, HIDHA veya Daimi Uygulama G\u00f6zlemcisi i\u00e7in [&hellip;]<\/p>\n","protected":false},"author":31,"featured_media":0,"parent":0,"menu_order":0,"comment_status":"closed","ping_status":"closed","template":"","meta":{"_acf_changed":false,"_trash_the_other_posts":false,"editor_notices":[],"footnotes":""},"class_list":["post-3401","page","type-page","status-publish","hentry"],"acf":[],"yoast_head":"<!-- This site is optimized with the Yoast SEO plugin v26.6 - https:\/\/yoast.com\/wordpress\/plugins\/seo\/ -->\n<title>Pratisyen hekim vekili - Huisartsenspoedpost Tiel - T\u00fcrk\u00e7e<\/title>\n<meta name=\"robots\" content=\"index, follow, max-snippet:-1, max-image-preview:large, max-video-preview:-1\" \/>\n<link rel=\"canonical\" href=\"https:\/\/haptiel.nl\/turkce\/waarnemend-huisarts\/\" \/>\n<meta property=\"og:locale\" content=\"tr_TR\" \/>\n<meta property=\"og:type\" content=\"article\" \/>\n<meta property=\"og:title\" content=\"Pratisyen hekim vekili - Huisartsenspoedpost Tiel - T\u00fcrk\u00e7e\" \/>\n<meta property=\"og:description\" content=\"G\u00f6zlemekVekil bir pratisyen hekim misiniz ve Tiel&#8217;deki GP Acil Durum Merkezimizde \u00e7al\u0131\u015fmak ister misiniz?Ekibimize kat\u0131lmaya davetlisiniz.\u00a0Bunun i\u00e7in ObserverApp \u00fczerinden kay\u0131t olabilirsiniz. Bu ba\u011flant\u0131ya t\u0131klayarak, yeni bir oyunculuk pratisyen hekimi olma prosed\u00fcr\u00fcnden ge\u00e7eceksiniz. Kabul ko\u015fullar\u0131 orada bildirilecektir.ObserverApp&#8217;te sahip olmak istedi\u011finiz role ba\u011fl\u0131 olarak, bu genel prosed\u00fcrden ge\u00e7tikten sonra VIP G\u00f6zlemci, HIDHA veya Daimi Uygulama G\u00f6zlemcisi i\u00e7in [&hellip;]\" \/>\n<meta property=\"og:url\" content=\"https:\/\/haptiel.nl\/turkce\/waarnemend-huisarts\/\" \/>\n<meta property=\"og:site_name\" content=\"Huisartsenspoedpost Tiel - T\u00fcrk\u00e7e\" \/>\n<meta property=\"article:modified_time\" content=\"2024-12-19T11:36:12+00:00\" \/>\n<meta name=\"twitter:card\" content=\"summary_large_image\" \/>\n<meta name=\"twitter:label1\" content=\"Tahmini okuma s\u00fcresi\" \/>\n\t<meta name=\"twitter:data1\" content=\"2 dakika\" \/>\n<script type=\"application\/ld+json\" class=\"yoast-schema-graph\">{\"@context\":\"https:\/\/schema.org\",\"@graph\":[{\"@type\":\"WebPage\",\"@id\":\"https:\/\/haptiel.nl\/turkce\/waarnemend-huisarts\/\",\"url\":\"https:\/\/haptiel.nl\/turkce\/waarnemend-huisarts\/\",\"name\":\"Pratisyen hekim vekili - Huisartsenspoedpost Tiel - T\u00fcrk\u00e7e\",\"isPartOf\":{\"@id\":\"https:\/\/haptiel.nl\/turkce\/#website\"},\"datePublished\":\"2024-01-08T11:11:31+00:00\",\"dateModified\":\"2024-12-19T11:36:12+00:00\",\"breadcrumb\":{\"@id\":\"https:\/\/haptiel.nl\/turkce\/waarnemend-huisarts\/#breadcrumb\"},\"inLanguage\":\"tr\",\"potentialAction\":[{\"@type\":\"ReadAction\",\"target\":[\"https:\/\/haptiel.nl\/turkce\/waarnemend-huisarts\/\"]}]},{\"@type\":\"BreadcrumbList\",\"@id\":\"https:\/\/haptiel.nl\/turkce\/waarnemend-huisarts\/#breadcrumb\",\"itemListElement\":[{\"@type\":\"ListItem\",\"position\":1,\"name\":\"Home\",\"item\":\"https:\/\/haptiel.nl\/turkce\/\"},{\"@type\":\"ListItem\",\"position\":2,\"name\":\"Waarnemend huisarts\"}]},{\"@type\":\"WebSite\",\"@id\":\"https:\/\/haptiel.nl\/turkce\/#website\",\"url\":\"https:\/\/haptiel.nl\/turkce\/\",\"name\":\"Huisartsenspoedpost Tiel - T\u00fcrk\u00e7e\",\"description\":\"\",\"potentialAction\":[{\"@type\":\"SearchAction\",\"target\":{\"@type\":\"EntryPoint\",\"urlTemplate\":\"https:\/\/haptiel.nl\/turkce\/?s={search_term_string}\"},\"query-input\":{\"@type\":\"PropertyValueSpecification\",\"valueRequired\":true,\"valueName\":\"search_term_string\"}}],\"inLanguage\":\"tr\"}]}<\/script>\n<!-- \/ Yoast SEO plugin. -->","yoast_head_json":{"title":"Pratisyen hekim vekili - Huisartsenspoedpost Tiel - T\u00fcrk\u00e7e","robots":{"index":"index","follow":"follow","max-snippet":"max-snippet:-1","max-image-preview":"max-image-preview:large","max-video-preview":"max-video-preview:-1"},"canonical":"https:\/\/haptiel.nl\/turkce\/waarnemend-huisarts\/","og_locale":"tr_TR","og_type":"article","og_title":"Pratisyen hekim vekili - Huisartsenspoedpost Tiel - T\u00fcrk\u00e7e","og_description":"G\u00f6zlemekVekil bir pratisyen hekim misiniz ve Tiel&#8217;deki GP Acil Durum Merkezimizde \u00e7al\u0131\u015fmak ister misiniz?Ekibimize kat\u0131lmaya davetlisiniz.\u00a0Bunun i\u00e7in ObserverApp \u00fczerinden kay\u0131t olabilirsiniz. Bu ba\u011flant\u0131ya t\u0131klayarak, yeni bir oyunculuk pratisyen hekimi olma prosed\u00fcr\u00fcnden ge\u00e7eceksiniz. Kabul ko\u015fullar\u0131 orada bildirilecektir.ObserverApp&#8217;te sahip olmak istedi\u011finiz role ba\u011fl\u0131 olarak, bu genel prosed\u00fcrden ge\u00e7tikten sonra VIP G\u00f6zlemci, HIDHA veya Daimi Uygulama G\u00f6zlemcisi i\u00e7in [&hellip;]","og_url":"https:\/\/haptiel.nl\/turkce\/waarnemend-huisarts\/","og_site_name":"Huisartsenspoedpost Tiel - T\u00fcrk\u00e7e","article_modified_time":"2024-12-19T11:36:12+00:00","twitter_card":"summary_large_image","twitter_misc":{"Tahmini okuma s\u00fcresi":"2 dakika"},"schema":{"@context":"https:\/\/schema.org","@graph":[{"@type":"WebPage","@id":"https:\/\/haptiel.nl\/turkce\/waarnemend-huisarts\/","url":"https:\/\/haptiel.nl\/turkce\/waarnemend-huisarts\/","name":"Pratisyen hekim vekili - Huisartsenspoedpost Tiel - T\u00fcrk\u00e7e","isPartOf":{"@id":"https:\/\/haptiel.nl\/turkce\/#website"},"datePublished":"2024-01-08T11:11:31+00:00","dateModified":"2024-12-19T11:36:12+00:00","breadcrumb":{"@id":"https:\/\/haptiel.nl\/turkce\/waarnemend-huisarts\/#breadcrumb"},"inLanguage":"tr","potentialAction":[{"@type":"ReadAction","target":["https:\/\/haptiel.nl\/turkce\/waarnemend-huisarts\/"]}]},{"@type":"BreadcrumbList","@id":"https:\/\/haptiel.nl\/turkce\/waarnemend-huisarts\/#breadcrumb","itemListElement":[{"@type":"ListItem","position":1,"name":"Home","item":"https:\/\/haptiel.nl\/turkce\/"},{"@type":"ListItem","position":2,"name":"Waarnemend huisarts"}]},{"@type":"WebSite","@id":"https:\/\/haptiel.nl\/turkce\/#website","url":"https:\/\/haptiel.nl\/turkce\/","name":"Huisartsenspoedpost Tiel - T\u00fcrk\u00e7e","description":"","potentialAction":[{"@type":"SearchAction","target":{"@type":"EntryPoint","urlTemplate":"https:\/\/haptiel.nl\/turkce\/?s={search_term_string}"},"query-input":{"@type":"PropertyValueSpecification","valueRequired":true,"valueName":"search_term_string"}}],"inLanguage":"tr"}]}},"_links":{"self":[{"href":"https:\/\/haptiel.nl\/turkce\/wp-json\/wp\/v2\/pages\/3401","targetHints":{"allow":["GET"]}}],"collection":[{"href":"https:\/\/haptiel.nl\/turkce\/wp-json\/wp\/v2\/pages"}],"about":[{"href":"https:\/\/haptiel.nl\/turkce\/wp-json\/wp\/v2\/types\/page"}],"author":[{"embeddable":true,"href":"https:\/\/haptiel.nl\/turkce\/wp-json\/wp\/v2\/users\/31"}],"replies":[{"embeddable":true,"href":"https:\/\/haptiel.nl\/turkce\/wp-json\/wp\/v2\/comments?post=3401"}],"version-history":[{"count":3,"href":"https:\/\/haptiel.nl\/turkce\/wp-json\/wp\/v2\/pages\/3401\/revisions"}],"predecessor-version":[{"id":4911,"href":"https:\/\/haptiel.nl\/turkce\/wp-json\/wp\/v2\/pages\/3401\/revisions\/4911"}],"wp:attachment":[{"href":"https:\/\/haptiel.nl\/turkce\/wp-json\/wp\/v2\/media?parent=3401"}],"curies":[{"name":"wp","href":"https:\/\/api.w.org\/{rel}","templated":true}]}}