{"id":4521,"date":"2024-07-23T20:25:29","date_gmt":"2024-07-23T18:25:29","guid":{"rendered":"https:\/\/haptiel.nl\/?page_id=4521"},"modified":"2024-12-19T12:35:54","modified_gmt":"2024-12-19T11:35:54","slug":"hasta-memnuniyet-anketi","status":"publish","type":"page","link":"https:\/\/haptiel.nl\/turkce\/hasta-memnuniyet-anketi\/","title":{"rendered":"Hasta memnuniyet anketi"},"content":{"rendered":"\n<p><strong>Fikriniz \u00f6nemlidir!<\/strong><\/p>\n\n\n\n<p>GP dire\u011fimiz <a rel=\"noreferrer noopener\" target=\"_blank\" href=\"http:\/\/www.hkz.nl\/\">HKZ<\/a> kalite i\u015faretini&nbsp;ta\u015f\u0131r. Bu, pratisyen hekim merkezimizin iyi organize edildi\u011fine, bak\u0131m kalitesinin y\u00fcksek oldu\u011funa ve size daha iyi ve daha iyi yard\u0131mc\u0131 olabilmek i\u00e7in geli\u015fmeye devam etti\u011fimize g\u00fcvenebilece\u011finiz anlam\u0131na gelir.&nbsp;<\/p>\n\n\n\n<p>Bak\u0131m\u0131m\u0131z\u0131 ve hizmetlerimizi nas\u0131l deneyimledi\u011finizi merak ediyoruz. Bu nedenle, temastan&nbsp;sonra (telefonla, bizi ziyaretiniz veya doktor ziyareti) bir anket doldurman\u0131z\u0131 rica ediyoruz. Fikriniz \u00f6nemlidir ve bize \u00f6\u011frenebilece\u011fimiz \u00f6nemli bilgiler verir.&nbsp;<\/p>\n\n\n\n<p><em><strong>Siz de ankete kat\u0131lmak ister misiniz?<\/strong><\/em><\/p>\n\n\n\n<ul class=\"wp-block-list\">\n<li>Yak\u0131n zamanda bir hasta olarak pratisyen hekim karakolunu ziyaret ettiniz mi veya aile hekimi sizi ziyaret etti mi? O zaman sizden <a href=\"https:\/\/forms.mijnnpa.nl\/240160450821040\" target=\"_blank\" rel=\"noreferrer noopener\">bu anketi<\/a> doldurman\u0131z\u0131 rica ediyoruz.<\/li>\n<\/ul>\n\n\n\n<p>Anketin doldurulmas\u0131 yakla\u015f\u0131k 10 dakika s\u00fcrer ve anonimdir. Bu, girdi\u011finiz verilerin bir ki\u015fiye kadar izlenemeyece\u011fi anlam\u0131na gelir. <br><br>\u0130\u015fbirli\u011finiz i\u00e7in \u00e7ok te\u015fekk\u00fcr ederiz!<\/p>\n","protected":false},"excerpt":{"rendered":"<p>Fikriniz \u00f6nemlidir! GP dire\u011fimiz HKZ kalite i\u015faretini&nbsp;ta\u015f\u0131r. Bu, pratisyen hekim merkezimizin iyi organize edildi\u011fine, bak\u0131m kalitesinin y\u00fcksek oldu\u011funa ve size daha iyi ve daha iyi yard\u0131mc\u0131 olabilmek i\u00e7in geli\u015fmeye devam etti\u011fimize g\u00fcvenebilece\u011finiz anlam\u0131na gelir.&nbsp; Bak\u0131m\u0131m\u0131z\u0131 ve hizmetlerimizi nas\u0131l deneyimledi\u011finizi merak ediyoruz. Bu nedenle, temastan&nbsp;sonra (telefonla, bizi ziyaretiniz veya doktor ziyareti) bir anket doldurman\u0131z\u0131 rica ediyoruz. [&hellip;]<\/p>\n","protected":false},"author":91,"featured_media":0,"parent":0,"menu_order":0,"comment_status":"closed","ping_status":"closed","template":"","meta":{"_acf_changed":false,"_trash_the_other_posts":false,"editor_notices":[],"footnotes":""},"class_list":["post-4521","page","type-page","status-publish","hentry"],"acf":[],"yoast_head":"<!-- This site is optimized with the Yoast SEO plugin v26.6 - https:\/\/yoast.com\/wordpress\/plugins\/seo\/ -->\n<title>Hasta memnuniyet anketi - Huisartsenspoedpost Tiel - T\u00fcrk\u00e7e<\/title>\n<meta name=\"robots\" content=\"index, follow, max-snippet:-1, max-image-preview:large, max-video-preview:-1\" \/>\n<link rel=\"canonical\" href=\"https:\/\/haptiel.nl\/turkce\/patient-tevredenheidsonderzoek\/\" \/>\n<meta property=\"og:locale\" content=\"tr_TR\" \/>\n<meta property=\"og:type\" content=\"article\" \/>\n<meta property=\"og:title\" content=\"Hasta memnuniyet anketi - Huisartsenspoedpost Tiel - T\u00fcrk\u00e7e\" \/>\n<meta property=\"og:description\" content=\"Fikriniz \u00f6nemlidir! GP dire\u011fimiz HKZ kalite i\u015faretini&nbsp;ta\u015f\u0131r. Bu, pratisyen hekim merkezimizin iyi organize edildi\u011fine, bak\u0131m kalitesinin y\u00fcksek oldu\u011funa ve size daha iyi ve daha iyi yard\u0131mc\u0131 olabilmek i\u00e7in geli\u015fmeye devam etti\u011fimize g\u00fcvenebilece\u011finiz anlam\u0131na gelir.&nbsp; Bak\u0131m\u0131m\u0131z\u0131 ve hizmetlerimizi nas\u0131l deneyimledi\u011finizi merak ediyoruz. Bu nedenle, temastan&nbsp;sonra (telefonla, bizi ziyaretiniz veya doktor ziyareti) bir anket doldurman\u0131z\u0131 rica ediyoruz. [&hellip;]\" \/>\n<meta property=\"og:url\" content=\"https:\/\/haptiel.nl\/turkce\/patient-tevredenheidsonderzoek\/\" \/>\n<meta property=\"og:site_name\" content=\"Huisartsenspoedpost Tiel - T\u00fcrk\u00e7e\" \/>\n<meta property=\"article:modified_time\" content=\"2024-12-19T11:35:54+00:00\" \/>\n<meta name=\"twitter:card\" content=\"summary_large_image\" \/>\n<meta name=\"twitter:label1\" content=\"Tahmini okuma s\u00fcresi\" \/>\n\t<meta name=\"twitter:data1\" content=\"1 dakika\" \/>\n<script type=\"application\/ld+json\" class=\"yoast-schema-graph\">{\"@context\":\"https:\/\/schema.org\",\"@graph\":[{\"@type\":\"WebPage\",\"@id\":\"https:\/\/haptiel.nl\/turkce\/patient-tevredenheidsonderzoek\/\",\"url\":\"https:\/\/haptiel.nl\/turkce\/patient-tevredenheidsonderzoek\/\",\"name\":\"Hasta memnuniyet anketi - Huisartsenspoedpost Tiel - T\u00fcrk\u00e7e\",\"isPartOf\":{\"@id\":\"https:\/\/haptiel.nl\/turkce\/#website\"},\"datePublished\":\"2024-07-23T18:25:29+00:00\",\"dateModified\":\"2024-12-19T11:35:54+00:00\",\"breadcrumb\":{\"@id\":\"https:\/\/haptiel.nl\/turkce\/patient-tevredenheidsonderzoek\/#breadcrumb\"},\"inLanguage\":\"tr\",\"potentialAction\":[{\"@type\":\"ReadAction\",\"target\":[\"https:\/\/haptiel.nl\/turkce\/patient-tevredenheidsonderzoek\/\"]}]},{\"@type\":\"BreadcrumbList\",\"@id\":\"https:\/\/haptiel.nl\/turkce\/patient-tevredenheidsonderzoek\/#breadcrumb\",\"itemListElement\":[{\"@type\":\"ListItem\",\"position\":1,\"name\":\"Home\",\"item\":\"https:\/\/haptiel.nl\/turkce\/\"},{\"@type\":\"ListItem\",\"position\":2,\"name\":\"Pati\u00ebnt tevredenheidsonderzoek\"}]},{\"@type\":\"WebSite\",\"@id\":\"https:\/\/haptiel.nl\/turkce\/#website\",\"url\":\"https:\/\/haptiel.nl\/turkce\/\",\"name\":\"Huisartsenspoedpost Tiel - T\u00fcrk\u00e7e\",\"description\":\"\",\"potentialAction\":[{\"@type\":\"SearchAction\",\"target\":{\"@type\":\"EntryPoint\",\"urlTemplate\":\"https:\/\/haptiel.nl\/turkce\/?s={search_term_string}\"},\"query-input\":{\"@type\":\"PropertyValueSpecification\",\"valueRequired\":true,\"valueName\":\"search_term_string\"}}],\"inLanguage\":\"tr\"}]}<\/script>\n<!-- \/ Yoast SEO plugin. -->","yoast_head_json":{"title":"Hasta memnuniyet anketi - Huisartsenspoedpost Tiel - T\u00fcrk\u00e7e","robots":{"index":"index","follow":"follow","max-snippet":"max-snippet:-1","max-image-preview":"max-image-preview:large","max-video-preview":"max-video-preview:-1"},"canonical":"https:\/\/haptiel.nl\/turkce\/patient-tevredenheidsonderzoek\/","og_locale":"tr_TR","og_type":"article","og_title":"Hasta memnuniyet anketi - Huisartsenspoedpost Tiel - T\u00fcrk\u00e7e","og_description":"Fikriniz \u00f6nemlidir! GP dire\u011fimiz HKZ kalite i\u015faretini&nbsp;ta\u015f\u0131r. Bu, pratisyen hekim merkezimizin iyi organize edildi\u011fine, bak\u0131m kalitesinin y\u00fcksek oldu\u011funa ve size daha iyi ve daha iyi yard\u0131mc\u0131 olabilmek i\u00e7in geli\u015fmeye devam etti\u011fimize g\u00fcvenebilece\u011finiz anlam\u0131na gelir.&nbsp; Bak\u0131m\u0131m\u0131z\u0131 ve hizmetlerimizi nas\u0131l deneyimledi\u011finizi merak ediyoruz. Bu nedenle, temastan&nbsp;sonra (telefonla, bizi ziyaretiniz veya doktor ziyareti) bir anket doldurman\u0131z\u0131 rica ediyoruz. [&hellip;]","og_url":"https:\/\/haptiel.nl\/turkce\/patient-tevredenheidsonderzoek\/","og_site_name":"Huisartsenspoedpost Tiel - T\u00fcrk\u00e7e","article_modified_time":"2024-12-19T11:35:54+00:00","twitter_card":"summary_large_image","twitter_misc":{"Tahmini okuma s\u00fcresi":"1 dakika"},"schema":{"@context":"https:\/\/schema.org","@graph":[{"@type":"WebPage","@id":"https:\/\/haptiel.nl\/turkce\/patient-tevredenheidsonderzoek\/","url":"https:\/\/haptiel.nl\/turkce\/patient-tevredenheidsonderzoek\/","name":"Hasta memnuniyet anketi - Huisartsenspoedpost Tiel - T\u00fcrk\u00e7e","isPartOf":{"@id":"https:\/\/haptiel.nl\/turkce\/#website"},"datePublished":"2024-07-23T18:25:29+00:00","dateModified":"2024-12-19T11:35:54+00:00","breadcrumb":{"@id":"https:\/\/haptiel.nl\/turkce\/patient-tevredenheidsonderzoek\/#breadcrumb"},"inLanguage":"tr","potentialAction":[{"@type":"ReadAction","target":["https:\/\/haptiel.nl\/turkce\/patient-tevredenheidsonderzoek\/"]}]},{"@type":"BreadcrumbList","@id":"https:\/\/haptiel.nl\/turkce\/patient-tevredenheidsonderzoek\/#breadcrumb","itemListElement":[{"@type":"ListItem","position":1,"name":"Home","item":"https:\/\/haptiel.nl\/turkce\/"},{"@type":"ListItem","position":2,"name":"Pati\u00ebnt tevredenheidsonderzoek"}]},{"@type":"WebSite","@id":"https:\/\/haptiel.nl\/turkce\/#website","url":"https:\/\/haptiel.nl\/turkce\/","name":"Huisartsenspoedpost Tiel - T\u00fcrk\u00e7e","description":"","potentialAction":[{"@type":"SearchAction","target":{"@type":"EntryPoint","urlTemplate":"https:\/\/haptiel.nl\/turkce\/?s={search_term_string}"},"query-input":{"@type":"PropertyValueSpecification","valueRequired":true,"valueName":"search_term_string"}}],"inLanguage":"tr"}]}},"_links":{"self":[{"href":"https:\/\/haptiel.nl\/turkce\/wp-json\/wp\/v2\/pages\/4521","targetHints":{"allow":["GET"]}}],"collection":[{"href":"https:\/\/haptiel.nl\/turkce\/wp-json\/wp\/v2\/pages"}],"about":[{"href":"https:\/\/haptiel.nl\/turkce\/wp-json\/wp\/v2\/types\/page"}],"author":[{"embeddable":true,"href":"https:\/\/haptiel.nl\/turkce\/wp-json\/wp\/v2\/users\/91"}],"replies":[{"embeddable":true,"href":"https:\/\/haptiel.nl\/turkce\/wp-json\/wp\/v2\/comments?post=4521"}],"version-history":[{"count":5,"href":"https:\/\/haptiel.nl\/turkce\/wp-json\/wp\/v2\/pages\/4521\/revisions"}],"predecessor-version":[{"id":4901,"href":"https:\/\/haptiel.nl\/turkce\/wp-json\/wp\/v2\/pages\/4521\/revisions\/4901"}],"wp:attachment":[{"href":"https:\/\/haptiel.nl\/turkce\/wp-json\/wp\/v2\/media?parent=4521"}],"curies":[{"name":"wp","href":"https:\/\/api.w.org\/{rel}","templated":true}]}}